{"id":16842,"date":"2025-09-30T08:07:18","date_gmt":"2025-09-30T08:07:18","guid":{"rendered":"https:\/\/scala.rzeszow.pl\/?page_id=16842"},"modified":"2025-10-02T07:57:13","modified_gmt":"2025-10-02T07:57:13","slug":"contatti","status":"publish","type":"page","link":"https:\/\/scala.rzeszow.pl\/it\/contatti\/contatti\/","title":{"rendered":"Monika \u015awizdor"},"content":{"rendered":"\t\t<div data-elementor-type=\"wp-page\" data-elementor-id=\"16842\" class=\"elementor elementor-16842 elementor-16839\" data-elementor-post-type=\"page\">\n\t\t\t\t<div class=\"elementor-element elementor-element-378bbe9 e-con-full e-flex e-con e-parent\" data-id=\"378bbe9\" data-element_type=\"container\" data-settings=\"{&quot;enable_glow_container&quot;:&quot;no&quot;}\">\n\t\t\t\t<div class=\"elementor-element elementor-element-2af5ea5 elementor-widget elementor-widget-heading\" data-id=\"2af5ea5\" data-element_type=\"widget\" data-settings=\"{&quot;custom-text-animation&quot;:&quot;type3&quot;}\" data-widget_type=\"heading.default\">\n\t\t\t\t<div class=\"elementor-widget-container\">\n\t\t\t\t\t<div data-animation-type=\"type3\" ><h2 class=\"elementor-heading-title elementor-size-default\">Monika \u015awizdor<\/h2><\/div>\t\t\t\t<\/div>\n\t\t\t\t<\/div>\n\t\t\t\t<\/div>\n\t\t<div class=\"elementor-element elementor-element-44276cc e-con-full e-flex e-con e-parent\" data-id=\"44276cc\" data-element_type=\"container\" data-settings=\"{&quot;enable_glow_container&quot;:&quot;no&quot;}\">\n\t\t<div class=\"elementor-element elementor-element-4e3e104 e-con-full e-flex e-con e-child\" data-id=\"4e3e104\" data-element_type=\"container\" data-settings=\"{&quot;background_background&quot;:&quot;classic&quot;,&quot;enable_glow_container&quot;:&quot;no&quot;}\">\n\t\t\t\t<div class=\"elementor-element elementor-element-0c12e27 elementor-widget elementor-widget-image\" data-id=\"0c12e27\" data-element_type=\"widget\" data-widget_type=\"image.default\">\n\t\t\t\t<div class=\"elementor-widget-container\">\n\t\t\t\t\t\t\t\t\t\t\t\t\t\t\t<img decoding=\"async\" src=\"https:\/\/scala.rzeszow.pl\/wp-content\/uploads\/2025\/06\/Monia-1.png\" title=\"\" alt=\"\" loading=\"lazy\" \/>\t\t\t\t\t\t\t\t\t\t\t\t\t\t\t<\/div>\n\t\t\t\t<\/div>\n\t\t\t\t<\/div>\n\t\t<div class=\"elementor-element elementor-element-288531b e-con-full e-flex e-con e-child\" data-id=\"288531b\" data-element_type=\"container\" data-settings=\"{&quot;background_background&quot;:&quot;classic&quot;,&quot;enable_glow_container&quot;:&quot;no&quot;}\">\n\t\t\t\t<div class=\"elementor-element elementor-element-e6395cd elementor-widget elementor-widget-heading\" data-id=\"e6395cd\" data-element_type=\"widget\" data-widget_type=\"heading.default\">\n\t\t\t\t<div class=\"elementor-widget-container\">\n\t\t\t\t\t<h2 class=\"elementor-heading-title elementor-size-default\">Monika \u015awizdor  <br><br>specialista del servizio clienti \n<\/h2>\t\t\t\t<\/div>\n\t\t\t\t<\/div>\n\t\t\t\t<div class=\"elementor-element elementor-element-f323941 elementor-widget elementor-widget-text-editor\" data-id=\"f323941\" data-element_type=\"widget\" data-widget_type=\"text-editor.default\">\n\t\t\t\t<div class=\"elementor-widget-container\">\n\t\t\t\t\t\t\t\t\t<p><a href=\"tel:602 399 723\">+48 602 399 723<\/a> <br><a href=\"http:\/\/oferty@scala.rzeszow.pl\">oferty@scala.rzeszow.pl<\/a><\/p>\t\t\t\t\t\t\t\t<\/div>\n\t\t\t\t<\/div>\n\t\t\t\t<\/div>\n\t\t\t\t<\/div>\n\t\t<div class=\"elementor-element elementor-element-9fe7f40 e-con-full elementor-hidden-desktop elementor-hidden-tablet elementor-hidden-mobile e-flex e-con e-parent\" data-id=\"9fe7f40\" data-element_type=\"container\" data-settings=\"{&quot;enable_glow_container&quot;:&quot;no&quot;}\">\n\t\t\t\t<div class=\"elementor-element elementor-element-27b9115 elementor-widget elementor-widget-heading\" data-id=\"27b9115\" data-element_type=\"widget\" data-settings=\"{&quot;custom-text-animation&quot;:&quot;type3&quot;}\" data-widget_type=\"heading.default\">\n\t\t\t\t<div class=\"elementor-widget-container\">\n\t\t\t\t\t<div data-animation-type=\"type3\" ><h2 class=\"elementor-heading-title elementor-size-default\">Niente pu\u00f2 sostituire una conversazione. Il nostro ufficio assistenza clienti sar\u00e0 lieto di rispondere alle tue domande. <\/h2><\/div>\t\t\t\t<\/div>\n\t\t\t\t<\/div>\n\t\t\t\t<\/div>\n\t\t<div class=\"elementor-element elementor-element-42d4807 e-con-full e-flex e-con e-parent\" data-id=\"42d4807\" data-element_type=\"container\" data-settings=\"{&quot;enable_glow_container&quot;:&quot;no&quot;}\">\n\t\t<div class=\"elementor-element elementor-element-65436cc e-con-full e-flex e-con e-child\" data-id=\"65436cc\" data-element_type=\"container\" data-settings=\"{&quot;background_background&quot;:&quot;classic&quot;,&quot;enable_glow_container&quot;:&quot;no&quot;}\">\n\t\t\t\t<div class=\"elementor-element elementor-element-d5fa13c elementor-widget elementor-widget-text-editor\" data-id=\"d5fa13c\" data-element_type=\"widget\" data-widget_type=\"text-editor.default\">\n\t\t\t\t<div class=\"elementor-widget-container\">\n\t\t\t\t\t\t\t\t\t<p>Ci trovi<br>nel voivodato della Precarpazia.<\/p>\t\t\t\t\t\t\t\t<\/div>\n\t\t\t\t<\/div>\n\t\t\t\t<div class=\"elementor-element elementor-element-e9ff693 elementor-widget elementor-widget-text-editor\" data-id=\"e9ff693\" data-element_type=\"widget\" data-widget_type=\"text-editor.default\">\n\t\t\t\t<div class=\"elementor-widget-container\">\n\t\t\t\t\t\t\t\t\t<p>Noi ti troveremo in qualsiasi angolo del mondo.<\/p>\t\t\t\t\t\t\t\t<\/div>\n\t\t\t\t<\/div>\n\t\t\t\t<div class=\"elementor-element elementor-element-40cabda elementor-align-left elementor-widget elementor-widget-button\" data-id=\"40cabda\" data-element_type=\"widget\" data-widget_type=\"button.default\">\n\t\t\t\t<div class=\"elementor-widget-container\">\n\t\t\t\t\t\t\t\t\t<div class=\"elementor-button-wrapper\">\n\t\t\t\t\t<a class=\"elementor-button elementor-button-link elementor-size-sm\" href=\"tel:+48608657836\u2028\">\n\t\t\t\t\t\t<span class=\"elementor-button-content-wrapper\">\n\t\t\t\t\t\t<span class=\"elementor-button-icon\">\n\t\t\t\t<i aria-hidden=\"true\" class=\"fas fa-phone-alt\"><\/i>\t\t\t<\/span>\n\t\t\t\t\t\t\t\t\t<span class=\"elementor-button-text\">Chiama ora<\/span>\n\t\t\t\t\t<\/span>\n\t\t\t\t\t<\/a>\n\t\t\t\t<\/div>\n\t\t\t\t\t\t\t\t<\/div>\n\t\t\t\t<\/div>\n\t\t\t\t<\/div>\n\t\t<div class=\"elementor-element elementor-element-1639b0a e-con-full e-flex e-con e-child\" data-id=\"1639b0a\" data-element_type=\"container\" data-settings=\"{&quot;background_background&quot;:&quot;classic&quot;,&quot;enable_glow_container&quot;:&quot;no&quot;}\">\n\t\t\t\t<div class=\"elementor-element elementor-element-bc7ca38 elementor-widget elementor-widget-google_maps\" data-id=\"bc7ca38\" data-element_type=\"widget\" data-widget_type=\"google_maps.default\">\n\t\t\t\t<div class=\"elementor-widget-container\">\n\t\t\t\t\t\t\t<div class=\"elementor-custom-embed\">\n\t\t\t<iframe loading=\"lazy\"\n\t\t\t\t\tsrc=\"https:\/\/maps.google.com\/maps?q=SCALA%20Producent%20znakowania&#038;t=m&#038;z=14&#038;output=embed&#038;iwloc=near\"\n\t\t\t\t\ttitle=\"SCALA Producent znakowania\"\n\t\t\t\t\taria-label=\"SCALA Producent znakowania\"\n\t\t\t><\/iframe>\n\t\t<\/div>\n\t\t\t\t\t\t<\/div>\n\t\t\t\t<\/div>\n\t\t\t\t<\/div>\n\t\t\t\t<\/div>\n\t\t<div class=\"elementor-element elementor-element-fb13028 e-con-full e-flex e-con e-parent\" data-id=\"fb13028\" data-element_type=\"container\" data-settings=\"{&quot;background_background&quot;:&quot;classic&quot;,&quot;enable_glow_container&quot;:&quot;no&quot;}\">\n\t\t<div class=\"elementor-element elementor-element-028ce65 e-flex e-con-boxed e-con e-child\" data-id=\"028ce65\" data-element_type=\"container\" data-settings=\"{&quot;enable_glow_container&quot;:&quot;no&quot;}\">\n\t\t\t\t\t<div class=\"e-con-inner\">\n\t\t\t\t<div class=\"elementor-element elementor-element-483b6c4 elementor-widget elementor-widget-text-editor\" data-id=\"483b6c4\" data-element_type=\"widget\" data-widget_type=\"text-editor.default\">\n\t\t\t\t<div class=\"elementor-widget-container\">\n\t\t\t\t\t\t\t\t\t<p>Sede legale:<\/p><p>SCALA Sp. z o.o. sp. k.  <\/p><p>Rakszawa 334<br>37-111 Rakszawa<\/p>\t\t\t\t\t\t\t\t<\/div>\n\t\t\t\t<\/div>\n\t\t\t\t<div class=\"elementor-element elementor-element-2b214ec elementor-widget elementor-widget-text-editor\" data-id=\"2b214ec\" data-element_type=\"widget\" data-widget_type=\"text-editor.default\">\n\t\t\t\t<div class=\"elementor-widget-container\">\n\t\t\t\t\t\t\t\t\t<p>Dati di registrazione\/fatturazione:<\/p><p>SCALA Sp. z o.o. sp\u00f3\u0142ka komandytowa <\/p><p>Via Syrokomli 1A<br>35-210 Rzesz\u00f3w <\/p><p>NIP: 873 28 46 120<br>Regon: 851812331<br>KRS: 0000432215<\/p>\t\t\t\t\t\t\t\t<\/div>\n\t\t\t\t<\/div>\n\t\t\t\t<div class=\"elementor-element elementor-element-8dd583d elementor-widget elementor-widget-text-editor\" data-id=\"8dd583d\" data-element_type=\"widget\" data-widget_type=\"text-editor.default\">\n\t\t\t\t<div class=\"elementor-widget-container\">\n\t\t\t\t\t\t\t\t\t<p>Registrato <br>nel Registro Nazionale dei Tribunali<br>in data 11\/09\/2012.<br>Tribunale di Rzesz\u00f3w, <br>XII Sezione Commerciale<br>del Registro Nazionale <br>dei Tribunali<br>Numero di protocollo <br>RZ.XII NS-REJ.KRS\/12768\/12\/997<br>Presidente del Consiglio di Amministrazione Tomasz Stachowicz<\/p>\t\t\t\t\t\t\t\t<\/div>\n\t\t\t\t<\/div>\n\t\t\t\t\t<\/div>\n\t\t\t\t<\/div>\n\t\t\t\t<\/div>\n\t\t\t\t<\/div>\n\t\t","protected":false},"excerpt":{"rendered":"<p>Monika \u015awizdor Monika \u015awizdor specialista del servizio clienti +48 602 399 723 oferty@scala.rzeszow.pl Niente pu\u00f2 sostituire una conversazione. Il nostro ufficio assistenza clienti sar\u00e0 lieto di rispondere alle tue domande. Ci trovinel voivodato della Precarpazia. Noi ti troveremo in qualsiasi angolo del mondo. Chiama ora Sede legale: SCALA Sp. z o.o. sp. k. Rakszawa 33437-111 [&hellip;]<\/p>\n","protected":false},"author":9,"featured_media":0,"parent":14387,"menu_order":0,"comment_status":"closed","ping_status":"closed","template":"","meta":{"iawp_total_views":6,"footnotes":""},"class_list":["post-16842","page","type-page","status-publish","hentry"],"yoast_head":"<!-- This site is optimized with the Yoast SEO Premium plugin v24.6 (Yoast SEO v25.9) - https:\/\/yoast.com\/wordpress\/plugins\/seo\/ -->\n<title>Monika \u015awizdor - Producent SCALA<\/title>\n<meta name=\"description\" content=\"Monika \u015awizdor Monika \u015awizdor specialista del servizio clienti +48 602 399 723 oferty@scala.rzeszow.pl Niente pu\u00f2 sostituire una conversazione. Il nostro\" \/>\n<meta name=\"robots\" content=\"index, follow, max-snippet:-1, max-image-preview:large, max-video-preview:-1\" \/>\n<link rel=\"canonical\" href=\"https:\/\/scala.rzeszow.pl\/it\/contatti\/contatti\/\" \/>\n<meta property=\"og:locale\" content=\"it_IT\" \/>\n<meta property=\"og:type\" content=\"article\" \/>\n<meta property=\"og:title\" content=\"Monika \u015awizdor\" \/>\n<meta property=\"og:description\" content=\"Monika \u015awizdor Monika \u015awizdor specialista del servizio clienti +48 602 399 723 oferty@scala.rzeszow.pl Niente pu\u00f2 sostituire una conversazione. Il nostro\" \/>\n<meta property=\"og:url\" content=\"https:\/\/scala.rzeszow.pl\/it\/contatti\/contatti\/\" \/>\n<meta property=\"og:site_name\" content=\"Producent SCALA\" \/>\n<meta property=\"article:publisher\" content=\"https:\/\/www.facebook.com\/ScalaBranding\/?fref=ts\" \/>\n<meta property=\"article:modified_time\" content=\"2025-10-02T07:57:13+00:00\" \/>\n<meta property=\"og:image\" content=\"https:\/\/scala.rzeszow.pl\/wp-content\/uploads\/2025\/06\/Monia-1.png\" \/>\n<meta name=\"twitter:card\" content=\"summary_large_image\" \/>\n<script type=\"application\/ld+json\" class=\"yoast-schema-graph\">{\"@context\":\"https:\/\/schema.org\",\"@graph\":[{\"@type\":\"WebPage\",\"@id\":\"https:\/\/scala.rzeszow.pl\/it\/contatti\/contatti\/\",\"url\":\"https:\/\/scala.rzeszow.pl\/it\/contatti\/contatti\/\",\"name\":\"Monika \u015awizdor - Producent SCALA\",\"isPartOf\":{\"@id\":\"https:\/\/scala.rzeszow.pl\/it\/#website\"},\"primaryImageOfPage\":{\"@id\":\"https:\/\/scala.rzeszow.pl\/it\/contatti\/contatti\/#primaryimage\"},\"image\":{\"@id\":\"https:\/\/scala.rzeszow.pl\/it\/contatti\/contatti\/#primaryimage\"},\"thumbnailUrl\":\"https:\/\/scala.rzeszow.pl\/wp-content\/uploads\/2025\/06\/Monia-1.png\",\"datePublished\":\"2025-09-30T08:07:18+00:00\",\"dateModified\":\"2025-10-02T07:57:13+00:00\",\"description\":\"Monika \u015awizdor Monika \u015awizdor specialista del servizio clienti +48 602 399 723 oferty@scala.rzeszow.pl Niente pu\u00f2 sostituire una conversazione. Il nostro\",\"breadcrumb\":{\"@id\":\"https:\/\/scala.rzeszow.pl\/it\/contatti\/contatti\/#breadcrumb\"},\"inLanguage\":\"it-IT\",\"potentialAction\":[{\"@type\":\"ReadAction\",\"target\":[\"https:\/\/scala.rzeszow.pl\/it\/contatti\/contatti\/\"]}]},{\"@type\":\"ImageObject\",\"inLanguage\":\"it-IT\",\"@id\":\"https:\/\/scala.rzeszow.pl\/it\/contatti\/contatti\/#primaryimage\",\"url\":\"https:\/\/scala.rzeszow.pl\/wp-content\/uploads\/2025\/06\/Monia-1.png\",\"contentUrl\":\"https:\/\/scala.rzeszow.pl\/wp-content\/uploads\/2025\/06\/Monia-1.png\"},{\"@type\":\"BreadcrumbList\",\"@id\":\"https:\/\/scala.rzeszow.pl\/it\/contatti\/contatti\/#breadcrumb\",\"itemListElement\":[{\"@type\":\"ListItem\",\"position\":1,\"name\":\"Strona g\u0142\u00f3wna\",\"item\":\"https:\/\/scala.rzeszow.pl\/it\/\"},{\"@type\":\"ListItem\",\"position\":2,\"name\":\"Contatti\",\"item\":\"https:\/\/scala.rzeszow.pl\/it\/contatti\/\"},{\"@type\":\"ListItem\",\"position\":3,\"name\":\"Monika \u015awizdor\"}]},{\"@type\":\"WebSite\",\"@id\":\"https:\/\/scala.rzeszow.pl\/it\/#website\",\"url\":\"https:\/\/scala.rzeszow.pl\/it\/\",\"name\":\"Scala\",\"description\":\"\",\"publisher\":{\"@id\":\"https:\/\/scala.rzeszow.pl\/it\/#organization\"},\"potentialAction\":[{\"@type\":\"SearchAction\",\"target\":{\"@type\":\"EntryPoint\",\"urlTemplate\":\"https:\/\/scala.rzeszow.pl\/it\/?s={search_term_string}\"},\"query-input\":{\"@type\":\"PropertyValueSpecification\",\"valueRequired\":true,\"valueName\":\"search_term_string\"}}],\"inLanguage\":\"it-IT\"},{\"@type\":\"Organization\",\"@id\":\"https:\/\/scala.rzeszow.pl\/it\/#organization\",\"name\":\"Scala\",\"url\":\"https:\/\/scala.rzeszow.pl\/it\/\",\"logo\":{\"@type\":\"ImageObject\",\"inLanguage\":\"it-IT\",\"@id\":\"https:\/\/scala.rzeszow.pl\/it\/#\/schema\/logo\/image\/\",\"url\":\"https:\/\/scala.rzeszow.pl\/wp-content\/uploads\/2024\/09\/logo-scala.svg\",\"contentUrl\":\"https:\/\/scala.rzeszow.pl\/wp-content\/uploads\/2024\/09\/logo-scala.svg\",\"width\":271,\"height\":67,\"caption\":\"Scala\"},\"image\":{\"@id\":\"https:\/\/scala.rzeszow.pl\/it\/#\/schema\/logo\/image\/\"},\"sameAs\":[\"https:\/\/www.facebook.com\/ScalaBranding\/?fref=ts\",\"https:\/\/www.linkedin.com\/company\/scalabranding\/\",\"https:\/\/www.instagram.com\/scala_branding\/\",\"https:\/\/www.youtube.com\/@scala_branding\"]}]}<\/script>\n<!-- \/ Yoast SEO Premium plugin. -->","yoast_head_json":{"title":"Monika \u015awizdor - Producent SCALA","description":"Monika \u015awizdor Monika \u015awizdor specialista del servizio clienti +48 602 399 723 oferty@scala.rzeszow.pl Niente pu\u00f2 sostituire una conversazione. Il nostro","robots":{"index":"index","follow":"follow","max-snippet":"max-snippet:-1","max-image-preview":"max-image-preview:large","max-video-preview":"max-video-preview:-1"},"canonical":"https:\/\/scala.rzeszow.pl\/it\/contatti\/contatti\/","og_locale":"it_IT","og_type":"article","og_title":"Monika \u015awizdor","og_description":"Monika \u015awizdor Monika \u015awizdor specialista del servizio clienti +48 602 399 723 oferty@scala.rzeszow.pl Niente pu\u00f2 sostituire una conversazione. Il nostro","og_url":"https:\/\/scala.rzeszow.pl\/it\/contatti\/contatti\/","og_site_name":"Producent SCALA","article_publisher":"https:\/\/www.facebook.com\/ScalaBranding\/?fref=ts","article_modified_time":"2025-10-02T07:57:13+00:00","og_image":[{"url":"https:\/\/scala.rzeszow.pl\/wp-content\/uploads\/2025\/06\/Monia-1.png","type":"","width":"","height":""}],"twitter_card":"summary_large_image","schema":{"@context":"https:\/\/schema.org","@graph":[{"@type":"WebPage","@id":"https:\/\/scala.rzeszow.pl\/it\/contatti\/contatti\/","url":"https:\/\/scala.rzeszow.pl\/it\/contatti\/contatti\/","name":"Monika \u015awizdor - Producent SCALA","isPartOf":{"@id":"https:\/\/scala.rzeszow.pl\/it\/#website"},"primaryImageOfPage":{"@id":"https:\/\/scala.rzeszow.pl\/it\/contatti\/contatti\/#primaryimage"},"image":{"@id":"https:\/\/scala.rzeszow.pl\/it\/contatti\/contatti\/#primaryimage"},"thumbnailUrl":"https:\/\/scala.rzeszow.pl\/wp-content\/uploads\/2025\/06\/Monia-1.png","datePublished":"2025-09-30T08:07:18+00:00","dateModified":"2025-10-02T07:57:13+00:00","description":"Monika \u015awizdor Monika \u015awizdor specialista del servizio clienti +48 602 399 723 oferty@scala.rzeszow.pl Niente pu\u00f2 sostituire una conversazione. Il nostro","breadcrumb":{"@id":"https:\/\/scala.rzeszow.pl\/it\/contatti\/contatti\/#breadcrumb"},"inLanguage":"it-IT","potentialAction":[{"@type":"ReadAction","target":["https:\/\/scala.rzeszow.pl\/it\/contatti\/contatti\/"]}]},{"@type":"ImageObject","inLanguage":"it-IT","@id":"https:\/\/scala.rzeszow.pl\/it\/contatti\/contatti\/#primaryimage","url":"https:\/\/scala.rzeszow.pl\/wp-content\/uploads\/2025\/06\/Monia-1.png","contentUrl":"https:\/\/scala.rzeszow.pl\/wp-content\/uploads\/2025\/06\/Monia-1.png"},{"@type":"BreadcrumbList","@id":"https:\/\/scala.rzeszow.pl\/it\/contatti\/contatti\/#breadcrumb","itemListElement":[{"@type":"ListItem","position":1,"name":"Strona g\u0142\u00f3wna","item":"https:\/\/scala.rzeszow.pl\/it\/"},{"@type":"ListItem","position":2,"name":"Contatti","item":"https:\/\/scala.rzeszow.pl\/it\/contatti\/"},{"@type":"ListItem","position":3,"name":"Monika \u015awizdor"}]},{"@type":"WebSite","@id":"https:\/\/scala.rzeszow.pl\/it\/#website","url":"https:\/\/scala.rzeszow.pl\/it\/","name":"Scala","description":"","publisher":{"@id":"https:\/\/scala.rzeszow.pl\/it\/#organization"},"potentialAction":[{"@type":"SearchAction","target":{"@type":"EntryPoint","urlTemplate":"https:\/\/scala.rzeszow.pl\/it\/?s={search_term_string}"},"query-input":{"@type":"PropertyValueSpecification","valueRequired":true,"valueName":"search_term_string"}}],"inLanguage":"it-IT"},{"@type":"Organization","@id":"https:\/\/scala.rzeszow.pl\/it\/#organization","name":"Scala","url":"https:\/\/scala.rzeszow.pl\/it\/","logo":{"@type":"ImageObject","inLanguage":"it-IT","@id":"https:\/\/scala.rzeszow.pl\/it\/#\/schema\/logo\/image\/","url":"https:\/\/scala.rzeszow.pl\/wp-content\/uploads\/2024\/09\/logo-scala.svg","contentUrl":"https:\/\/scala.rzeszow.pl\/wp-content\/uploads\/2024\/09\/logo-scala.svg","width":271,"height":67,"caption":"Scala"},"image":{"@id":"https:\/\/scala.rzeszow.pl\/it\/#\/schema\/logo\/image\/"},"sameAs":["https:\/\/www.facebook.com\/ScalaBranding\/?fref=ts","https:\/\/www.linkedin.com\/company\/scalabranding\/","https:\/\/www.instagram.com\/scala_branding\/","https:\/\/www.youtube.com\/@scala_branding"]}]}},"_links":{"self":[{"href":"https:\/\/scala.rzeszow.pl\/it\/wp-json\/wp\/v2\/pages\/16842","targetHints":{"allow":["GET"]}}],"collection":[{"href":"https:\/\/scala.rzeszow.pl\/it\/wp-json\/wp\/v2\/pages"}],"about":[{"href":"https:\/\/scala.rzeszow.pl\/it\/wp-json\/wp\/v2\/types\/page"}],"author":[{"embeddable":true,"href":"https:\/\/scala.rzeszow.pl\/it\/wp-json\/wp\/v2\/users\/9"}],"replies":[{"embeddable":true,"href":"https:\/\/scala.rzeszow.pl\/it\/wp-json\/wp\/v2\/comments?post=16842"}],"version-history":[{"count":10,"href":"https:\/\/scala.rzeszow.pl\/it\/wp-json\/wp\/v2\/pages\/16842\/revisions"}],"predecessor-version":[{"id":17767,"href":"https:\/\/scala.rzeszow.pl\/it\/wp-json\/wp\/v2\/pages\/16842\/revisions\/17767"}],"up":[{"embeddable":true,"href":"https:\/\/scala.rzeszow.pl\/it\/wp-json\/wp\/v2\/pages\/14387"}],"wp:attachment":[{"href":"https:\/\/scala.rzeszow.pl\/it\/wp-json\/wp\/v2\/media?parent=16842"}],"curies":[{"name":"wp","href":"https:\/\/api.w.org\/{rel}","templated":true}]}}