{"id":14826,"date":"2024-09-03T11:52:21","date_gmt":"2024-09-03T11:52:21","guid":{"rendered":"https:\/\/scala.rzeszow.pl\/grazie-grafica\/"},"modified":"2025-11-06T10:44:06","modified_gmt":"2025-11-06T10:44:06","slug":"grazie-grafica","status":"publish","type":"page","link":"https:\/\/scala.rzeszow.pl\/it\/grazie-grafica\/","title":{"rendered":"Grazie-grafica"},"content":{"rendered":"\t\t<div data-elementor-type=\"wp-page\" data-elementor-id=\"14826\" class=\"elementor elementor-14826 elementor-2898\" data-elementor-post-type=\"page\">\n\t\t\t\t<div class=\"elementor-element elementor-element-69dd426 e-con-full e-flex e-con e-parent\" data-id=\"69dd426\" data-element_type=\"container\" data-settings=\"{&quot;enable_glow_container&quot;:&quot;no&quot;}\">\n\t\t\t\t<div class=\"elementor-element elementor-element-d91a846 elementor-widget elementor-widget-heading\" data-id=\"d91a846\" data-element_type=\"widget\" data-widget_type=\"heading.default\">\n\t\t\t\t<div class=\"elementor-widget-container\">\n\t\t\t\t\t<h1 class=\"elementor-heading-title elementor-size-default\">Fatto! Il tuo messaggio \u00e8 gi\u00e0 nella nostra casella di posta. <\/h1>\t\t\t\t<\/div>\n\t\t\t\t<\/div>\n\t\t\t\t<div class=\"elementor-element elementor-element-b8f8c10 elementor-widget elementor-widget-heading\" data-id=\"b8f8c10\" data-element_type=\"widget\" data-widget_type=\"heading.default\">\n\t\t\t\t<div class=\"elementor-widget-container\">\n\t\t\t\t\t<p class=\"elementor-heading-title elementor-size-default\">Il nostro servizio clienti si occuper\u00e0 della tua richiesta il prima possibile. \n<br>Un referente dedicato ti contatter\u00e0 per preparare un'offerta dettagliata. <\/p>\t\t\t\t<\/div>\n\t\t\t\t<\/div>\n\t\t\t\t<\/div>\n\t\t\t\t<\/div>\n\t\t","protected":false},"excerpt":{"rendered":"<p>Fatto! Il tuo messaggio \u00e8 gi\u00e0 nella nostra casella di posta. Il nostro servizio clienti si occuper\u00e0 della tua richiesta il prima possibile. Un referente dedicato ti contatter\u00e0 per preparare un&#8217;offerta dettagliata.<\/p>\n","protected":false},"author":2,"featured_media":0,"parent":0,"menu_order":0,"comment_status":"closed","ping_status":"closed","template":"","meta":{"iawp_total_views":0,"footnotes":""},"class_list":["post-14826","page","type-page","status-publish","hentry"],"yoast_head":"<!-- This site is optimized with the Yoast SEO Premium plugin v24.6 (Yoast SEO v25.9) - https:\/\/yoast.com\/wordpress\/plugins\/seo\/ -->\n<title>Grazie-grafica - Producent SCALA<\/title>\n<meta name=\"description\" content=\"Fatto! Il tuo messaggio \u00e8 gi\u00e0 nella nostra casella di posta. Il nostro servizio clienti si occuper\u00e0 della tua richiesta il prima possibile. Un referente\" \/>\n<meta name=\"robots\" content=\"index, follow, max-snippet:-1, max-image-preview:large, max-video-preview:-1\" \/>\n<link rel=\"canonical\" href=\"https:\/\/scala.rzeszow.pl\/it\/grazie-grafica\/\" \/>\n<meta property=\"og:locale\" content=\"it_IT\" \/>\n<meta property=\"og:type\" content=\"article\" \/>\n<meta property=\"og:title\" content=\"Grazie-grafica\" \/>\n<meta property=\"og:description\" content=\"Fatto! Il tuo messaggio \u00e8 gi\u00e0 nella nostra casella di posta. Il nostro servizio clienti si occuper\u00e0 della tua richiesta il prima possibile. Un referente\" \/>\n<meta property=\"og:url\" content=\"https:\/\/scala.rzeszow.pl\/it\/grazie-grafica\/\" \/>\n<meta property=\"og:site_name\" content=\"Producent SCALA\" \/>\n<meta property=\"article:publisher\" content=\"https:\/\/www.facebook.com\/ScalaBranding\/?fref=ts\" \/>\n<meta property=\"article:modified_time\" content=\"2025-11-06T10:44:06+00:00\" \/>\n<meta name=\"twitter:card\" content=\"summary_large_image\" \/>\n<script type=\"application\/ld+json\" class=\"yoast-schema-graph\">{\"@context\":\"https:\/\/schema.org\",\"@graph\":[{\"@type\":\"WebPage\",\"@id\":\"https:\/\/scala.rzeszow.pl\/it\/grazie-grafica\/\",\"url\":\"https:\/\/scala.rzeszow.pl\/it\/grazie-grafica\/\",\"name\":\"Grazie-grafica - Producent SCALA\",\"isPartOf\":{\"@id\":\"https:\/\/scala.rzeszow.pl\/it\/#website\"},\"datePublished\":\"2024-09-03T11:52:21+00:00\",\"dateModified\":\"2025-11-06T10:44:06+00:00\",\"description\":\"Fatto! Il tuo messaggio \u00e8 gi\u00e0 nella nostra casella di posta. Il nostro servizio clienti si occuper\u00e0 della tua richiesta il prima possibile. Un referente\",\"breadcrumb\":{\"@id\":\"https:\/\/scala.rzeszow.pl\/it\/grazie-grafica\/#breadcrumb\"},\"inLanguage\":\"it-IT\",\"potentialAction\":[{\"@type\":\"ReadAction\",\"target\":[\"https:\/\/scala.rzeszow.pl\/it\/grazie-grafica\/\"]}]},{\"@type\":\"BreadcrumbList\",\"@id\":\"https:\/\/scala.rzeszow.pl\/it\/grazie-grafica\/#breadcrumb\",\"itemListElement\":[{\"@type\":\"ListItem\",\"position\":1,\"name\":\"Strona g\u0142\u00f3wna\",\"item\":\"https:\/\/scala.rzeszow.pl\/it\/\"},{\"@type\":\"ListItem\",\"position\":2,\"name\":\"Grazie-grafica\"}]},{\"@type\":\"WebSite\",\"@id\":\"https:\/\/scala.rzeszow.pl\/it\/#website\",\"url\":\"https:\/\/scala.rzeszow.pl\/it\/\",\"name\":\"Scala\",\"description\":\"\",\"publisher\":{\"@id\":\"https:\/\/scala.rzeszow.pl\/it\/#organization\"},\"potentialAction\":[{\"@type\":\"SearchAction\",\"target\":{\"@type\":\"EntryPoint\",\"urlTemplate\":\"https:\/\/scala.rzeszow.pl\/it\/?s={search_term_string}\"},\"query-input\":{\"@type\":\"PropertyValueSpecification\",\"valueRequired\":true,\"valueName\":\"search_term_string\"}}],\"inLanguage\":\"it-IT\"},{\"@type\":\"Organization\",\"@id\":\"https:\/\/scala.rzeszow.pl\/it\/#organization\",\"name\":\"Scala\",\"url\":\"https:\/\/scala.rzeszow.pl\/it\/\",\"logo\":{\"@type\":\"ImageObject\",\"inLanguage\":\"it-IT\",\"@id\":\"https:\/\/scala.rzeszow.pl\/it\/#\/schema\/logo\/image\/\",\"url\":\"https:\/\/scala.rzeszow.pl\/wp-content\/uploads\/2024\/09\/logo-scala.svg\",\"contentUrl\":\"https:\/\/scala.rzeszow.pl\/wp-content\/uploads\/2024\/09\/logo-scala.svg\",\"width\":271,\"height\":67,\"caption\":\"Scala\"},\"image\":{\"@id\":\"https:\/\/scala.rzeszow.pl\/it\/#\/schema\/logo\/image\/\"},\"sameAs\":[\"https:\/\/www.facebook.com\/ScalaBranding\/?fref=ts\",\"https:\/\/www.linkedin.com\/company\/scalabranding\/\",\"https:\/\/www.instagram.com\/scala_branding\/\",\"https:\/\/www.youtube.com\/@scala_branding\"]}]}<\/script>\n<!-- \/ Yoast SEO Premium plugin. -->","yoast_head_json":{"title":"Grazie-grafica - Producent SCALA","description":"Fatto! Il tuo messaggio \u00e8 gi\u00e0 nella nostra casella di posta. Il nostro servizio clienti si occuper\u00e0 della tua richiesta il prima possibile. Un referente","robots":{"index":"index","follow":"follow","max-snippet":"max-snippet:-1","max-image-preview":"max-image-preview:large","max-video-preview":"max-video-preview:-1"},"canonical":"https:\/\/scala.rzeszow.pl\/it\/grazie-grafica\/","og_locale":"it_IT","og_type":"article","og_title":"Grazie-grafica","og_description":"Fatto! Il tuo messaggio \u00e8 gi\u00e0 nella nostra casella di posta. Il nostro servizio clienti si occuper\u00e0 della tua richiesta il prima possibile. Un referente","og_url":"https:\/\/scala.rzeszow.pl\/it\/grazie-grafica\/","og_site_name":"Producent SCALA","article_publisher":"https:\/\/www.facebook.com\/ScalaBranding\/?fref=ts","article_modified_time":"2025-11-06T10:44:06+00:00","twitter_card":"summary_large_image","schema":{"@context":"https:\/\/schema.org","@graph":[{"@type":"WebPage","@id":"https:\/\/scala.rzeszow.pl\/it\/grazie-grafica\/","url":"https:\/\/scala.rzeszow.pl\/it\/grazie-grafica\/","name":"Grazie-grafica - Producent SCALA","isPartOf":{"@id":"https:\/\/scala.rzeszow.pl\/it\/#website"},"datePublished":"2024-09-03T11:52:21+00:00","dateModified":"2025-11-06T10:44:06+00:00","description":"Fatto! Il tuo messaggio \u00e8 gi\u00e0 nella nostra casella di posta. Il nostro servizio clienti si occuper\u00e0 della tua richiesta il prima possibile. Un referente","breadcrumb":{"@id":"https:\/\/scala.rzeszow.pl\/it\/grazie-grafica\/#breadcrumb"},"inLanguage":"it-IT","potentialAction":[{"@type":"ReadAction","target":["https:\/\/scala.rzeszow.pl\/it\/grazie-grafica\/"]}]},{"@type":"BreadcrumbList","@id":"https:\/\/scala.rzeszow.pl\/it\/grazie-grafica\/#breadcrumb","itemListElement":[{"@type":"ListItem","position":1,"name":"Strona g\u0142\u00f3wna","item":"https:\/\/scala.rzeszow.pl\/it\/"},{"@type":"ListItem","position":2,"name":"Grazie-grafica"}]},{"@type":"WebSite","@id":"https:\/\/scala.rzeszow.pl\/it\/#website","url":"https:\/\/scala.rzeszow.pl\/it\/","name":"Scala","description":"","publisher":{"@id":"https:\/\/scala.rzeszow.pl\/it\/#organization"},"potentialAction":[{"@type":"SearchAction","target":{"@type":"EntryPoint","urlTemplate":"https:\/\/scala.rzeszow.pl\/it\/?s={search_term_string}"},"query-input":{"@type":"PropertyValueSpecification","valueRequired":true,"valueName":"search_term_string"}}],"inLanguage":"it-IT"},{"@type":"Organization","@id":"https:\/\/scala.rzeszow.pl\/it\/#organization","name":"Scala","url":"https:\/\/scala.rzeszow.pl\/it\/","logo":{"@type":"ImageObject","inLanguage":"it-IT","@id":"https:\/\/scala.rzeszow.pl\/it\/#\/schema\/logo\/image\/","url":"https:\/\/scala.rzeszow.pl\/wp-content\/uploads\/2024\/09\/logo-scala.svg","contentUrl":"https:\/\/scala.rzeszow.pl\/wp-content\/uploads\/2024\/09\/logo-scala.svg","width":271,"height":67,"caption":"Scala"},"image":{"@id":"https:\/\/scala.rzeszow.pl\/it\/#\/schema\/logo\/image\/"},"sameAs":["https:\/\/www.facebook.com\/ScalaBranding\/?fref=ts","https:\/\/www.linkedin.com\/company\/scalabranding\/","https:\/\/www.instagram.com\/scala_branding\/","https:\/\/www.youtube.com\/@scala_branding"]}]}},"_links":{"self":[{"href":"https:\/\/scala.rzeszow.pl\/it\/wp-json\/wp\/v2\/pages\/14826","targetHints":{"allow":["GET"]}}],"collection":[{"href":"https:\/\/scala.rzeszow.pl\/it\/wp-json\/wp\/v2\/pages"}],"about":[{"href":"https:\/\/scala.rzeszow.pl\/it\/wp-json\/wp\/v2\/types\/page"}],"author":[{"embeddable":true,"href":"https:\/\/scala.rzeszow.pl\/it\/wp-json\/wp\/v2\/users\/2"}],"replies":[{"embeddable":true,"href":"https:\/\/scala.rzeszow.pl\/it\/wp-json\/wp\/v2\/comments?post=14826"}],"version-history":[{"count":3,"href":"https:\/\/scala.rzeszow.pl\/it\/wp-json\/wp\/v2\/pages\/14826\/revisions"}],"predecessor-version":[{"id":20183,"href":"https:\/\/scala.rzeszow.pl\/it\/wp-json\/wp\/v2\/pages\/14826\/revisions\/20183"}],"wp:attachment":[{"href":"https:\/\/scala.rzeszow.pl\/it\/wp-json\/wp\/v2\/media?parent=14826"}],"curies":[{"name":"wp","href":"https:\/\/api.w.org\/{rel}","templated":true}]}}