{"id":14766,"date":"2024-02-04T10:48:32","date_gmt":"2024-02-04T10:48:32","guid":{"rendered":"https:\/\/scala.rzeszow.pl\/indice\/"},"modified":"2025-07-22T22:18:25","modified_gmt":"2025-07-22T22:18:25","slug":"indice","status":"publish","type":"page","link":"https:\/\/scala.rzeszow.pl\/it\/indice\/","title":{"rendered":"Indice"},"content":{"rendered":"\t\t<div data-elementor-type=\"wp-page\" data-elementor-id=\"14766\" class=\"elementor elementor-14766 elementor-2192\" data-elementor-post-type=\"page\">\n\t\t\t\t<div class=\"elementor-element elementor-element-c3a8cf6 e-con-full e-flex e-con e-parent\" data-id=\"c3a8cf6\" data-element_type=\"container\" data-settings=\"{&quot;enable_glow_container&quot;:&quot;no&quot;}\">\n\t\t\t\t<div class=\"elementor-element elementor-element-65bc53a elementor-widget elementor-widget-heading\" data-id=\"65bc53a\" data-element_type=\"widget\" data-settings=\"{&quot;custom-text-animation&quot;:&quot;type3&quot;}\" data-widget_type=\"heading.default\">\n\t\t\t\t<div class=\"elementor-widget-container\">\n\t\t\t\t\t<div data-animation-type=\"type3\" ><h2 class=\"elementor-heading-title elementor-size-default\">Indice<\/h2><\/div>\t\t\t\t<\/div>\n\t\t\t\t<\/div>\n\t\t<div class=\"elementor-element elementor-element-5339449 e-con-full e-flex e-con e-child\" data-id=\"5339449\" data-element_type=\"container\" data-settings=\"{&quot;enable_glow_container&quot;:&quot;no&quot;}\">\n\t\t\t\t<div class=\"elementor-element elementor-element-746f38d elementor-grid-1 elementor-grid-tablet-1 elementor-grid-mobile-1 elementor-widget elementor-widget-loop-grid\" data-id=\"746f38d\" data-element_type=\"widget\" data-settings=\"{&quot;template_id&quot;:15163,&quot;columns&quot;:1,&quot;columns_tablet&quot;:1,&quot;_skin&quot;:&quot;post&quot;,&quot;columns_mobile&quot;:&quot;1&quot;,&quot;edit_handle_selector&quot;:&quot;[data-elementor-type=\\&quot;loop-item\\&quot;]&quot;,&quot;row_gap&quot;:{&quot;unit&quot;:&quot;px&quot;,&quot;size&quot;:&quot;&quot;,&quot;sizes&quot;:[]},&quot;row_gap_tablet&quot;:{&quot;unit&quot;:&quot;px&quot;,&quot;size&quot;:&quot;&quot;,&quot;sizes&quot;:[]},&quot;row_gap_mobile&quot;:{&quot;unit&quot;:&quot;px&quot;,&quot;size&quot;:&quot;&quot;,&quot;sizes&quot;:[]}}\" data-widget_type=\"loop-grid.post\">\n\t\t\t\t<div class=\"elementor-widget-container\">\n\t\t\t\t\t\t\t<div class=\"elementor-loop-container elementor-grid\" role=\"list\">\n\t\t<style id=\"loop-15163\">.elementor-15163 .elementor-element.elementor-element-82d82f2{--display:flex;--flex-direction:row;--container-widget-width:calc( ( 1 - var( --container-widget-flex-grow ) ) * 100% );--container-widget-height:100%;--container-widget-flex-grow:1;--container-widget-align-self:stretch;--flex-wrap-mobile:wrap;--align-items:center;--gap:5vw 5vw;--row-gap:5vw;--column-gap:5vw;border-style:solid;--border-style:solid;border-width:2px 0px 0px 0px;--border-top-width:2px;--border-right-width:0px;--border-bottom-width:0px;--border-left-width:0px;border-color:var( --e-global-color-accent );--border-color:var( --e-global-color-accent );--border-radius:1px 0px 0px 0px;--padding-top:2vw;--padding-bottom:2vw;--padding-left:2vw;--padding-right:2vw;}.elementor-15163 .elementor-element.elementor-element-82d82f2 [data-glow]{--border-light-opacity:1;}.elementor-15163 .elementor-element.elementor-element-85e6beb img{width:20vw;}.elementor-15163 .elementor-element.elementor-element-be1c957{--display:flex;}.elementor-15163 .elementor-element.elementor-element-be1c957 [data-glow]{--border-light-opacity:1;}.elementor-15163 .elementor-element.elementor-element-27a03c3 .elementor-heading-title{font-family:var( --e-global-typography-secondary-font-family ), Sans-serif;font-size:var( --e-global-typography-secondary-font-size );font-weight:var( --e-global-typography-secondary-font-weight );line-height:var( --e-global-typography-secondary-line-height );color:var( --e-global-color-primary );}.elementor-15163 .elementor-element.elementor-element-869a483 .elementor-widget-container{font-family:var( --e-global-typography-text-font-family ), Sans-serif;font-size:var( --e-global-typography-text-font-size );font-weight:var( --e-global-typography-text-font-weight );line-height:var( --e-global-typography-text-line-height );color:var( --e-global-color-secondary );}@media(min-width:768px){.elementor-15163 .elementor-element.elementor-element-be1c957{--width:70%;}}@media(max-width:1024px){.elementor-15163 .elementor-element.elementor-element-27a03c3 .elementor-heading-title{font-size:var( --e-global-typography-secondary-font-size );line-height:var( --e-global-typography-secondary-line-height );}.elementor-15163 .elementor-element.elementor-element-869a483 .elementor-widget-container{font-size:var( --e-global-typography-text-font-size );line-height:var( --e-global-typography-text-line-height );}}@media(max-width:767px){.elementor-15163 .elementor-element.elementor-element-27a03c3 .elementor-heading-title{font-size:var( --e-global-typography-secondary-font-size );line-height:var( --e-global-typography-secondary-line-height );}.elementor-15163 .elementor-element.elementor-element-869a483 .elementor-widget-container{font-size:var( --e-global-typography-text-font-size );line-height:var( --e-global-typography-text-line-height );}}<\/style>\t\t<div data-elementor-type=\"loop-item\" data-elementor-id=\"15163\" class=\"elementor elementor-15163 elementor-2380 e-loop-item e-loop-item-21084 post-21084 post type-post status-publish format-standard hentry category-senza-categoria\" data-elementor-post-type=\"elementor_library\" data-custom-edit-handle=\"1\">\n\t\t\t<a class=\"elementor-element elementor-element-82d82f2 e-con-full e-flex e-con e-parent\" data-id=\"82d82f2\" data-element_type=\"container\" data-settings=\"{&quot;enable_glow_container&quot;:&quot;no&quot;}\" href=\"https:\/\/scala.rzeszow.pl\/it\/come-progettare-etichette-per-abbigliamento-che-costruiscono-il-brand\/\">\n\t\t<div class=\"elementor-element elementor-element-be1c957 e-con-full e-flex e-con e-child\" data-id=\"be1c957\" data-element_type=\"container\" data-settings=\"{&quot;enable_glow_container&quot;:&quot;no&quot;}\">\n\t\t\t\t<div class=\"elementor-element elementor-element-27a03c3 elementor-widget elementor-widget-heading\" data-id=\"27a03c3\" data-element_type=\"widget\" data-widget_type=\"heading.default\">\n\t\t\t\t<div class=\"elementor-widget-container\">\n\t\t\t\t\t<h2 class=\"elementor-heading-title elementor-size-default\">Come progettare un&#8217;etichetta che vende?<\/h2>\t\t\t\t<\/div>\n\t\t\t\t<\/div>\n\t\t\t\t<div class=\"elementor-element elementor-element-869a483 elementor-widget elementor-widget-theme-post-excerpt\" data-id=\"869a483\" data-element_type=\"widget\" data-widget_type=\"theme-post-excerpt.default\">\n\t\t\t\t<div class=\"elementor-widget-container\">\n\t\t\t\t\tEtichette per abbigliamento, etichette jacquard, etichette con il nome dell'azienda: indipendentemente da come le si chiami, il loro ruolo principale \u00e8 rappresentare il marchio. Sono il biglietto da visita del marchio, che dovrebbe essere coerente con l'identit\u00e0 visiva del brand e riflettere i valori presentati dal marchio. \t\t\t\t<\/div>\n\t\t\t\t<\/div>\n\t\t\t\t<\/div>\n\t\t\t\t<\/a>\n\t\t\t\t<\/div>\n\t\t\t\t<div data-elementor-type=\"loop-item\" data-elementor-id=\"15163\" class=\"elementor elementor-15163 elementor-2380 e-loop-item e-loop-item-21064 post-21064 post type-post status-publish format-standard hentry category-senza-categoria\" data-elementor-post-type=\"elementor_library\" data-custom-edit-handle=\"1\">\n\t\t\t<a class=\"elementor-element elementor-element-82d82f2 e-con-full e-flex e-con e-parent\" data-id=\"82d82f2\" data-element_type=\"container\" data-settings=\"{&quot;enable_glow_container&quot;:&quot;no&quot;}\" href=\"https:\/\/scala.rzeszow.pl\/it\/come-evitare-che-i-clienti-taglino-le-etichette-una-guida-completa-per-i-marchi-di-moda-2\/\">\n\t\t<div class=\"elementor-element elementor-element-be1c957 e-con-full e-flex e-con e-child\" data-id=\"be1c957\" data-element_type=\"container\" data-settings=\"{&quot;enable_glow_container&quot;:&quot;no&quot;}\">\n\t\t\t\t<div class=\"elementor-element elementor-element-27a03c3 elementor-widget elementor-widget-heading\" data-id=\"27a03c3\" data-element_type=\"widget\" data-widget_type=\"heading.default\">\n\t\t\t\t<div class=\"elementor-widget-container\">\n\t\t\t\t\t<h2 class=\"elementor-heading-title elementor-size-default\">Come progettare etichette per abbigliamento che costruiscono il brand?<\/h2>\t\t\t\t<\/div>\n\t\t\t\t<\/div>\n\t\t\t\t<div class=\"elementor-element elementor-element-869a483 elementor-widget elementor-widget-theme-post-excerpt\" data-id=\"869a483\" data-element_type=\"widget\" data-widget_type=\"theme-post-excerpt.default\">\n\t\t\t\t<div class=\"elementor-widget-container\">\n\t\t\t\t\tEtichette per abbigliamento, etichette jacquard, etichette con il nome dell'azienda: indipendentemente da come le si chiami, il loro ruolo principale \u00e8 rappresentare il marchio. Sono il biglietto da visita del marchio, che dovrebbe essere coerente con l'identit\u00e0 visiva del brand e riflettere i valori presentati dal marchio. \t\t\t\t<\/div>\n\t\t\t\t<\/div>\n\t\t\t\t<\/div>\n\t\t\t\t<\/a>\n\t\t\t\t<\/div>\n\t\t\t\t<div data-elementor-type=\"loop-item\" data-elementor-id=\"15163\" class=\"elementor elementor-15163 elementor-2380 e-loop-item e-loop-item-21045 post-21045 post type-post status-publish format-standard hentry\" data-elementor-post-type=\"elementor_library\" data-custom-edit-handle=\"1\">\n\t\t\t<a class=\"elementor-element elementor-element-82d82f2 e-con-full e-flex e-con e-parent\" data-id=\"82d82f2\" data-element_type=\"container\" data-settings=\"{&quot;enable_glow_container&quot;:&quot;no&quot;}\" href=\"https:\/\/scala.rzeszow.pl\/it\/quali-tendenze-saranno-di-moda-nel-2026-2\/\">\n\t\t<div class=\"elementor-element elementor-element-be1c957 e-con-full e-flex e-con e-child\" data-id=\"be1c957\" data-element_type=\"container\" data-settings=\"{&quot;enable_glow_container&quot;:&quot;no&quot;}\">\n\t\t\t\t<div class=\"elementor-element elementor-element-27a03c3 elementor-widget elementor-widget-heading\" data-id=\"27a03c3\" data-element_type=\"widget\" data-widget_type=\"heading.default\">\n\t\t\t\t<div class=\"elementor-widget-container\">\n\t\t\t\t\t<h2 class=\"elementor-heading-title elementor-size-default\">Come progettare etichette per abbigliamento che costruiscono il brand?<\/h2>\t\t\t\t<\/div>\n\t\t\t\t<\/div>\n\t\t\t\t<div class=\"elementor-element elementor-element-869a483 elementor-widget elementor-widget-theme-post-excerpt\" data-id=\"869a483\" data-element_type=\"widget\" data-widget_type=\"theme-post-excerpt.default\">\n\t\t\t\t<div class=\"elementor-widget-container\">\n\t\t\t\t\tEtichette per abbigliamento, etichette jacquard, etichette con il nome dell'azienda: indipendentemente da come le si chiami, il loro ruolo principale \u00e8 rappresentare il marchio. Sono il biglietto da visita del marchio, che dovrebbe essere coerente con l'identit\u00e0 visiva del brand e riflettere i valori presentati dal marchio. \t\t\t\t<\/div>\n\t\t\t\t<\/div>\n\t\t\t\t<\/div>\n\t\t\t\t<\/a>\n\t\t\t\t<\/div>\n\t\t\t\t<div data-elementor-type=\"loop-item\" data-elementor-id=\"15163\" class=\"elementor elementor-15163 elementor-2380 e-loop-item e-loop-item-21035 post-21035 post type-post status-publish format-standard hentry\" data-elementor-post-type=\"elementor_library\" data-custom-edit-handle=\"1\">\n\t\t\t<a class=\"elementor-element elementor-element-82d82f2 e-con-full e-flex e-con e-parent\" data-id=\"82d82f2\" data-element_type=\"container\" data-settings=\"{&quot;enable_glow_container&quot;:&quot;no&quot;}\" href=\"https:\/\/scala.rzeszow.pl\/it\/quali-tendenze-saranno-di-moda-nel-2026\/\">\n\t\t<div class=\"elementor-element elementor-element-be1c957 e-con-full e-flex e-con e-child\" data-id=\"be1c957\" data-element_type=\"container\" data-settings=\"{&quot;enable_glow_container&quot;:&quot;no&quot;}\">\n\t\t\t\t<div class=\"elementor-element elementor-element-27a03c3 elementor-widget elementor-widget-heading\" data-id=\"27a03c3\" data-element_type=\"widget\" data-widget_type=\"heading.default\">\n\t\t\t\t<div class=\"elementor-widget-container\">\n\t\t\t\t\t<h2 class=\"elementor-heading-title elementor-size-default\">Quali tendenze saranno di moda nel 2026?<\/h2>\t\t\t\t<\/div>\n\t\t\t\t<\/div>\n\t\t\t\t<div class=\"elementor-element elementor-element-869a483 elementor-widget elementor-widget-theme-post-excerpt\" data-id=\"869a483\" data-element_type=\"widget\" data-widget_type=\"theme-post-excerpt.default\">\n\t\t\t\t<div class=\"elementor-widget-container\">\n\t\t\t\t\tEtichette per abbigliamento, etichette jacquard, etichette con il nome dell'azienda: indipendentemente da come le si chiami, il loro ruolo principale \u00e8 rappresentare il marchio. Sono il biglietto da visita del marchio, che dovrebbe essere coerente con l'identit\u00e0 visiva del brand e riflettere i valori presentati dal marchio. \t\t\t\t<\/div>\n\t\t\t\t<\/div>\n\t\t\t\t<\/div>\n\t\t\t\t<\/a>\n\t\t\t\t<\/div>\n\t\t\t\t<div data-elementor-type=\"loop-item\" data-elementor-id=\"15163\" class=\"elementor elementor-15163 elementor-2380 e-loop-item e-loop-item-21007 post-21007 post type-post status-publish format-standard hentry category-senza-categoria\" data-elementor-post-type=\"elementor_library\" data-custom-edit-handle=\"1\">\n\t\t\t<a class=\"elementor-element elementor-element-82d82f2 e-con-full e-flex e-con e-parent\" data-id=\"82d82f2\" data-element_type=\"container\" data-settings=\"{&quot;enable_glow_container&quot;:&quot;no&quot;}\" href=\"https:\/\/scala.rzeszow.pl\/it\/come-evitare-che-i-clienti-taglino-le-etichette-una-guida-completa-per-i-marchi-di-moda\/\">\n\t\t<div class=\"elementor-element elementor-element-be1c957 e-con-full e-flex e-con e-child\" data-id=\"be1c957\" data-element_type=\"container\" data-settings=\"{&quot;enable_glow_container&quot;:&quot;no&quot;}\">\n\t\t\t\t<div class=\"elementor-element elementor-element-27a03c3 elementor-widget elementor-widget-heading\" data-id=\"27a03c3\" data-element_type=\"widget\" data-widget_type=\"heading.default\">\n\t\t\t\t<div class=\"elementor-widget-container\">\n\t\t\t\t\t<h2 class=\"elementor-heading-title elementor-size-default\">Quali tendenze saranno di moda nel 2026?<\/h2>\t\t\t\t<\/div>\n\t\t\t\t<\/div>\n\t\t\t\t<div class=\"elementor-element elementor-element-869a483 elementor-widget elementor-widget-theme-post-excerpt\" data-id=\"869a483\" data-element_type=\"widget\" data-widget_type=\"theme-post-excerpt.default\">\n\t\t\t\t<div class=\"elementor-widget-container\">\n\t\t\t\t\tEtichette per abbigliamento, etichette jacquard, etichette con il nome dell'azienda: indipendentemente da come le si chiami, il loro ruolo principale \u00e8 rappresentare il marchio. Sono il biglietto da visita del marchio, che dovrebbe essere coerente con l'identit\u00e0 visiva del brand e riflettere i valori presentati dal marchio. \t\t\t\t<\/div>\n\t\t\t\t<\/div>\n\t\t\t\t<\/div>\n\t\t\t\t<\/a>\n\t\t\t\t<\/div>\n\t\t\t\t<div data-elementor-type=\"loop-item\" data-elementor-id=\"15163\" class=\"elementor elementor-15163 elementor-2380 e-loop-item e-loop-item-20616 post-20616 post type-post status-publish format-standard has-post-thumbnail hentry\" data-elementor-post-type=\"elementor_library\" data-custom-edit-handle=\"1\">\n\t\t\t<a class=\"elementor-element elementor-element-82d82f2 e-con-full e-flex e-con e-parent\" data-id=\"82d82f2\" data-element_type=\"container\" data-settings=\"{&quot;enable_glow_container&quot;:&quot;no&quot;}\" href=\"https:\/\/scala.rzeszow.pl\/it\/quali-etichette-saranno-di-moda-nel-2026-tendenze-nelle-etichette-jacquard-e-negli-accessori-tessuti\/\">\n\t\t\t\t<div class=\"elementor-element elementor-element-85e6beb elementor-widget elementor-widget-image\" data-id=\"85e6beb\" data-element_type=\"widget\" data-widget_type=\"image.default\">\n\t\t\t\t<div class=\"elementor-widget-container\">\n\t\t\t\t\t\t\t\t\t\t\t\t\t\t\t<img fetchpriority=\"high\" decoding=\"async\" width=\"725\" height=\"1024\" src=\"https:\/\/scala.rzeszow.pl\/wp-content\/uploads\/2025\/12\/111-725x1024.png\" class=\"attachment-large size-large wp-image-20701\" alt=\"\" srcset=\"https:\/\/scala.rzeszow.pl\/wp-content\/uploads\/2025\/12\/111-725x1024.png 725w, https:\/\/scala.rzeszow.pl\/wp-content\/uploads\/2025\/12\/111-212x300.png 212w, https:\/\/scala.rzeszow.pl\/wp-content\/uploads\/2025\/12\/111-768x1085.png 768w, https:\/\/scala.rzeszow.pl\/wp-content\/uploads\/2025\/12\/111-1087x1536.png 1087w, https:\/\/scala.rzeszow.pl\/wp-content\/uploads\/2025\/12\/111-1449x2048.png 1449w, https:\/\/scala.rzeszow.pl\/wp-content\/uploads\/2025\/12\/111-600x848.png 600w, https:\/\/scala.rzeszow.pl\/wp-content\/uploads\/2025\/12\/111-scaled.png 1811w\" sizes=\"(max-width: 725px) 100vw, 725px\" \/>\t\t\t\t\t\t\t\t\t\t\t\t\t\t\t<\/div>\n\t\t\t\t<\/div>\n\t\t<div class=\"elementor-element elementor-element-be1c957 e-con-full e-flex e-con e-child\" data-id=\"be1c957\" data-element_type=\"container\" data-settings=\"{&quot;enable_glow_container&quot;:&quot;no&quot;}\">\n\t\t\t\t<div class=\"elementor-element elementor-element-27a03c3 elementor-widget elementor-widget-heading\" data-id=\"27a03c3\" data-element_type=\"widget\" data-widget_type=\"heading.default\">\n\t\t\t\t<div class=\"elementor-widget-container\">\n\t\t\t\t\t<h2 class=\"elementor-heading-title elementor-size-default\">Quali etichette saranno di moda nel 2026? Tendenze nelle etichette jacquard e negli accessori tessuti<\/h2>\t\t\t\t<\/div>\n\t\t\t\t<\/div>\n\t\t\t\t<div class=\"elementor-element elementor-element-869a483 elementor-widget elementor-widget-theme-post-excerpt\" data-id=\"869a483\" data-element_type=\"widget\" data-widget_type=\"theme-post-excerpt.default\">\n\t\t\t\t<div class=\"elementor-widget-container\">\n\t\t\t\t\tIl 2026 si preannuncia come un periodo in cui i dettagli giocheranno un ruolo ancora pi\u00f9 importante nella costruzione dell'immagine del brand. L'etichetta non \u00e8 pi\u00f9 solo un veicolo di informazioni, ma diventa un elemento di identit\u00e0 visiva, qualit\u00e0 e valori che il brand comunica ai clienti.Quali tendenze domineranno nelle etichette jacquard e negli accessori tessuti nella prossima stagione? Ecco le direzioni pi\u00f9 importanti da considerare nella progettazione delle collezioni per il 2026.  \n\t\t\t\t<\/div>\n\t\t\t\t<\/div>\n\t\t\t\t<\/div>\n\t\t\t\t<\/a>\n\t\t\t\t<\/div>\n\t\t\t\t<\/div>\n\t\t\n\t\t\t\t\t\t<\/div>\n\t\t\t\t<\/div>\n\t\t\t\t<\/div>\n\t\t\t\t<\/div>\n\t\t\t\t<\/div>\n\t\t","protected":false},"excerpt":{"rendered":"<p>Indice<\/p>\n","protected":false},"author":2,"featured_media":0,"parent":0,"menu_order":0,"comment_status":"closed","ping_status":"closed","template":"","meta":{"iawp_total_views":2,"footnotes":""},"class_list":["post-14766","page","type-page","status-publish","hentry"],"yoast_head":"<!-- This site is optimized with the Yoast SEO Premium plugin v24.6 (Yoast SEO v25.9) - https:\/\/yoast.com\/wordpress\/plugins\/seo\/ -->\n<title>Indice - Producent SCALA<\/title>\n<meta name=\"description\" content=\"Indice\" \/>\n<meta name=\"robots\" content=\"index, follow, max-snippet:-1, max-image-preview:large, max-video-preview:-1\" \/>\n<link rel=\"canonical\" href=\"https:\/\/scala.rzeszow.pl\/it\/indice\/\" \/>\n<meta property=\"og:locale\" content=\"it_IT\" \/>\n<meta property=\"og:type\" content=\"article\" \/>\n<meta property=\"og:title\" content=\"Indice\" \/>\n<meta property=\"og:description\" content=\"Indice\" \/>\n<meta property=\"og:url\" content=\"https:\/\/scala.rzeszow.pl\/it\/indice\/\" \/>\n<meta property=\"og:site_name\" content=\"Producent SCALA\" \/>\n<meta property=\"article:publisher\" content=\"https:\/\/www.facebook.com\/ScalaBranding\/?fref=ts\" \/>\n<meta property=\"article:modified_time\" content=\"2025-07-22T22:18:25+00:00\" \/>\n<meta name=\"twitter:card\" content=\"summary_large_image\" \/>\n<script type=\"application\/ld+json\" class=\"yoast-schema-graph\">{\"@context\":\"https:\/\/schema.org\",\"@graph\":[{\"@type\":\"WebPage\",\"@id\":\"https:\/\/scala.rzeszow.pl\/it\/indice\/\",\"url\":\"https:\/\/scala.rzeszow.pl\/it\/indice\/\",\"name\":\"Indice - Producent SCALA\",\"isPartOf\":{\"@id\":\"https:\/\/scala.rzeszow.pl\/it\/#website\"},\"datePublished\":\"2024-02-04T10:48:32+00:00\",\"dateModified\":\"2025-07-22T22:18:25+00:00\",\"description\":\"Indice\",\"breadcrumb\":{\"@id\":\"https:\/\/scala.rzeszow.pl\/it\/indice\/#breadcrumb\"},\"inLanguage\":\"it-IT\",\"potentialAction\":[{\"@type\":\"ReadAction\",\"target\":[\"https:\/\/scala.rzeszow.pl\/it\/indice\/\"]}]},{\"@type\":\"BreadcrumbList\",\"@id\":\"https:\/\/scala.rzeszow.pl\/it\/indice\/#breadcrumb\",\"itemListElement\":[{\"@type\":\"ListItem\",\"position\":1,\"name\":\"Strona g\u0142\u00f3wna\",\"item\":\"https:\/\/scala.rzeszow.pl\/it\/\"},{\"@type\":\"ListItem\",\"position\":2,\"name\":\"Indice\"}]},{\"@type\":\"WebSite\",\"@id\":\"https:\/\/scala.rzeszow.pl\/it\/#website\",\"url\":\"https:\/\/scala.rzeszow.pl\/it\/\",\"name\":\"Scala\",\"description\":\"\",\"publisher\":{\"@id\":\"https:\/\/scala.rzeszow.pl\/it\/#organization\"},\"potentialAction\":[{\"@type\":\"SearchAction\",\"target\":{\"@type\":\"EntryPoint\",\"urlTemplate\":\"https:\/\/scala.rzeszow.pl\/it\/?s={search_term_string}\"},\"query-input\":{\"@type\":\"PropertyValueSpecification\",\"valueRequired\":true,\"valueName\":\"search_term_string\"}}],\"inLanguage\":\"it-IT\"},{\"@type\":\"Organization\",\"@id\":\"https:\/\/scala.rzeszow.pl\/it\/#organization\",\"name\":\"Scala\",\"url\":\"https:\/\/scala.rzeszow.pl\/it\/\",\"logo\":{\"@type\":\"ImageObject\",\"inLanguage\":\"it-IT\",\"@id\":\"https:\/\/scala.rzeszow.pl\/it\/#\/schema\/logo\/image\/\",\"url\":\"https:\/\/scala.rzeszow.pl\/wp-content\/uploads\/2024\/09\/logo-scala.svg\",\"contentUrl\":\"https:\/\/scala.rzeszow.pl\/wp-content\/uploads\/2024\/09\/logo-scala.svg\",\"width\":271,\"height\":67,\"caption\":\"Scala\"},\"image\":{\"@id\":\"https:\/\/scala.rzeszow.pl\/it\/#\/schema\/logo\/image\/\"},\"sameAs\":[\"https:\/\/www.facebook.com\/ScalaBranding\/?fref=ts\",\"https:\/\/www.linkedin.com\/company\/scalabranding\/\",\"https:\/\/www.instagram.com\/scala_branding\/\",\"https:\/\/www.youtube.com\/@scala_branding\"]}]}<\/script>\n<!-- \/ Yoast SEO Premium plugin. -->","yoast_head_json":{"title":"Indice - Producent SCALA","description":"Indice","robots":{"index":"index","follow":"follow","max-snippet":"max-snippet:-1","max-image-preview":"max-image-preview:large","max-video-preview":"max-video-preview:-1"},"canonical":"https:\/\/scala.rzeszow.pl\/it\/indice\/","og_locale":"it_IT","og_type":"article","og_title":"Indice","og_description":"Indice","og_url":"https:\/\/scala.rzeszow.pl\/it\/indice\/","og_site_name":"Producent SCALA","article_publisher":"https:\/\/www.facebook.com\/ScalaBranding\/?fref=ts","article_modified_time":"2025-07-22T22:18:25+00:00","twitter_card":"summary_large_image","schema":{"@context":"https:\/\/schema.org","@graph":[{"@type":"WebPage","@id":"https:\/\/scala.rzeszow.pl\/it\/indice\/","url":"https:\/\/scala.rzeszow.pl\/it\/indice\/","name":"Indice - Producent SCALA","isPartOf":{"@id":"https:\/\/scala.rzeszow.pl\/it\/#website"},"datePublished":"2024-02-04T10:48:32+00:00","dateModified":"2025-07-22T22:18:25+00:00","description":"Indice","breadcrumb":{"@id":"https:\/\/scala.rzeszow.pl\/it\/indice\/#breadcrumb"},"inLanguage":"it-IT","potentialAction":[{"@type":"ReadAction","target":["https:\/\/scala.rzeszow.pl\/it\/indice\/"]}]},{"@type":"BreadcrumbList","@id":"https:\/\/scala.rzeszow.pl\/it\/indice\/#breadcrumb","itemListElement":[{"@type":"ListItem","position":1,"name":"Strona g\u0142\u00f3wna","item":"https:\/\/scala.rzeszow.pl\/it\/"},{"@type":"ListItem","position":2,"name":"Indice"}]},{"@type":"WebSite","@id":"https:\/\/scala.rzeszow.pl\/it\/#website","url":"https:\/\/scala.rzeszow.pl\/it\/","name":"Scala","description":"","publisher":{"@id":"https:\/\/scala.rzeszow.pl\/it\/#organization"},"potentialAction":[{"@type":"SearchAction","target":{"@type":"EntryPoint","urlTemplate":"https:\/\/scala.rzeszow.pl\/it\/?s={search_term_string}"},"query-input":{"@type":"PropertyValueSpecification","valueRequired":true,"valueName":"search_term_string"}}],"inLanguage":"it-IT"},{"@type":"Organization","@id":"https:\/\/scala.rzeszow.pl\/it\/#organization","name":"Scala","url":"https:\/\/scala.rzeszow.pl\/it\/","logo":{"@type":"ImageObject","inLanguage":"it-IT","@id":"https:\/\/scala.rzeszow.pl\/it\/#\/schema\/logo\/image\/","url":"https:\/\/scala.rzeszow.pl\/wp-content\/uploads\/2024\/09\/logo-scala.svg","contentUrl":"https:\/\/scala.rzeszow.pl\/wp-content\/uploads\/2024\/09\/logo-scala.svg","width":271,"height":67,"caption":"Scala"},"image":{"@id":"https:\/\/scala.rzeszow.pl\/it\/#\/schema\/logo\/image\/"},"sameAs":["https:\/\/www.facebook.com\/ScalaBranding\/?fref=ts","https:\/\/www.linkedin.com\/company\/scalabranding\/","https:\/\/www.instagram.com\/scala_branding\/","https:\/\/www.youtube.com\/@scala_branding"]}]}},"_links":{"self":[{"href":"https:\/\/scala.rzeszow.pl\/it\/wp-json\/wp\/v2\/pages\/14766","targetHints":{"allow":["GET"]}}],"collection":[{"href":"https:\/\/scala.rzeszow.pl\/it\/wp-json\/wp\/v2\/pages"}],"about":[{"href":"https:\/\/scala.rzeszow.pl\/it\/wp-json\/wp\/v2\/types\/page"}],"author":[{"embeddable":true,"href":"https:\/\/scala.rzeszow.pl\/it\/wp-json\/wp\/v2\/users\/2"}],"replies":[{"embeddable":true,"href":"https:\/\/scala.rzeszow.pl\/it\/wp-json\/wp\/v2\/comments?post=14766"}],"version-history":[{"count":1,"href":"https:\/\/scala.rzeszow.pl\/it\/wp-json\/wp\/v2\/pages\/14766\/revisions"}],"predecessor-version":[{"id":14768,"href":"https:\/\/scala.rzeszow.pl\/it\/wp-json\/wp\/v2\/pages\/14766\/revisions\/14768"}],"wp:attachment":[{"href":"https:\/\/scala.rzeszow.pl\/it\/wp-json\/wp\/v2\/media?parent=14766"}],"curies":[{"name":"wp","href":"https:\/\/api.w.org\/{rel}","templated":true}]}}