{"id":17776,"date":"2025-10-02T08:14:41","date_gmt":"2025-10-02T08:14:41","guid":{"rendered":"https:\/\/scala.rzeszow.pl\/contact\/monika-swizdor-copy\/"},"modified":"2025-10-02T08:24:26","modified_gmt":"2025-10-02T08:24:26","slug":"monika-swizdor-copy","status":"publish","type":"page","link":"https:\/\/scala.rzeszow.pl\/en\/contact\/monika-swizdor-copy\/","title":{"rendered":"Katarzyna Pud\u0142o"},"content":{"rendered":"\t\t<div data-elementor-type=\"wp-page\" data-elementor-id=\"17776\" class=\"elementor elementor-17776 elementor-17768\" data-elementor-post-type=\"page\">\n\t\t\t\t<div class=\"elementor-element elementor-element-378bbe9 e-con-full e-flex e-con e-parent\" data-id=\"378bbe9\" data-element_type=\"container\" data-settings=\"{&quot;enable_glow_container&quot;:&quot;no&quot;}\">\n\t\t\t\t<div class=\"elementor-element elementor-element-2af5ea5 elementor-widget elementor-widget-heading\" data-id=\"2af5ea5\" data-element_type=\"widget\" data-settings=\"{&quot;custom-text-animation&quot;:&quot;type3&quot;}\" data-widget_type=\"heading.default\">\n\t\t\t\t<div class=\"elementor-widget-container\">\n\t\t\t\t\t<div data-animation-type=\"type3\" ><h2 class=\"elementor-heading-title elementor-size-default\">Katarzyna Pud\u0142o<\/h2><\/div>\t\t\t\t<\/div>\n\t\t\t\t<\/div>\n\t\t\t\t<\/div>\n\t\t<div class=\"elementor-element elementor-element-44276cc e-con-full e-flex e-con e-parent\" data-id=\"44276cc\" data-element_type=\"container\" data-settings=\"{&quot;enable_glow_container&quot;:&quot;no&quot;}\">\n\t\t<div class=\"elementor-element elementor-element-4e3e104 e-con-full e-flex e-con e-child\" data-id=\"4e3e104\" data-element_type=\"container\" data-settings=\"{&quot;background_background&quot;:&quot;classic&quot;,&quot;enable_glow_container&quot;:&quot;no&quot;}\">\n\t\t\t\t<div class=\"elementor-element elementor-element-0c12e27 elementor-widget elementor-widget-image\" data-id=\"0c12e27\" data-element_type=\"widget\" data-widget_type=\"image.default\">\n\t\t\t\t<div class=\"elementor-widget-container\">\n\t\t\t\t\t\t\t\t\t\t\t\t\t\t\t<img fetchpriority=\"high\" decoding=\"async\" width=\"800\" height=\"800\" src=\"https:\/\/scala.rzeszow.pl\/wp-content\/uploads\/2025\/06\/Kasia-1-1024x1024.png\" class=\"attachment-large size-large wp-image-13777\" alt=\"\" srcset=\"https:\/\/scala.rzeszow.pl\/wp-content\/uploads\/2025\/06\/Kasia-1-1024x1024.png 1024w, https:\/\/scala.rzeszow.pl\/wp-content\/uploads\/2025\/06\/Kasia-1-300x300.png 300w, https:\/\/scala.rzeszow.pl\/wp-content\/uploads\/2025\/06\/Kasia-1-150x150.png 150w, https:\/\/scala.rzeszow.pl\/wp-content\/uploads\/2025\/06\/Kasia-1-768x768.png 768w, https:\/\/scala.rzeszow.pl\/wp-content\/uploads\/2025\/06\/Kasia-1-600x600.png 600w, https:\/\/scala.rzeszow.pl\/wp-content\/uploads\/2025\/06\/Kasia-1-100x100.png 100w, https:\/\/scala.rzeszow.pl\/wp-content\/uploads\/2025\/06\/Kasia-1.png 1080w\" sizes=\"(max-width: 800px) 100vw, 800px\" \/>\t\t\t\t\t\t\t\t\t\t\t\t\t\t\t<\/div>\n\t\t\t\t<\/div>\n\t\t\t\t<\/div>\n\t\t<div class=\"elementor-element elementor-element-288531b e-con-full e-flex e-con e-child\" data-id=\"288531b\" data-element_type=\"container\" data-settings=\"{&quot;background_background&quot;:&quot;classic&quot;,&quot;enable_glow_container&quot;:&quot;no&quot;}\">\n\t\t\t\t<div class=\"elementor-element elementor-element-e6395cd elementor-widget elementor-widget-heading\" data-id=\"e6395cd\" data-element_type=\"widget\" data-widget_type=\"heading.default\">\n\t\t\t\t<div class=\"elementor-widget-container\">\n\t\t\t\t\t<h2 class=\"elementor-heading-title elementor-size-default\">Katarzyna Pud\u0142o <br>Customer Service Specialist \n<\/h2>\t\t\t\t<\/div>\n\t\t\t\t<\/div>\n\t\t\t\t<div class=\"elementor-element elementor-element-f323941 elementor-widget elementor-widget-text-editor\" data-id=\"f323941\" data-element_type=\"widget\" data-widget_type=\"text-editor.default\">\n\t\t\t\t<div class=\"elementor-widget-container\">\n\t\t\t\t\t\t\t\t\t<p><a href=\"tel:533204780\">+48 533 204 780<\/a> <br><a href=\"http:\/\/sprzedaz@scala.rzeszow.pl\">sprzedaz@scala.rzeszow.pl<\/a><\/p>\t\t\t\t\t\t\t\t<\/div>\n\t\t\t\t<\/div>\n\t\t\t\t<\/div>\n\t\t\t\t<\/div>\n\t\t<div class=\"elementor-element elementor-element-9fe7f40 e-con-full elementor-hidden-desktop elementor-hidden-tablet elementor-hidden-mobile e-flex e-con e-parent\" data-id=\"9fe7f40\" data-element_type=\"container\" data-settings=\"{&quot;enable_glow_container&quot;:&quot;no&quot;}\">\n\t\t\t\t<div class=\"elementor-element elementor-element-27b9115 elementor-widget elementor-widget-heading\" data-id=\"27b9115\" data-element_type=\"widget\" data-settings=\"{&quot;custom-text-animation&quot;:&quot;type3&quot;}\" data-widget_type=\"heading.default\">\n\t\t\t\t<div class=\"elementor-widget-container\">\n\t\t\t\t\t<div data-animation-type=\"type3\" ><h2 class=\"elementor-heading-title elementor-size-default\">Nothing can replace a conversation. Our customer service office will be happy to answer your questions <\/h2><\/div>\t\t\t\t<\/div>\n\t\t\t\t<\/div>\n\t\t\t\t<\/div>\n\t\t<div class=\"elementor-element elementor-element-42d4807 e-con-full e-flex e-con e-parent\" data-id=\"42d4807\" data-element_type=\"container\" data-settings=\"{&quot;enable_glow_container&quot;:&quot;no&quot;}\">\n\t\t<div class=\"elementor-element elementor-element-65436cc e-con-full e-flex e-con e-child\" data-id=\"65436cc\" data-element_type=\"container\" data-settings=\"{&quot;background_background&quot;:&quot;classic&quot;,&quot;enable_glow_container&quot;:&quot;no&quot;}\">\n\t\t\t\t<div class=\"elementor-element elementor-element-d5fa13c elementor-widget elementor-widget-text-editor\" data-id=\"d5fa13c\" data-element_type=\"widget\" data-widget_type=\"text-editor.default\">\n\t\t\t\t<div class=\"elementor-widget-container\">\n\t\t\t\t\t\t\t\t\t<p>You can find us<br>in Podkarpackie province.<\/p>\t\t\t\t\t\t\t\t<\/div>\n\t\t\t\t<\/div>\n\t\t\t\t<div class=\"elementor-element elementor-element-e9ff693 elementor-widget elementor-widget-text-editor\" data-id=\"e9ff693\" data-element_type=\"widget\" data-widget_type=\"text-editor.default\">\n\t\t\t\t<div class=\"elementor-widget-container\">\n\t\t\t\t\t\t\t\t\t<p>We will find you in any corner of the world.<\/p>\t\t\t\t\t\t\t\t<\/div>\n\t\t\t\t<\/div>\n\t\t\t\t<div class=\"elementor-element elementor-element-40cabda elementor-align-left elementor-widget elementor-widget-button\" data-id=\"40cabda\" data-element_type=\"widget\" data-widget_type=\"button.default\">\n\t\t\t\t<div class=\"elementor-widget-container\">\n\t\t\t\t\t\t\t\t\t<div class=\"elementor-button-wrapper\">\n\t\t\t\t\t<a class=\"elementor-button elementor-button-link elementor-size-sm\" href=\"tel:+48608657836\">\n\t\t\t\t\t\t<span class=\"elementor-button-content-wrapper\">\n\t\t\t\t\t\t<span class=\"elementor-button-icon\">\n\t\t\t\t<i aria-hidden=\"true\" class=\"fas fa-phone-alt\"><\/i>\t\t\t<\/span>\n\t\t\t\t\t\t\t\t\t<span class=\"elementor-button-text\">Call now<\/span>\n\t\t\t\t\t<\/span>\n\t\t\t\t\t<\/a>\n\t\t\t\t<\/div>\n\t\t\t\t\t\t\t\t<\/div>\n\t\t\t\t<\/div>\n\t\t\t\t<\/div>\n\t\t<div class=\"elementor-element elementor-element-1639b0a e-con-full e-flex e-con e-child\" data-id=\"1639b0a\" data-element_type=\"container\" data-settings=\"{&quot;background_background&quot;:&quot;classic&quot;,&quot;enable_glow_container&quot;:&quot;no&quot;}\">\n\t\t\t\t<div class=\"elementor-element elementor-element-bc7ca38 elementor-widget elementor-widget-google_maps\" data-id=\"bc7ca38\" data-element_type=\"widget\" data-widget_type=\"google_maps.default\">\n\t\t\t\t<div class=\"elementor-widget-container\">\n\t\t\t\t\t\t\t<div class=\"elementor-custom-embed\">\n\t\t\t<iframe loading=\"lazy\"\n\t\t\t\t\tsrc=\"https:\/\/maps.google.com\/maps?q=SCALA%20Producent%20znakowania&#038;t=m&#038;z=14&#038;output=embed&#038;iwloc=near\"\n\t\t\t\t\ttitle=\"SCALA Producent znakowania\"\n\t\t\t\t\taria-label=\"SCALA Producent znakowania\"\n\t\t\t><\/iframe>\n\t\t<\/div>\n\t\t\t\t\t\t<\/div>\n\t\t\t\t<\/div>\n\t\t\t\t<\/div>\n\t\t\t\t<\/div>\n\t\t<div class=\"elementor-element elementor-element-fb13028 e-con-full e-flex e-con e-parent\" data-id=\"fb13028\" data-element_type=\"container\" data-settings=\"{&quot;background_background&quot;:&quot;classic&quot;,&quot;enable_glow_container&quot;:&quot;no&quot;}\">\n\t\t<div class=\"elementor-element elementor-element-028ce65 e-flex e-con-boxed e-con e-child\" data-id=\"028ce65\" data-element_type=\"container\" data-settings=\"{&quot;enable_glow_container&quot;:&quot;no&quot;}\">\n\t\t\t\t\t<div class=\"e-con-inner\">\n\t\t\t\t<div class=\"elementor-element elementor-element-483b6c4 elementor-widget elementor-widget-text-editor\" data-id=\"483b6c4\" data-element_type=\"widget\" data-widget_type=\"text-editor.default\">\n\t\t\t\t<div class=\"elementor-widget-container\">\n\t\t\t\t\t\t\t\t\t<p>Company headquarters:<\/p><p>SCALA Sp. z o.o. sp. k.  <\/p><p>Rakszawa 334<br>37-111 Rakszawa<\/p>\t\t\t\t\t\t\t\t<\/div>\n\t\t\t\t<\/div>\n\t\t\t\t<div class=\"elementor-element elementor-element-2b214ec elementor-widget elementor-widget-text-editor\" data-id=\"2b214ec\" data-element_type=\"widget\" data-widget_type=\"text-editor.default\">\n\t\t\t\t<div class=\"elementor-widget-container\">\n\t\t\t\t\t\t\t\t\t<p>Registration\/billing details:<\/p><p>SCALA Sp. z o.o. sp\u00f3\u0142ka komandytowa <\/p><p>ul. Syrokomli 1A<br>35-210 Rzesz\u00f3w <\/p><p>NIP: 873 28 46 120<br>Regon: 851812331<br>KRS: 0000432215<\/p>\t\t\t\t\t\t\t\t<\/div>\n\t\t\t\t<\/div>\n\t\t\t\t<div class=\"elementor-element elementor-element-8dd583d elementor-widget elementor-widget-text-editor\" data-id=\"8dd583d\" data-element_type=\"widget\" data-widget_type=\"text-editor.default\">\n\t\t\t\t<div class=\"elementor-widget-container\">\n\t\t\t\t\t\t\t\t\t<p>Registered <br>in the National Court Register<br>on September 11, 2012.<br>District Court in Rzesz\u00f3w, <br>XII Commercial Division<br>of the National <br>Court Register<br>File reference <br>RZ.XII NS-REJ.KRS\/12768\/12\/997<br>CEO Tomasz Stachowicz<\/p>\t\t\t\t\t\t\t\t<\/div>\n\t\t\t\t<\/div>\n\t\t\t\t\t<\/div>\n\t\t\t\t<\/div>\n\t\t\t\t<\/div>\n\t\t\t\t<\/div>\n\t\t","protected":false},"excerpt":{"rendered":"<p>Katarzyna Pud\u0142o Katarzyna Pud\u0142o Customer Service Specialist +48 533 204 780 sprzedaz@scala.rzeszow.pl Nothing can replace a conversation. Our customer service office will be happy to answer your questions You can find usin Podkarpackie province. We will find you in any corner of the world. Call now Company headquarters: SCALA Sp. z o.o. sp. k. Rakszawa [&hellip;]<\/p>\n","protected":false},"author":5,"featured_media":0,"parent":6278,"menu_order":0,"comment_status":"closed","ping_status":"closed","template":"","meta":{"iawp_total_views":2,"footnotes":""},"class_list":["post-17776","page","type-page","status-publish","hentry"],"yoast_head":"<!-- This site is optimized with the Yoast SEO Premium plugin v24.6 (Yoast SEO v25.9) - https:\/\/yoast.com\/wordpress\/plugins\/seo\/ -->\n<title>Katarzyna Pud\u0142o - Scala<\/title>\n<meta name=\"description\" content=\"Katarzyna Pud\u0142o Katarzyna Pud\u0142o Customer Service Specialist +48 533 204 780 sprzedaz@scala.rzeszow.pl Nothing can replace a conversation. Our customer\" \/>\n<meta name=\"robots\" content=\"index, follow, max-snippet:-1, max-image-preview:large, max-video-preview:-1\" \/>\n<link rel=\"canonical\" href=\"https:\/\/scala.rzeszow.pl\/en\/contact\/monika-swizdor-copy\/\" \/>\n<meta property=\"og:locale\" content=\"en_US\" \/>\n<meta property=\"og:type\" content=\"article\" \/>\n<meta property=\"og:title\" content=\"Katarzyna Pud\u0142o\" \/>\n<meta property=\"og:description\" content=\"Katarzyna Pud\u0142o Katarzyna Pud\u0142o Customer Service Specialist +48 533 204 780 sprzedaz@scala.rzeszow.pl Nothing can replace a conversation. Our customer\" \/>\n<meta property=\"og:url\" content=\"https:\/\/scala.rzeszow.pl\/en\/contact\/monika-swizdor-copy\/\" \/>\n<meta property=\"og:site_name\" content=\"Scala\" \/>\n<meta property=\"article:publisher\" content=\"https:\/\/www.facebook.com\/ScalaBranding\/?fref=ts\" \/>\n<meta property=\"article:modified_time\" content=\"2025-10-02T08:24:26+00:00\" \/>\n<meta property=\"og:image\" content=\"https:\/\/scala.rzeszow.pl\/wp-content\/uploads\/2025\/06\/Kasia-1.png\" \/>\n\t<meta property=\"og:image:width\" content=\"1080\" \/>\n\t<meta property=\"og:image:height\" content=\"1080\" \/>\n\t<meta property=\"og:image:type\" content=\"image\/png\" \/>\n<meta name=\"twitter:card\" content=\"summary_large_image\" \/>\n<meta name=\"twitter:label1\" content=\"Est. reading time\" \/>\n\t<meta name=\"twitter:data1\" content=\"1 minute\" \/>\n<script type=\"application\/ld+json\" class=\"yoast-schema-graph\">{\"@context\":\"https:\/\/schema.org\",\"@graph\":[{\"@type\":\"WebPage\",\"@id\":\"https:\/\/scala.rzeszow.pl\/en\/contact\/monika-swizdor-copy\/\",\"url\":\"https:\/\/scala.rzeszow.pl\/en\/contact\/monika-swizdor-copy\/\",\"name\":\"Katarzyna Pud\u0142o - Scala\",\"isPartOf\":{\"@id\":\"https:\/\/scala.rzeszow.pl\/en\/#website\"},\"primaryImageOfPage\":{\"@id\":\"https:\/\/scala.rzeszow.pl\/en\/contact\/monika-swizdor-copy\/#primaryimage\"},\"image\":{\"@id\":\"https:\/\/scala.rzeszow.pl\/en\/contact\/monika-swizdor-copy\/#primaryimage\"},\"thumbnailUrl\":\"https:\/\/scala.rzeszow.pl\/wp-content\/uploads\/2025\/06\/Kasia-1-1024x1024.png\",\"datePublished\":\"2025-10-02T08:14:41+00:00\",\"dateModified\":\"2025-10-02T08:24:26+00:00\",\"description\":\"Katarzyna Pud\u0142o Katarzyna Pud\u0142o Customer Service Specialist +48 533 204 780 sprzedaz@scala.rzeszow.pl Nothing can replace a conversation. Our customer\",\"breadcrumb\":{\"@id\":\"https:\/\/scala.rzeszow.pl\/en\/contact\/monika-swizdor-copy\/#breadcrumb\"},\"inLanguage\":\"en-US\",\"potentialAction\":[{\"@type\":\"ReadAction\",\"target\":[\"https:\/\/scala.rzeszow.pl\/en\/contact\/monika-swizdor-copy\/\"]}]},{\"@type\":\"ImageObject\",\"inLanguage\":\"en-US\",\"@id\":\"https:\/\/scala.rzeszow.pl\/en\/contact\/monika-swizdor-copy\/#primaryimage\",\"url\":\"https:\/\/scala.rzeszow.pl\/wp-content\/uploads\/2025\/06\/Kasia-1-1024x1024.png\",\"contentUrl\":\"https:\/\/scala.rzeszow.pl\/wp-content\/uploads\/2025\/06\/Kasia-1-1024x1024.png\"},{\"@type\":\"BreadcrumbList\",\"@id\":\"https:\/\/scala.rzeszow.pl\/en\/contact\/monika-swizdor-copy\/#breadcrumb\",\"itemListElement\":[{\"@type\":\"ListItem\",\"position\":1,\"name\":\"Strona g\u0142\u00f3wna\",\"item\":\"https:\/\/scala.rzeszow.pl\/en\/\"},{\"@type\":\"ListItem\",\"position\":2,\"name\":\"Contact\",\"item\":\"https:\/\/scala.rzeszow.pl\/en\/contact\/\"},{\"@type\":\"ListItem\",\"position\":3,\"name\":\"Katarzyna Pud\u0142o\"}]},{\"@type\":\"WebSite\",\"@id\":\"https:\/\/scala.rzeszow.pl\/en\/#website\",\"url\":\"https:\/\/scala.rzeszow.pl\/en\/\",\"name\":\"Scala\",\"description\":\"\",\"publisher\":{\"@id\":\"https:\/\/scala.rzeszow.pl\/en\/#organization\"},\"potentialAction\":[{\"@type\":\"SearchAction\",\"target\":{\"@type\":\"EntryPoint\",\"urlTemplate\":\"https:\/\/scala.rzeszow.pl\/en\/?s={search_term_string}\"},\"query-input\":{\"@type\":\"PropertyValueSpecification\",\"valueRequired\":true,\"valueName\":\"search_term_string\"}}],\"inLanguage\":\"en-US\"},{\"@type\":\"Organization\",\"@id\":\"https:\/\/scala.rzeszow.pl\/en\/#organization\",\"name\":\"Scala\",\"url\":\"https:\/\/scala.rzeszow.pl\/en\/\",\"logo\":{\"@type\":\"ImageObject\",\"inLanguage\":\"en-US\",\"@id\":\"https:\/\/scala.rzeszow.pl\/en\/#\/schema\/logo\/image\/\",\"url\":\"https:\/\/scala.rzeszow.pl\/wp-content\/uploads\/2024\/09\/logo-scala.svg\",\"contentUrl\":\"https:\/\/scala.rzeszow.pl\/wp-content\/uploads\/2024\/09\/logo-scala.svg\",\"width\":271,\"height\":67,\"caption\":\"Scala\"},\"image\":{\"@id\":\"https:\/\/scala.rzeszow.pl\/en\/#\/schema\/logo\/image\/\"},\"sameAs\":[\"https:\/\/www.facebook.com\/ScalaBranding\/?fref=ts\",\"https:\/\/www.linkedin.com\/company\/scalabranding\/\",\"https:\/\/www.instagram.com\/scala_branding\/\",\"https:\/\/www.youtube.com\/@scala_branding\"]}]}<\/script>\n<!-- \/ Yoast SEO Premium plugin. -->","yoast_head_json":{"title":"Katarzyna Pud\u0142o - Scala","description":"Katarzyna Pud\u0142o Katarzyna Pud\u0142o Customer Service Specialist +48 533 204 780 sprzedaz@scala.rzeszow.pl Nothing can replace a conversation. Our customer","robots":{"index":"index","follow":"follow","max-snippet":"max-snippet:-1","max-image-preview":"max-image-preview:large","max-video-preview":"max-video-preview:-1"},"canonical":"https:\/\/scala.rzeszow.pl\/en\/contact\/monika-swizdor-copy\/","og_locale":"en_US","og_type":"article","og_title":"Katarzyna Pud\u0142o","og_description":"Katarzyna Pud\u0142o Katarzyna Pud\u0142o Customer Service Specialist +48 533 204 780 sprzedaz@scala.rzeszow.pl Nothing can replace a conversation. Our customer","og_url":"https:\/\/scala.rzeszow.pl\/en\/contact\/monika-swizdor-copy\/","og_site_name":"Scala","article_publisher":"https:\/\/www.facebook.com\/ScalaBranding\/?fref=ts","article_modified_time":"2025-10-02T08:24:26+00:00","og_image":[{"width":1080,"height":1080,"url":"https:\/\/scala.rzeszow.pl\/wp-content\/uploads\/2025\/06\/Kasia-1.png","type":"image\/png"}],"twitter_card":"summary_large_image","twitter_misc":{"Est. reading time":"1 minute"},"schema":{"@context":"https:\/\/schema.org","@graph":[{"@type":"WebPage","@id":"https:\/\/scala.rzeszow.pl\/en\/contact\/monika-swizdor-copy\/","url":"https:\/\/scala.rzeszow.pl\/en\/contact\/monika-swizdor-copy\/","name":"Katarzyna Pud\u0142o - Scala","isPartOf":{"@id":"https:\/\/scala.rzeszow.pl\/en\/#website"},"primaryImageOfPage":{"@id":"https:\/\/scala.rzeszow.pl\/en\/contact\/monika-swizdor-copy\/#primaryimage"},"image":{"@id":"https:\/\/scala.rzeszow.pl\/en\/contact\/monika-swizdor-copy\/#primaryimage"},"thumbnailUrl":"https:\/\/scala.rzeszow.pl\/wp-content\/uploads\/2025\/06\/Kasia-1-1024x1024.png","datePublished":"2025-10-02T08:14:41+00:00","dateModified":"2025-10-02T08:24:26+00:00","description":"Katarzyna Pud\u0142o Katarzyna Pud\u0142o Customer Service Specialist +48 533 204 780 sprzedaz@scala.rzeszow.pl Nothing can replace a conversation. Our customer","breadcrumb":{"@id":"https:\/\/scala.rzeszow.pl\/en\/contact\/monika-swizdor-copy\/#breadcrumb"},"inLanguage":"en-US","potentialAction":[{"@type":"ReadAction","target":["https:\/\/scala.rzeszow.pl\/en\/contact\/monika-swizdor-copy\/"]}]},{"@type":"ImageObject","inLanguage":"en-US","@id":"https:\/\/scala.rzeszow.pl\/en\/contact\/monika-swizdor-copy\/#primaryimage","url":"https:\/\/scala.rzeszow.pl\/wp-content\/uploads\/2025\/06\/Kasia-1-1024x1024.png","contentUrl":"https:\/\/scala.rzeszow.pl\/wp-content\/uploads\/2025\/06\/Kasia-1-1024x1024.png"},{"@type":"BreadcrumbList","@id":"https:\/\/scala.rzeszow.pl\/en\/contact\/monika-swizdor-copy\/#breadcrumb","itemListElement":[{"@type":"ListItem","position":1,"name":"Strona g\u0142\u00f3wna","item":"https:\/\/scala.rzeszow.pl\/en\/"},{"@type":"ListItem","position":2,"name":"Contact","item":"https:\/\/scala.rzeszow.pl\/en\/contact\/"},{"@type":"ListItem","position":3,"name":"Katarzyna Pud\u0142o"}]},{"@type":"WebSite","@id":"https:\/\/scala.rzeszow.pl\/en\/#website","url":"https:\/\/scala.rzeszow.pl\/en\/","name":"Scala","description":"","publisher":{"@id":"https:\/\/scala.rzeszow.pl\/en\/#organization"},"potentialAction":[{"@type":"SearchAction","target":{"@type":"EntryPoint","urlTemplate":"https:\/\/scala.rzeszow.pl\/en\/?s={search_term_string}"},"query-input":{"@type":"PropertyValueSpecification","valueRequired":true,"valueName":"search_term_string"}}],"inLanguage":"en-US"},{"@type":"Organization","@id":"https:\/\/scala.rzeszow.pl\/en\/#organization","name":"Scala","url":"https:\/\/scala.rzeszow.pl\/en\/","logo":{"@type":"ImageObject","inLanguage":"en-US","@id":"https:\/\/scala.rzeszow.pl\/en\/#\/schema\/logo\/image\/","url":"https:\/\/scala.rzeszow.pl\/wp-content\/uploads\/2024\/09\/logo-scala.svg","contentUrl":"https:\/\/scala.rzeszow.pl\/wp-content\/uploads\/2024\/09\/logo-scala.svg","width":271,"height":67,"caption":"Scala"},"image":{"@id":"https:\/\/scala.rzeszow.pl\/en\/#\/schema\/logo\/image\/"},"sameAs":["https:\/\/www.facebook.com\/ScalaBranding\/?fref=ts","https:\/\/www.linkedin.com\/company\/scalabranding\/","https:\/\/www.instagram.com\/scala_branding\/","https:\/\/www.youtube.com\/@scala_branding"]}]}},"_links":{"self":[{"href":"https:\/\/scala.rzeszow.pl\/en\/wp-json\/wp\/v2\/pages\/17776","targetHints":{"allow":["GET"]}}],"collection":[{"href":"https:\/\/scala.rzeszow.pl\/en\/wp-json\/wp\/v2\/pages"}],"about":[{"href":"https:\/\/scala.rzeszow.pl\/en\/wp-json\/wp\/v2\/types\/page"}],"author":[{"embeddable":true,"href":"https:\/\/scala.rzeszow.pl\/en\/wp-json\/wp\/v2\/users\/5"}],"replies":[{"embeddable":true,"href":"https:\/\/scala.rzeszow.pl\/en\/wp-json\/wp\/v2\/comments?post=17776"}],"version-history":[{"count":4,"href":"https:\/\/scala.rzeszow.pl\/en\/wp-json\/wp\/v2\/pages\/17776\/revisions"}],"predecessor-version":[{"id":17791,"href":"https:\/\/scala.rzeszow.pl\/en\/wp-json\/wp\/v2\/pages\/17776\/revisions\/17791"}],"up":[{"embeddable":true,"href":"https:\/\/scala.rzeszow.pl\/en\/wp-json\/wp\/v2\/pages\/6278"}],"wp:attachment":[{"href":"https:\/\/scala.rzeszow.pl\/en\/wp-json\/wp\/v2\/media?parent=17776"}],"curies":[{"name":"wp","href":"https:\/\/api.w.org\/{rel}","templated":true}]}}