{"id":6441,"date":"2024-04-03T11:04:19","date_gmt":"2024-04-03T11:04:19","guid":{"rendered":"http:\/\/scala.rzeszow.pl\/datenschutzbestimmungen\/"},"modified":"2025-07-22T22:20:26","modified_gmt":"2025-07-22T22:20:26","slug":"datenschutzbestimmungen","status":"publish","type":"page","link":"https:\/\/scala.rzeszow.pl\/de\/datenschutzbestimmungen\/","title":{"rendered":"Datenschutzbestimmungen"},"content":{"rendered":"\t\t<div data-elementor-type=\"wp-page\" data-elementor-id=\"6441\" class=\"elementor elementor-6441 elementor-2396\" data-elementor-post-type=\"page\">\n\t\t\t\t<div class=\"elementor-element elementor-element-d76eb0e e-flex e-con-boxed e-con e-parent\" data-id=\"d76eb0e\" data-element_type=\"container\" data-settings=\"{&quot;enable_glow_container&quot;:&quot;no&quot;}\">\n\t\t\t\t\t<div class=\"e-con-inner\">\n\t\t\t\t<div class=\"elementor-element elementor-element-d812b69 elementor-widget elementor-widget-text-editor\" data-id=\"d812b69\" data-element_type=\"widget\" data-widget_type=\"text-editor.default\">\n\t\t\t\t<div class=\"elementor-widget-container\">\n\t\t\t\t\t\t\t\t\t<p><strong>DATENSCHUTZPOLITIK<\/strong><\/p><p>1. Dieses Dokument (im Folgenden als Datenschutzrichtlinie bezeichnet) legt die Grunds\u00e4tze f\u00fcr die Speicherung, Erfassung, Verarbeitung und den Schutz personenbezogener Daten von Kunden <br>und Vertragspartnern von SCALA Sp. z o.o. Sp\u00f3\u0142ka komandytowa ul. Syrokomli 1A, 35-210 Rzesz\u00f3w (im Folgenden: SCALA) sowie die Grunds\u00e4tze f\u00fcr die Verwendung von sogenannten Cookies fest, die u.a. auf der Website https:\/\/scala.rzeszow.pl\/ verwendet werden.    <\/p><p>(2) Die personenbezogenen Daten der Kunden und Auftragnehmer von SCALA werden in dem Umfang und auf die Art und Weise gesch\u00fctzt, die in der Verordnung (EU) 2016\/679 des Europ\u00e4ischen Parlaments und des Rates vom 27. April 2016 zum Schutz nat\u00fcrlicher Personen bei der Verarbeitung personenbezogener Daten, zum freien Datenverkehr und zur Aufhebung der Richtlinie 95\/46\/EG (Datenschutz-Grundverordnung) (Amtsblatt der EU L 119, S.1), im Folgenden in der Datenschutzrichtlinie als RODO bezeichnet, festgelegt sind.    <\/p><p>3 Der f\u00fcr die Verarbeitung Verantwortliche w\u00e4hlt mit der gebotenen Sorgfalt geeignete technische und organisatorische Ma\u00dfnahmen aus und wendet sie an, um den Schutz der verarbeiteten Daten zu gew\u00e4hrleisten. Wir sch\u00fctzen Ihre Daten davor, dass sie Unbefugten zug\u00e4nglich gemacht werden, sowie davor, dass sie unter Versto\u00df gegen geltende Gesetze verarbeitet werden. <\/p><p>4 In Erf\u00fcllung der Informationspflicht gem\u00e4\u00df Artikel 13 der RODO informieren wir Sie \u00fcber die Grunds\u00e4tze der Verarbeitung Ihrer Daten: <\/p><ol type=\"1\"><li><strong>Verantwortlicher f\u00fcr personenbezogene Daten<\/strong><\/li><\/ol><p>Der Verwalter Ihrer pers\u00f6nlichen Daten ist SCALA Sp. z o.o. Sp\u00f3\u0142ka komandytowa ul. Syrokomli 1A, 35-210 Rzesz\u00f3w, NIP: 8732846120, REGON:<strong> 851812331,<\/strong> eingetragen im Nationalen Gerichtsregister, Unternehmerregister, unter KRS Nr. 0000432215 (im Folgenden: Verwalter). Sie k\u00f6nnen den Verwalter wie folgt kontaktieren:   <\/p><p>&#8211; per Post an die folgende Adresse: 1A Syrokomli Stra\u00dfe, 35-210 Rzesz\u00f3w <\/p><p>&#8211; per E-Mail: tomasz.sctachowicz@scala.rzeszow.pl<\/p><p>&#8211; Per Telefon: 600925342<\/p><ul><li><strong>Zwecke der Verarbeitung und Rechtsgrundlage f\u00fcr die Verarbeitung<\/strong><\/li><\/ul><p>Wir werden Ihre pers\u00f6nlichen Daten verarbeiten, um:<\/p><ul><li>Erf\u00fcllung der mit SCALA geschlossenen Vertr\u00e4ge<\/li><li>Betrieb eines Kommentarsystems<\/li><li>F\u00fchren von Online-Chat-Gespr\u00e4chen<\/li><li>Bearbeitung von Anfragen \u00fcber das Formular<\/li><li>Sie k\u00f6nnen auch Ihre Zustimmung zur Verarbeitung Ihrer personenbezogenen Daten zum Zweck der elektronischen \u00dcbermittlung von Marketingangeboten <br>und kommerziellen Informationen in Form eines Newsletters erteilen, der an die von Ihnen angegebene E-Mail-Adresse gesendet wird<\/li><\/ul><p>Die Rechtsgrundlage f\u00fcr die Verarbeitung Ihrer personenbezogenen Daten ist:<\/p><ul><li>Notwendigkeit Ihrer Daten zur Erf\u00fcllung des mit uns geschlossenen Vertrages<\/li><li>Ihre Zustimmung zur Datenverarbeitung f\u00fcr den Erhalt des Newsletters (kommerzieller und Marketinginformationen)<\/li><li>Unser berechtigtes Interesse. Wir haben ein berechtigtes Interesse daran, z.B. Betrug zu verhindern, uns gegen Anspr\u00fcche zu verteidigen und die Sicherheit von Netzwerken und Informationen zu gew\u00e4hrleisten <\/li><\/ul><p>  Auf dieser Grundlage k\u00f6nnen wir Ihre Daten nicht verarbeiten, wenn Ihre Rechte und Freiheiten unser berechtigtes Interesse \u00fcberwiegen.<\/p><ul><li><strong>Kategorien Ihrer Daten, die wir verarbeiten<\/strong><\/li><\/ul><p>Wir werden Ihre folgenden Daten verarbeiten:<\/p><p>\u2013 Vor- und Nachname, Name des Unternehmens<\/p><p>\u2013 Adresse des Firmensitzes oder andere Adressen, die in der Gesch\u00e4ftst\u00e4tigkeit verwendet werden<\/p><p>\u2013 E-Mail-Adresse und Telefonnummer<\/p><p>\u2013 Steueridentifikationsnummer (NIP) und REGON-Nummer<\/p><p>\u2013 Vor- und Nachname sowie Kontaktdaten Ihrer Mitarbeiter und Kooperationspartner<\/p><ul><li><strong>Aufbewahrungsfrist f\u00fcr personenbezogene Daten<\/strong><\/li><\/ul><p>Wir speichern Ihre personenbezogenen Daten bis zur Verj\u00e4hrung m\u00f6glicher vertraglicher Anspr\u00fcche, einschlie\u00dflich Gew\u00e4hrleistungsanspr\u00fcchen.<\/p><p>Wir werden Ihre personenbezogenen Daten, die wir auf der Grundlage Ihrer Einwilligung zum Erhalt des Newsletters verarbeiten, so lange aufbewahren, bis Sie der Verarbeitung zu diesem Zweck widersprechen oder Ihre Einwilligung widerrufen.<\/p><ul><li><strong>Empf\u00e4nger der Daten<\/strong><\/li><\/ul><p>Wir werden Ihre pers\u00f6nlichen Daten \u00fcbermitteln:<\/p><ul><li>Kurierunternehmen zum Zweck der Lieferung der von Ihnen bestellten Waren<\/li><li>anderen Unternehmen, wenn dies zur Erf\u00fcllung Ihrer Bestellung notwendig ist (z.B. Zahlungsdienstleister)<\/li><li>Wirtschaftspr\u00fcfungsgesellschaft f\u00fcr Buchhaltungszwecke und Abrechnung geschlossener Vertr\u00e4ge<\/li><li>Anwaltskanzlei, wenn dies zur Verteidigung unserer Anspr\u00fcche notwendig ist<\/li><li>Unternehmen, die uns Hosting-Dienste anbieten<\/li><li>Zahlungsdienstleister<\/li><li>Betreiber von Kommentarsystemen<\/li><li>Betreiber von Online-Chat-L\u00f6sungen<\/li><li>autorisierten Mitarbeitern und Kooperationspartnern, die die Daten zur Vertragserf\u00fcllung nutzen<\/li><li>Unternehmen, die Marketingdienstleistungen erbringen<\/li><\/ul><p>Diese Stellen verarbeiten Daten auf der Grundlage eines Vertrags mit uns und nur in \u00dcbereinstimmung mit unseren Anweisungen.<\/p><ul><li><strong>\u00dcbermittlung von Daten an Drittl\u00e4nder oder internationale Organisationen<\/strong><\/li><\/ul><p>Ihre pers\u00f6nlichen Daten werden nicht an Drittl\u00e4nder oder internationale Organisationen weitergegeben.<\/p><ul><li><strong>Ihre Rechte in Bezug auf die Verarbeitung Ihrer pers\u00f6nlichen Daten<\/strong><\/li><\/ul><p>Sie haben die folgenden Rechte in Bezug auf die Verarbeitung Ihrer pers\u00f6nlichen Daten:<\/p><ol type=\"a\"><li>Recht auf Widerruf der Einwilligung zur Datenverarbeitung<\/li><li>Recht auf Zugang zu Ihren personenbezogenen Daten und Erhalt einer Kopie davon<\/li><li>Recht auf Berichtigung (Korrektur) Ihrer personenbezogenen Daten<\/li><li>Recht auf L\u00f6schung Ihrer personenbezogenen Daten<\/li><li>Recht auf Einschr\u00e4nkung der Verarbeitung Ihrer personenbezogenen Daten<\/li><li>Recht auf Widerspruch gegen die Verarbeitung Ihrer Daten aufgrund Ihrer besonderen Situation \u2013 in F\u00e4llen, in denen wir Ihre Daten aufgrund unseres berechtigten Interesses verarbeiten<\/li><li>Recht auf Daten\u00fcbertragbarkeit, d.h. das Recht, Ihre personenbezogenen Daten von uns in einem strukturierten, g\u00e4ngigen und maschinenlesbaren Format zu erhalten. Sie k\u00f6nnen diese Daten an einen anderen Datenverantwortlichen \u00fcbermitteln oder verlangen, dass wir Ihre Daten an einen anderen Datenverantwortlichen \u00fcbermitteln. Dies werden wir jedoch nur tun, wenn eine solche \u00dcbermittlung technisch m\u00f6glich ist. Das Recht auf Daten\u00fcbertragbarkeit steht Ihnen nur f\u00fcr Daten zu, die wir aufgrund eines Vertrags mit Ihnen oder aufgrund Ihrer Einwilligung verarbeiten    <\/li><\/ol><p>Um die oben genannten Rechte auszu\u00fcben, kontaktieren Sie uns bitte. Wir haben unsere Kontaktdaten in Abschnitt 1 oben angegeben. <\/p><p>Recht auf Widerruf der Zustimmung<\/p><p>Soweit Ihre Daten auf der Grundlage einer Einwilligung verarbeitet werden (d.h. Daten, die Sie in der Einwilligung zum Erhalt eines Newsletters von uns angegeben haben) &#8211; haben Sie das Recht, Ihre Einwilligung zur Verarbeitung Ihrer Daten jederzeit zu widerrufen. Der Widerruf der Einwilligung hat keinen Einfluss auf die Rechtm\u00e4\u00dfigkeit der Verarbeitung, die wir auf der Grundlage Ihrer Einwilligung vor dem Widerruf durchgef\u00fchrt haben. Sie k\u00f6nnen Ihre Einwilligung widerrufen, indem Sie eine Erkl\u00e4rung \u00fcber den Widerruf der Einwilligung an unsere Postanschrift oder an unsere in Punkt 1 angegebene E-Mail-Adresse senden.  <\/p><p>Recht auf Einreichung einer Beschwerde bei einer Beh\u00f6rde<\/p><p>Sie haben auch das Recht, eine Beschwerde bei der f\u00fcr den Schutz personenbezogener Daten zust\u00e4ndigen Aufsichtsbeh\u00f6rde einzureichen, d.h. beim Pr\u00e4sidenten des Amtes f\u00fcr den Schutz personenbezogener Daten oder einer anderen zust\u00e4ndigen Aufsichtsbeh\u00f6rde. <\/p><ul><li><strong>Informationen \u00fcber Datenanforderungen\/Voluntarit\u00e4t<\/strong><\/li><\/ul><p>Die Bereitstellung von Daten durch Sie ist eine Voraussetzung f\u00fcr den Abschluss des Vertrags. Sie ist freiwillig, aber f\u00fcr den Abschluss und die Erf\u00fcllung des Vertrages notwendig. <\/p><p>Wenn Sie uns Ihre Daten nicht zur Verf\u00fcgung stellen, k\u00f6nnen wir uns weigern, einen Vertrag zu schlie\u00dfen.<\/p><p>Ihre Bereitstellung von Daten und Ihre Zustimmung zur Verarbeitung personenbezogener Daten zu Marketingzwecken ist freiwillig.<\/p><ul><li><strong>Informationen zur automatisierten Entscheidungsfindung<\/strong><\/li><\/ul><p>Wir verwenden keine automatisierten Entscheidungshilfen.<\/p><p>SCALA sammelt nur automatisch Informationen, die in Cookies enthalten sind. Dabei handelt es sich um kleine Textdateien, die vom Server des Webshops gesendet und auf der Website des Shop-Besuchers gespeichert werden (z.B. auf der Festplatte Ihres Computers, Laptops oder der Speicherkarte Ihres Smartphones &#8211; je nach dem vom Benutzer verwendeten Ger\u00e4t).<\/p><p>6. im Zusammenhang mit der Bereitstellung des Zugriffs auf den Inhalt der Website https:\/\/scala.rzeszow.pl\/ werden so genannte &#8222;Cookies&#8220; verwendet, d.h. Informationen, die von den Servern auf dem Endger\u00e4t des Nutzers gespeichert werden und die von den Servern bei jeder Verbindung von diesem Endger\u00e4t aus gelesen werden k\u00f6nnen, k\u00f6nnen auch andere Technologien mit \u00e4hnlichen oder identischen Funktionen wie Cookies verwenden. In diesem Dokument beziehen sich die Informationen \u00fcber Cookies auch auf andere \u00e4hnliche Technologien, die innerhalb unserer Websites verwendet werden. Cookies (so genannte &#8222;Cookies&#8220;) sind IT-Daten, insbesondere Textdateien, die auf dem Endger\u00e4t des Nutzers der Website https:\/\/scala.rzeszow.pl\/ gespeichert werden. Cookies enthalten in der Regel den Domainnamen der Website, von der sie stammen, die Zeit, in der sie auf dem Endger\u00e4t gespeichert werden, und eine eindeutige Nummer.     <\/p><p>7 Cookies werden verwendet f\u00fcr:<\/p><p>a) Anpassung des Inhalts der Website an die Pr\u00e4ferenzen des Nutzers und Optimierung der Nutzung der Websites; insbesondere erm\u00f6glichen diese Dateien die Erkennung des Ger\u00e4ts des Website-Nutzers und die entsprechende Anzeige der Website, angepasst an seine individuellen Bed\u00fcrfnisse<\/p><p>b) Erstellung von Statistiken, die helfen zu verstehen, wie Nutzer der Website die Websites nutzen, was die Verbesserung ihrer Struktur <br>und Inhalte erm\u00f6glicht<\/p><p>c) Aufrechterhaltung der Sitzung des Website-Nutzers (nach dem Einloggen), wodurch der Nutzer nicht auf jeder Unterseite der Website erneut Benutzernamen und Passwort eingeben muss<\/p><p>d) Bereitstellung von Werbeinhalten f\u00fcr Nutzer, die besser auf ihre Interessen zugeschnitten sind<\/p><p>8 Wir k\u00f6nnen die folgenden Arten von Cookies auf https:\/\/scala.rzeszow.pl\/ verwenden:<\/p><p>a) \u201enotwendige\u201c Cookies, die die Nutzung der auf der Website verf\u00fcgbaren Dienste erm\u00f6glichen, z.B. Authentifizierungs-Cookies, die f\u00fcr Dienste verwendet werden, die eine Authentifizierung auf der Website erfordern<\/p><p>b) Cookies zur Gew\u00e4hrleistung der Sicherheit, z.B. zur Erkennung von Missbrauch bei der Authentifizierung auf der Website<\/p><p>c) Cookies, die das Sammeln von Informationen \u00fcber die Nutzung der Website-Seiten erm\u00f6glichen<\/p><p>d) \u201efunktionale \u201eCookies, die das \u201eSpeichern\u201c der vom Nutzer gew\u00e4hlten Einstellungen und die Personalisierung der Benutzeroberfl\u00e4che erm\u00f6glichen, z.B. in Bezug auf die gew\u00e4hlte Sprache oder Region, aus der der Nutzer stammt, die Schriftgr\u00f6\u00dfe, das Aussehen der Website usw.<\/p><p>e) \u201eWerbe\u201c-Cookies, die die Bereitstellung von Werbeinhalten f\u00fcr Nutzer erm\u00f6glichen, die besser auf ihre Interessen zugeschnitten sind<\/p><p>(9) In vielen F\u00e4llen erlaubt die Webbrowsersoftware (Webbrowser) standardm\u00e4\u00dfig die Speicherung von Cookies auf dem Endger\u00e4t des Nutzers. Die Nutzer der Website k\u00f6nnen ihre Einstellungen in Bezug auf Cookies jederzeit \u00e4ndern. Diese Einstellungen k\u00f6nnen insbesondere dahingehend ge\u00e4ndert werden, dass die automatische Behandlung von Cookies in den Einstellungen des Webbrowsers blockiert wird oder dass jedes Mal \u00fcber ihre Platzierung auf dem Ger\u00e4t des Website-Nutzers informiert wird. Detaillierte Informationen \u00fcber die M\u00f6glichkeiten und Methoden der Verwendung von Cookies finden Sie in den Einstellungen Ihrer Software (Webbrowser). Wenn Sie die Einstellungen in Bezug auf Cookies nicht \u00e4ndern, bedeutet dies, dass sie auf dem Endger\u00e4t des Nutzers platziert werden und wir somit Informationen auf dem Endger\u00e4t des Nutzers speichern und Zugriff auf diese Informationen erhalten.    <\/p><p>10. Die Deaktivierung der Verwendung von Cookies kann die Nutzung bestimmter Dienste auf unseren Websites erschweren, insbesondere derjenigen, die eine Anmeldung erfordern. Die Deaktivierung der Option, Cookies zu akzeptieren, hindert Sie jedoch nicht daran, Inhalte auf https:\/\/scala.rzeszow.pl\/ zu lesen oder anzusehen. <\/p><p>11. Cookies k\u00f6nnen auf dem Endger\u00e4t von https:\/\/scala.rzeszow.pl\/-Nutzern platziert werden und dann von Werbetreibenden, Forschungsunternehmen und Anbietern von Multimedia-Anwendungen, die mit dem Dienst zusammenarbeiten, verwendet werden.<\/p>\t\t\t\t\t\t\t\t<\/div>\n\t\t\t\t<\/div>\n\t\t\t\t\t<\/div>\n\t\t\t\t<\/div>\n\t\t\t\t<\/div>\n\t\t","protected":false},"excerpt":{"rendered":"<p>DATENSCHUTZPOLITIK 1. Dieses Dokument (im Folgenden als Datenschutzrichtlinie bezeichnet) legt die Grunds\u00e4tze f\u00fcr die Speicherung, Erfassung, Verarbeitung und den Schutz personenbezogener Daten von Kunden und Vertragspartnern von SCALA Sp. z o.o. Sp\u00f3\u0142ka komandytowa ul. Syrokomli 1A, 35-210 Rzesz\u00f3w (im Folgenden: SCALA) sowie die Grunds\u00e4tze f\u00fcr die Verwendung von sogenannten Cookies fest, die u.a. auf der [&hellip;]<\/p>\n","protected":false},"author":2,"featured_media":0,"parent":0,"menu_order":0,"comment_status":"closed","ping_status":"closed","template":"","meta":{"iawp_total_views":1,"footnotes":""},"class_list":["post-6441","page","type-page","status-publish","hentry"],"yoast_head":"<!-- This site is optimized with the Yoast SEO Premium plugin v24.6 (Yoast SEO v25.9) - https:\/\/yoast.com\/wordpress\/plugins\/seo\/ -->\n<title>Datenschutzbestimmungen - Scala<\/title>\n<meta name=\"description\" content=\"DATENSCHUTZPOLITIK1. Dieses Dokument (im Folgenden als Datenschutzrichtlinie bezeichnet) legt die Grunds\u00e4tze f\u00fcr die Speicherung, Erfassung, Verarbeitung\" \/>\n<meta name=\"robots\" content=\"index, follow, max-snippet:-1, max-image-preview:large, max-video-preview:-1\" \/>\n<link rel=\"canonical\" href=\"https:\/\/scala.rzeszow.pl\/de\/datenschutzbestimmungen\/\" \/>\n<meta property=\"og:locale\" content=\"de_DE\" \/>\n<meta property=\"og:type\" content=\"article\" \/>\n<meta property=\"og:title\" content=\"Datenschutzbestimmungen\" \/>\n<meta property=\"og:description\" content=\"DATENSCHUTZPOLITIK1. Dieses Dokument (im Folgenden als Datenschutzrichtlinie bezeichnet) legt die Grunds\u00e4tze f\u00fcr die Speicherung, Erfassung, Verarbeitung\" \/>\n<meta property=\"og:url\" content=\"https:\/\/scala.rzeszow.pl\/de\/datenschutzbestimmungen\/\" \/>\n<meta property=\"og:site_name\" content=\"Scala\" \/>\n<meta property=\"article:publisher\" content=\"https:\/\/www.facebook.com\/ScalaBranding\/?fref=ts\" \/>\n<meta property=\"article:modified_time\" content=\"2025-07-22T22:20:26+00:00\" \/>\n<meta name=\"twitter:card\" content=\"summary_large_image\" \/>\n<meta name=\"twitter:label1\" content=\"Gesch\u00e4tzte Lesezeit\" \/>\n\t<meta name=\"twitter:data1\" content=\"8\u00a0Minuten\" \/>\n<script type=\"application\/ld+json\" class=\"yoast-schema-graph\">{\"@context\":\"https:\/\/schema.org\",\"@graph\":[{\"@type\":\"WebPage\",\"@id\":\"https:\/\/scala.rzeszow.pl\/de\/datenschutzbestimmungen\/\",\"url\":\"https:\/\/scala.rzeszow.pl\/de\/datenschutzbestimmungen\/\",\"name\":\"Datenschutzbestimmungen - Scala\",\"isPartOf\":{\"@id\":\"https:\/\/scala.rzeszow.pl\/de\/#website\"},\"datePublished\":\"2024-04-03T11:04:19+00:00\",\"dateModified\":\"2025-07-22T22:20:26+00:00\",\"description\":\"DATENSCHUTZPOLITIK1. Dieses Dokument (im Folgenden als Datenschutzrichtlinie bezeichnet) legt die Grunds\u00e4tze f\u00fcr die Speicherung, Erfassung, Verarbeitung\",\"breadcrumb\":{\"@id\":\"https:\/\/scala.rzeszow.pl\/de\/datenschutzbestimmungen\/#breadcrumb\"},\"inLanguage\":\"de\",\"potentialAction\":[{\"@type\":\"ReadAction\",\"target\":[\"https:\/\/scala.rzeszow.pl\/de\/datenschutzbestimmungen\/\"]}]},{\"@type\":\"BreadcrumbList\",\"@id\":\"https:\/\/scala.rzeszow.pl\/de\/datenschutzbestimmungen\/#breadcrumb\",\"itemListElement\":[{\"@type\":\"ListItem\",\"position\":1,\"name\":\"Strona g\u0142\u00f3wna\",\"item\":\"https:\/\/scala.rzeszow.pl\/de\/homepage\/\"},{\"@type\":\"ListItem\",\"position\":2,\"name\":\"Datenschutzbestimmungen\"}]},{\"@type\":\"WebSite\",\"@id\":\"https:\/\/scala.rzeszow.pl\/de\/#website\",\"url\":\"https:\/\/scala.rzeszow.pl\/de\/\",\"name\":\"Scala\",\"description\":\"\",\"publisher\":{\"@id\":\"https:\/\/scala.rzeszow.pl\/de\/#organization\"},\"potentialAction\":[{\"@type\":\"SearchAction\",\"target\":{\"@type\":\"EntryPoint\",\"urlTemplate\":\"https:\/\/scala.rzeszow.pl\/de\/?s={search_term_string}\"},\"query-input\":{\"@type\":\"PropertyValueSpecification\",\"valueRequired\":true,\"valueName\":\"search_term_string\"}}],\"inLanguage\":\"de\"},{\"@type\":\"Organization\",\"@id\":\"https:\/\/scala.rzeszow.pl\/de\/#organization\",\"name\":\"Scala\",\"url\":\"https:\/\/scala.rzeszow.pl\/de\/\",\"logo\":{\"@type\":\"ImageObject\",\"inLanguage\":\"de\",\"@id\":\"https:\/\/scala.rzeszow.pl\/de\/#\/schema\/logo\/image\/\",\"url\":\"https:\/\/scala.rzeszow.pl\/wp-content\/uploads\/2024\/09\/logo-scala.svg\",\"contentUrl\":\"https:\/\/scala.rzeszow.pl\/wp-content\/uploads\/2024\/09\/logo-scala.svg\",\"width\":271,\"height\":67,\"caption\":\"Scala\"},\"image\":{\"@id\":\"https:\/\/scala.rzeszow.pl\/de\/#\/schema\/logo\/image\/\"},\"sameAs\":[\"https:\/\/www.facebook.com\/ScalaBranding\/?fref=ts\",\"https:\/\/www.linkedin.com\/company\/scalabranding\/\",\"https:\/\/www.instagram.com\/scala_branding\/\",\"https:\/\/www.youtube.com\/@scala_branding\"]}]}<\/script>\n<!-- \/ Yoast SEO Premium plugin. -->","yoast_head_json":{"title":"Datenschutzbestimmungen - Scala","description":"DATENSCHUTZPOLITIK1. Dieses Dokument (im Folgenden als Datenschutzrichtlinie bezeichnet) legt die Grunds\u00e4tze f\u00fcr die Speicherung, Erfassung, Verarbeitung","robots":{"index":"index","follow":"follow","max-snippet":"max-snippet:-1","max-image-preview":"max-image-preview:large","max-video-preview":"max-video-preview:-1"},"canonical":"https:\/\/scala.rzeszow.pl\/de\/datenschutzbestimmungen\/","og_locale":"de_DE","og_type":"article","og_title":"Datenschutzbestimmungen","og_description":"DATENSCHUTZPOLITIK1. Dieses Dokument (im Folgenden als Datenschutzrichtlinie bezeichnet) legt die Grunds\u00e4tze f\u00fcr die Speicherung, Erfassung, Verarbeitung","og_url":"https:\/\/scala.rzeszow.pl\/de\/datenschutzbestimmungen\/","og_site_name":"Scala","article_publisher":"https:\/\/www.facebook.com\/ScalaBranding\/?fref=ts","article_modified_time":"2025-07-22T22:20:26+00:00","twitter_card":"summary_large_image","twitter_misc":{"Gesch\u00e4tzte Lesezeit":"8\u00a0Minuten"},"schema":{"@context":"https:\/\/schema.org","@graph":[{"@type":"WebPage","@id":"https:\/\/scala.rzeszow.pl\/de\/datenschutzbestimmungen\/","url":"https:\/\/scala.rzeszow.pl\/de\/datenschutzbestimmungen\/","name":"Datenschutzbestimmungen - Scala","isPartOf":{"@id":"https:\/\/scala.rzeszow.pl\/de\/#website"},"datePublished":"2024-04-03T11:04:19+00:00","dateModified":"2025-07-22T22:20:26+00:00","description":"DATENSCHUTZPOLITIK1. Dieses Dokument (im Folgenden als Datenschutzrichtlinie bezeichnet) legt die Grunds\u00e4tze f\u00fcr die Speicherung, Erfassung, Verarbeitung","breadcrumb":{"@id":"https:\/\/scala.rzeszow.pl\/de\/datenschutzbestimmungen\/#breadcrumb"},"inLanguage":"de","potentialAction":[{"@type":"ReadAction","target":["https:\/\/scala.rzeszow.pl\/de\/datenschutzbestimmungen\/"]}]},{"@type":"BreadcrumbList","@id":"https:\/\/scala.rzeszow.pl\/de\/datenschutzbestimmungen\/#breadcrumb","itemListElement":[{"@type":"ListItem","position":1,"name":"Strona g\u0142\u00f3wna","item":"https:\/\/scala.rzeszow.pl\/de\/homepage\/"},{"@type":"ListItem","position":2,"name":"Datenschutzbestimmungen"}]},{"@type":"WebSite","@id":"https:\/\/scala.rzeszow.pl\/de\/#website","url":"https:\/\/scala.rzeszow.pl\/de\/","name":"Scala","description":"","publisher":{"@id":"https:\/\/scala.rzeszow.pl\/de\/#organization"},"potentialAction":[{"@type":"SearchAction","target":{"@type":"EntryPoint","urlTemplate":"https:\/\/scala.rzeszow.pl\/de\/?s={search_term_string}"},"query-input":{"@type":"PropertyValueSpecification","valueRequired":true,"valueName":"search_term_string"}}],"inLanguage":"de"},{"@type":"Organization","@id":"https:\/\/scala.rzeszow.pl\/de\/#organization","name":"Scala","url":"https:\/\/scala.rzeszow.pl\/de\/","logo":{"@type":"ImageObject","inLanguage":"de","@id":"https:\/\/scala.rzeszow.pl\/de\/#\/schema\/logo\/image\/","url":"https:\/\/scala.rzeszow.pl\/wp-content\/uploads\/2024\/09\/logo-scala.svg","contentUrl":"https:\/\/scala.rzeszow.pl\/wp-content\/uploads\/2024\/09\/logo-scala.svg","width":271,"height":67,"caption":"Scala"},"image":{"@id":"https:\/\/scala.rzeszow.pl\/de\/#\/schema\/logo\/image\/"},"sameAs":["https:\/\/www.facebook.com\/ScalaBranding\/?fref=ts","https:\/\/www.linkedin.com\/company\/scalabranding\/","https:\/\/www.instagram.com\/scala_branding\/","https:\/\/www.youtube.com\/@scala_branding"]}]}},"_links":{"self":[{"href":"https:\/\/scala.rzeszow.pl\/de\/wp-json\/wp\/v2\/pages\/6441","targetHints":{"allow":["GET"]}}],"collection":[{"href":"https:\/\/scala.rzeszow.pl\/de\/wp-json\/wp\/v2\/pages"}],"about":[{"href":"https:\/\/scala.rzeszow.pl\/de\/wp-json\/wp\/v2\/types\/page"}],"author":[{"embeddable":true,"href":"https:\/\/scala.rzeszow.pl\/de\/wp-json\/wp\/v2\/users\/2"}],"replies":[{"embeddable":true,"href":"https:\/\/scala.rzeszow.pl\/de\/wp-json\/wp\/v2\/comments?post=6441"}],"version-history":[{"count":2,"href":"https:\/\/scala.rzeszow.pl\/de\/wp-json\/wp\/v2\/pages\/6441\/revisions"}],"predecessor-version":[{"id":14897,"href":"https:\/\/scala.rzeszow.pl\/de\/wp-json\/wp\/v2\/pages\/6441\/revisions\/14897"}],"wp:attachment":[{"href":"https:\/\/scala.rzeszow.pl\/de\/wp-json\/wp\/v2\/media?parent=6441"}],"curies":[{"name":"wp","href":"https:\/\/api.w.org\/{rel}","templated":true}]}}