{"id":6430,"date":"2024-09-03T11:54:19","date_gmt":"2024-09-03T11:54:19","guid":{"rendered":"http:\/\/scala.rzeszow.pl\/dankeschoen-weisses-etikett\/"},"modified":"2025-11-06T10:44:06","modified_gmt":"2025-11-06T10:44:06","slug":"dankeschoen-weisses-etikett","status":"publish","type":"page","link":"https:\/\/scala.rzeszow.pl\/de\/dankeschoen-weisses-etikett\/","title":{"rendered":"Dankesch\u00f6n-Wei\u00dfes Etikett"},"content":{"rendered":"\t\t<div data-elementor-type=\"wp-page\" data-elementor-id=\"6430\" class=\"elementor elementor-6430 elementor-2904\" data-elementor-post-type=\"page\">\n\t\t\t\t<div class=\"elementor-element elementor-element-69dd426 e-con-full e-flex e-con e-parent\" data-id=\"69dd426\" data-element_type=\"container\" data-settings=\"{&quot;enable_glow_container&quot;:&quot;no&quot;}\">\n\t\t\t\t<div class=\"elementor-element elementor-element-d91a846 elementor-widget elementor-widget-heading\" data-id=\"d91a846\" data-element_type=\"widget\" data-widget_type=\"heading.default\">\n\t\t\t\t<div class=\"elementor-widget-container\">\n\t\t\t\t\t<h1 class=\"elementor-heading-title elementor-size-default\">Wir haben es geschafft! Ihre Nachricht ist bereits in unserem Posteingang <\/h1>\t\t\t\t<\/div>\n\t\t\t\t<\/div>\n\t\t\t\t<div class=\"elementor-element elementor-element-b8f8c10 elementor-widget elementor-widget-heading\" data-id=\"b8f8c10\" data-element_type=\"widget\" data-widget_type=\"heading.default\">\n\t\t\t\t<div class=\"elementor-widget-container\">\n\t\t\t\t\t<p class=\"elementor-heading-title elementor-size-default\">Vielen Dank f\u00fcr Ihr Interesse an unseren White Label Services. Wir freuen uns auf die Zusammenarbeit mit Ihnen! <br><br>Wir pr\u00fcfen Deine Anforderungen und werden uns in K\u00fcrze mit Dir in Verbindung setzen, \u2028um die Einzelheiten zu besprechen \n<br>und Dir ein personalisiertes Angebot zu unterbreiten. \u2028Bis bald! <\/p>\t\t\t\t<\/div>\n\t\t\t\t<\/div>\n\t\t\t\t<\/div>\n\t\t\t\t<\/div>\n\t\t","protected":false},"excerpt":{"rendered":"<p>Wir haben es geschafft! Ihre Nachricht ist bereits in unserem Posteingang Vielen Dank f\u00fcr Ihr Interesse an unseren White Label Services. Wir freuen uns auf die Zusammenarbeit mit Ihnen! Wir pr\u00fcfen Deine Anforderungen und werden uns in K\u00fcrze mit Dir in Verbindung setzen, \u2028um die Einzelheiten zu besprechen und Dir ein personalisiertes Angebot zu unterbreiten. [&hellip;]<\/p>\n","protected":false},"author":2,"featured_media":0,"parent":0,"menu_order":0,"comment_status":"closed","ping_status":"closed","template":"","meta":{"iawp_total_views":0,"footnotes":""},"class_list":["post-6430","page","type-page","status-publish","hentry"],"yoast_head":"<!-- This site is optimized with the Yoast SEO Premium plugin v24.6 (Yoast SEO v25.9) - https:\/\/yoast.com\/wordpress\/plugins\/seo\/ -->\n<title>Dankesch\u00f6n-Wei\u00dfes Etikett - Scala<\/title>\n<meta name=\"description\" content=\"Wir haben es geschafft! Ihre Nachricht ist bereits in unserem Posteingang Vielen Dank f\u00fcr Ihr Interesse an unseren White Label Services. Wir freuen uns\" \/>\n<meta name=\"robots\" content=\"index, follow, max-snippet:-1, max-image-preview:large, max-video-preview:-1\" \/>\n<link rel=\"canonical\" href=\"https:\/\/scala.rzeszow.pl\/de\/dankeschoen-weisses-etikett\/\" \/>\n<meta property=\"og:locale\" content=\"de_DE\" \/>\n<meta property=\"og:type\" content=\"article\" \/>\n<meta property=\"og:title\" content=\"Dankesch\u00f6n-Wei\u00dfes Etikett\" \/>\n<meta property=\"og:description\" content=\"Wir haben es geschafft! Ihre Nachricht ist bereits in unserem Posteingang Vielen Dank f\u00fcr Ihr Interesse an unseren White Label Services. Wir freuen uns\" \/>\n<meta property=\"og:url\" content=\"https:\/\/scala.rzeszow.pl\/de\/dankeschoen-weisses-etikett\/\" \/>\n<meta property=\"og:site_name\" content=\"Scala\" \/>\n<meta property=\"article:publisher\" content=\"https:\/\/www.facebook.com\/ScalaBranding\/?fref=ts\" \/>\n<meta property=\"article:modified_time\" content=\"2025-11-06T10:44:06+00:00\" \/>\n<meta name=\"twitter:card\" content=\"summary_large_image\" \/>\n<script type=\"application\/ld+json\" class=\"yoast-schema-graph\">{\"@context\":\"https:\/\/schema.org\",\"@graph\":[{\"@type\":\"WebPage\",\"@id\":\"https:\/\/scala.rzeszow.pl\/de\/dankeschoen-weisses-etikett\/\",\"url\":\"https:\/\/scala.rzeszow.pl\/de\/dankeschoen-weisses-etikett\/\",\"name\":\"Dankesch\u00f6n-Wei\u00dfes Etikett - Scala\",\"isPartOf\":{\"@id\":\"https:\/\/scala.rzeszow.pl\/de\/#website\"},\"datePublished\":\"2024-09-03T11:54:19+00:00\",\"dateModified\":\"2025-11-06T10:44:06+00:00\",\"description\":\"Wir haben es geschafft! Ihre Nachricht ist bereits in unserem Posteingang Vielen Dank f\u00fcr Ihr Interesse an unseren White Label Services. Wir freuen uns\",\"breadcrumb\":{\"@id\":\"https:\/\/scala.rzeszow.pl\/de\/dankeschoen-weisses-etikett\/#breadcrumb\"},\"inLanguage\":\"de\",\"potentialAction\":[{\"@type\":\"ReadAction\",\"target\":[\"https:\/\/scala.rzeszow.pl\/de\/dankeschoen-weisses-etikett\/\"]}]},{\"@type\":\"BreadcrumbList\",\"@id\":\"https:\/\/scala.rzeszow.pl\/de\/dankeschoen-weisses-etikett\/#breadcrumb\",\"itemListElement\":[{\"@type\":\"ListItem\",\"position\":1,\"name\":\"Strona g\u0142\u00f3wna\",\"item\":\"https:\/\/scala.rzeszow.pl\/de\/homepage\/\"},{\"@type\":\"ListItem\",\"position\":2,\"name\":\"Dankesch\u00f6n-Wei\u00dfes Etikett\"}]},{\"@type\":\"WebSite\",\"@id\":\"https:\/\/scala.rzeszow.pl\/de\/#website\",\"url\":\"https:\/\/scala.rzeszow.pl\/de\/\",\"name\":\"Scala\",\"description\":\"\",\"publisher\":{\"@id\":\"https:\/\/scala.rzeszow.pl\/de\/#organization\"},\"potentialAction\":[{\"@type\":\"SearchAction\",\"target\":{\"@type\":\"EntryPoint\",\"urlTemplate\":\"https:\/\/scala.rzeszow.pl\/de\/?s={search_term_string}\"},\"query-input\":{\"@type\":\"PropertyValueSpecification\",\"valueRequired\":true,\"valueName\":\"search_term_string\"}}],\"inLanguage\":\"de\"},{\"@type\":\"Organization\",\"@id\":\"https:\/\/scala.rzeszow.pl\/de\/#organization\",\"name\":\"Scala\",\"url\":\"https:\/\/scala.rzeszow.pl\/de\/\",\"logo\":{\"@type\":\"ImageObject\",\"inLanguage\":\"de\",\"@id\":\"https:\/\/scala.rzeszow.pl\/de\/#\/schema\/logo\/image\/\",\"url\":\"https:\/\/scala.rzeszow.pl\/wp-content\/uploads\/2024\/09\/logo-scala.svg\",\"contentUrl\":\"https:\/\/scala.rzeszow.pl\/wp-content\/uploads\/2024\/09\/logo-scala.svg\",\"width\":271,\"height\":67,\"caption\":\"Scala\"},\"image\":{\"@id\":\"https:\/\/scala.rzeszow.pl\/de\/#\/schema\/logo\/image\/\"},\"sameAs\":[\"https:\/\/www.facebook.com\/ScalaBranding\/?fref=ts\",\"https:\/\/www.linkedin.com\/company\/scalabranding\/\",\"https:\/\/www.instagram.com\/scala_branding\/\",\"https:\/\/www.youtube.com\/@scala_branding\"]}]}<\/script>\n<!-- \/ Yoast SEO Premium plugin. -->","yoast_head_json":{"title":"Dankesch\u00f6n-Wei\u00dfes Etikett - Scala","description":"Wir haben es geschafft! Ihre Nachricht ist bereits in unserem Posteingang Vielen Dank f\u00fcr Ihr Interesse an unseren White Label Services. Wir freuen uns","robots":{"index":"index","follow":"follow","max-snippet":"max-snippet:-1","max-image-preview":"max-image-preview:large","max-video-preview":"max-video-preview:-1"},"canonical":"https:\/\/scala.rzeszow.pl\/de\/dankeschoen-weisses-etikett\/","og_locale":"de_DE","og_type":"article","og_title":"Dankesch\u00f6n-Wei\u00dfes Etikett","og_description":"Wir haben es geschafft! Ihre Nachricht ist bereits in unserem Posteingang Vielen Dank f\u00fcr Ihr Interesse an unseren White Label Services. Wir freuen uns","og_url":"https:\/\/scala.rzeszow.pl\/de\/dankeschoen-weisses-etikett\/","og_site_name":"Scala","article_publisher":"https:\/\/www.facebook.com\/ScalaBranding\/?fref=ts","article_modified_time":"2025-11-06T10:44:06+00:00","twitter_card":"summary_large_image","schema":{"@context":"https:\/\/schema.org","@graph":[{"@type":"WebPage","@id":"https:\/\/scala.rzeszow.pl\/de\/dankeschoen-weisses-etikett\/","url":"https:\/\/scala.rzeszow.pl\/de\/dankeschoen-weisses-etikett\/","name":"Dankesch\u00f6n-Wei\u00dfes Etikett - Scala","isPartOf":{"@id":"https:\/\/scala.rzeszow.pl\/de\/#website"},"datePublished":"2024-09-03T11:54:19+00:00","dateModified":"2025-11-06T10:44:06+00:00","description":"Wir haben es geschafft! Ihre Nachricht ist bereits in unserem Posteingang Vielen Dank f\u00fcr Ihr Interesse an unseren White Label Services. Wir freuen uns","breadcrumb":{"@id":"https:\/\/scala.rzeszow.pl\/de\/dankeschoen-weisses-etikett\/#breadcrumb"},"inLanguage":"de","potentialAction":[{"@type":"ReadAction","target":["https:\/\/scala.rzeszow.pl\/de\/dankeschoen-weisses-etikett\/"]}]},{"@type":"BreadcrumbList","@id":"https:\/\/scala.rzeszow.pl\/de\/dankeschoen-weisses-etikett\/#breadcrumb","itemListElement":[{"@type":"ListItem","position":1,"name":"Strona g\u0142\u00f3wna","item":"https:\/\/scala.rzeszow.pl\/de\/homepage\/"},{"@type":"ListItem","position":2,"name":"Dankesch\u00f6n-Wei\u00dfes Etikett"}]},{"@type":"WebSite","@id":"https:\/\/scala.rzeszow.pl\/de\/#website","url":"https:\/\/scala.rzeszow.pl\/de\/","name":"Scala","description":"","publisher":{"@id":"https:\/\/scala.rzeszow.pl\/de\/#organization"},"potentialAction":[{"@type":"SearchAction","target":{"@type":"EntryPoint","urlTemplate":"https:\/\/scala.rzeszow.pl\/de\/?s={search_term_string}"},"query-input":{"@type":"PropertyValueSpecification","valueRequired":true,"valueName":"search_term_string"}}],"inLanguage":"de"},{"@type":"Organization","@id":"https:\/\/scala.rzeszow.pl\/de\/#organization","name":"Scala","url":"https:\/\/scala.rzeszow.pl\/de\/","logo":{"@type":"ImageObject","inLanguage":"de","@id":"https:\/\/scala.rzeszow.pl\/de\/#\/schema\/logo\/image\/","url":"https:\/\/scala.rzeszow.pl\/wp-content\/uploads\/2024\/09\/logo-scala.svg","contentUrl":"https:\/\/scala.rzeszow.pl\/wp-content\/uploads\/2024\/09\/logo-scala.svg","width":271,"height":67,"caption":"Scala"},"image":{"@id":"https:\/\/scala.rzeszow.pl\/de\/#\/schema\/logo\/image\/"},"sameAs":["https:\/\/www.facebook.com\/ScalaBranding\/?fref=ts","https:\/\/www.linkedin.com\/company\/scalabranding\/","https:\/\/www.instagram.com\/scala_branding\/","https:\/\/www.youtube.com\/@scala_branding"]}]}},"_links":{"self":[{"href":"https:\/\/scala.rzeszow.pl\/de\/wp-json\/wp\/v2\/pages\/6430","targetHints":{"allow":["GET"]}}],"collection":[{"href":"https:\/\/scala.rzeszow.pl\/de\/wp-json\/wp\/v2\/pages"}],"about":[{"href":"https:\/\/scala.rzeszow.pl\/de\/wp-json\/wp\/v2\/types\/page"}],"author":[{"embeddable":true,"href":"https:\/\/scala.rzeszow.pl\/de\/wp-json\/wp\/v2\/users\/2"}],"replies":[{"embeddable":true,"href":"https:\/\/scala.rzeszow.pl\/de\/wp-json\/wp\/v2\/comments?post=6430"}],"version-history":[{"count":4,"href":"https:\/\/scala.rzeszow.pl\/de\/wp-json\/wp\/v2\/pages\/6430\/revisions"}],"predecessor-version":[{"id":20177,"href":"https:\/\/scala.rzeszow.pl\/de\/wp-json\/wp\/v2\/pages\/6430\/revisions\/20177"}],"wp:attachment":[{"href":"https:\/\/scala.rzeszow.pl\/de\/wp-json\/wp\/v2\/media?parent=6430"}],"curies":[{"name":"wp","href":"https:\/\/api.w.org\/{rel}","templated":true}]}}