{"id":6269,"date":"2024-02-04T10:48:32","date_gmt":"2024-02-04T10:48:32","guid":{"rendered":"http:\/\/scala.rzeszow.pl\/inhaltsverzeichnis\/"},"modified":"2024-10-09T14:57:29","modified_gmt":"2024-10-09T14:57:29","slug":"inhaltsverzeichnis","status":"publish","type":"page","link":"https:\/\/scala.rzeszow.pl\/de\/inhaltsverzeichnis\/","title":{"rendered":"Inhaltsverzeichnis"},"content":{"rendered":"\t\t<div data-elementor-type=\"wp-page\" data-elementor-id=\"6269\" class=\"elementor elementor-6269 elementor-2192\" data-elementor-post-type=\"page\">\n\t\t\t\t<div class=\"elementor-element elementor-element-c3a8cf6 e-con-full e-flex e-con e-parent\" data-id=\"c3a8cf6\" data-element_type=\"container\" data-settings=\"{&quot;enable_glow_container&quot;:&quot;no&quot;}\">\n\t\t\t\t<div class=\"elementor-element elementor-element-65bc53a elementor-widget elementor-widget-heading\" data-id=\"65bc53a\" data-element_type=\"widget\" data-settings=\"{&quot;custom-text-animation&quot;:&quot;type3&quot;}\" data-widget_type=\"heading.default\">\n\t\t\t\t<div class=\"elementor-widget-container\">\n\t\t\t\t\t<div data-animation-type=\"type3\" ><h2 class=\"elementor-heading-title elementor-size-default\">Inhaltsverzeichnis<\/h2><\/div>\t\t\t\t<\/div>\n\t\t\t\t<\/div>\n\t\t<div class=\"elementor-element elementor-element-5339449 e-con-full e-flex e-con e-child\" data-id=\"5339449\" data-element_type=\"container\" data-settings=\"{&quot;enable_glow_container&quot;:&quot;no&quot;}\">\n\t\t\t\t<div class=\"elementor-element elementor-element-746f38d elementor-grid-1 elementor-grid-tablet-1 elementor-grid-mobile-1 elementor-widget elementor-widget-loop-grid\" data-id=\"746f38d\" data-element_type=\"widget\" data-settings=\"{&quot;template_id&quot;:6386,&quot;columns&quot;:1,&quot;columns_tablet&quot;:1,&quot;_skin&quot;:&quot;post&quot;,&quot;columns_mobile&quot;:&quot;1&quot;,&quot;edit_handle_selector&quot;:&quot;[data-elementor-type=\\&quot;loop-item\\&quot;]&quot;,&quot;row_gap&quot;:{&quot;unit&quot;:&quot;px&quot;,&quot;size&quot;:&quot;&quot;,&quot;sizes&quot;:[]},&quot;row_gap_tablet&quot;:{&quot;unit&quot;:&quot;px&quot;,&quot;size&quot;:&quot;&quot;,&quot;sizes&quot;:[]},&quot;row_gap_mobile&quot;:{&quot;unit&quot;:&quot;px&quot;,&quot;size&quot;:&quot;&quot;,&quot;sizes&quot;:[]}}\" data-widget_type=\"loop-grid.post\">\n\t\t\t\t<div class=\"elementor-widget-container\">\n\t\t\t\t\t\t\t<div class=\"elementor-loop-container elementor-grid\" role=\"list\">\n\t\t<style id=\"loop-6386\">.elementor-6386 .elementor-element.elementor-element-82d82f2{--display:flex;--flex-direction:row;--container-widget-width:calc( ( 1 - var( --container-widget-flex-grow ) ) * 100% );--container-widget-height:100%;--container-widget-flex-grow:1;--container-widget-align-self:stretch;--flex-wrap-mobile:wrap;--align-items:center;--gap:5vw 5vw;--row-gap:5vw;--column-gap:5vw;border-style:solid;--border-style:solid;border-width:2px 0px 0px 0px;--border-top-width:2px;--border-right-width:0px;--border-bottom-width:0px;--border-left-width:0px;border-color:var( --e-global-color-accent );--border-color:var( --e-global-color-accent );--border-radius:1px 0px 0px 0px;--padding-top:2vw;--padding-bottom:2vw;--padding-left:2vw;--padding-right:2vw;}.elementor-6386 .elementor-element.elementor-element-82d82f2 [data-glow]{--border-light-opacity:1;}.elementor-6386 .elementor-element.elementor-element-85e6beb img{width:20vw;}.elementor-6386 .elementor-element.elementor-element-be1c957{--display:flex;}.elementor-6386 .elementor-element.elementor-element-be1c957 [data-glow]{--border-light-opacity:1;}.elementor-6386 .elementor-element.elementor-element-27a03c3 .elementor-heading-title{font-family:var( --e-global-typography-secondary-font-family ), Sans-serif;font-size:var( --e-global-typography-secondary-font-size );font-weight:var( --e-global-typography-secondary-font-weight );line-height:var( --e-global-typography-secondary-line-height );color:var( --e-global-color-primary );}.elementor-6386 .elementor-element.elementor-element-869a483 .elementor-widget-container{font-family:var( --e-global-typography-text-font-family ), Sans-serif;font-size:var( --e-global-typography-text-font-size );font-weight:var( --e-global-typography-text-font-weight );line-height:var( --e-global-typography-text-line-height );color:var( --e-global-color-secondary );}@media(min-width:768px){.elementor-6386 .elementor-element.elementor-element-be1c957{--width:70%;}}@media(max-width:1024px){.elementor-6386 .elementor-element.elementor-element-27a03c3 .elementor-heading-title{font-size:var( --e-global-typography-secondary-font-size );line-height:var( --e-global-typography-secondary-line-height );}.elementor-6386 .elementor-element.elementor-element-869a483 .elementor-widget-container{font-size:var( --e-global-typography-text-font-size );line-height:var( --e-global-typography-text-line-height );}}@media(max-width:767px){.elementor-6386 .elementor-element.elementor-element-27a03c3 .elementor-heading-title{font-size:var( --e-global-typography-secondary-font-size );line-height:var( --e-global-typography-secondary-line-height );}.elementor-6386 .elementor-element.elementor-element-869a483 .elementor-widget-container{font-size:var( --e-global-typography-text-font-size );line-height:var( --e-global-typography-text-line-height );}}<\/style>\t\t<div data-elementor-type=\"loop-item\" data-elementor-id=\"6386\" class=\"elementor elementor-6386 elementor-2380 e-loop-item e-loop-item-21082 post-21082 post type-post status-publish format-standard hentry category-unkategorisiert\" data-elementor-post-type=\"elementor_library\" data-custom-edit-handle=\"1\">\n\t\t\t<a class=\"elementor-element elementor-element-82d82f2 e-con-full e-flex e-con e-parent\" data-id=\"82d82f2\" data-element_type=\"container\" data-settings=\"{&quot;enable_glow_container&quot;:&quot;no&quot;}\" href=\"https:\/\/scala.rzeszow.pl\/de\/wie-gestaltet-man-kleidungsetiketten-die-eine-marke-aufbauen\/\">\n\t\t<div class=\"elementor-element elementor-element-be1c957 e-con-full e-flex e-con e-child\" data-id=\"be1c957\" data-element_type=\"container\" data-settings=\"{&quot;enable_glow_container&quot;:&quot;no&quot;}\">\n\t\t\t\t<div class=\"elementor-element elementor-element-27a03c3 elementor-widget elementor-widget-heading\" data-id=\"27a03c3\" data-element_type=\"widget\" data-widget_type=\"heading.default\">\n\t\t\t\t<div class=\"elementor-widget-container\">\n\t\t\t\t\t<h2 class=\"elementor-heading-title elementor-size-default\">Wie gestaltet man ein Etikett, das verkauft?<\/h2>\t\t\t\t<\/div>\n\t\t\t\t<\/div>\n\t\t\t\t<div class=\"elementor-element elementor-element-869a483 elementor-widget elementor-widget-theme-post-excerpt\" data-id=\"869a483\" data-element_type=\"widget\" data-widget_type=\"theme-post-excerpt.default\">\n\t\t\t\t<div class=\"elementor-widget-container\">\n\t\t\t\t\tKleideretiketten, Jacquard-Etiketten, Etiketten mit Firmennamen \u2013 egal wie man sie nennt, ihre Hauptaufgabe ist es, die Marke zu repr\u00e4sentieren. Sie sind die Visitenkarte der Marke, die mit der visuellen Identit\u00e4t der Marke \u00fcbereinstimmen und die von der Marke vertretenen Werte widerspiegeln sollte. \t\t\t\t<\/div>\n\t\t\t\t<\/div>\n\t\t\t\t<\/div>\n\t\t\t\t<\/a>\n\t\t\t\t<\/div>\n\t\t\t\t<div data-elementor-type=\"loop-item\" data-elementor-id=\"6386\" class=\"elementor elementor-6386 elementor-2380 e-loop-item e-loop-item-21062 post-21062 post type-post status-publish format-standard hentry category-unkategorisiert\" data-elementor-post-type=\"elementor_library\" data-custom-edit-handle=\"1\">\n\t\t\t<a class=\"elementor-element elementor-element-82d82f2 e-con-full e-flex e-con e-parent\" data-id=\"82d82f2\" data-element_type=\"container\" data-settings=\"{&quot;enable_glow_container&quot;:&quot;no&quot;}\" href=\"https:\/\/scala.rzeszow.pl\/de\/wie-bringen-sie-ihre-kunden-dazu-die-etiketten-nicht-abzuschneiden-ein-kompletter-leitfaden-fur-modemarken-2\/\">\n\t\t<div class=\"elementor-element elementor-element-be1c957 e-con-full e-flex e-con e-child\" data-id=\"be1c957\" data-element_type=\"container\" data-settings=\"{&quot;enable_glow_container&quot;:&quot;no&quot;}\">\n\t\t\t\t<div class=\"elementor-element elementor-element-27a03c3 elementor-widget elementor-widget-heading\" data-id=\"27a03c3\" data-element_type=\"widget\" data-widget_type=\"heading.default\">\n\t\t\t\t<div class=\"elementor-widget-container\">\n\t\t\t\t\t<h2 class=\"elementor-heading-title elementor-size-default\">Wie gestaltet man Kleidungsetiketten, die eine Marke aufbauen?<\/h2>\t\t\t\t<\/div>\n\t\t\t\t<\/div>\n\t\t\t\t<div class=\"elementor-element elementor-element-869a483 elementor-widget elementor-widget-theme-post-excerpt\" data-id=\"869a483\" data-element_type=\"widget\" data-widget_type=\"theme-post-excerpt.default\">\n\t\t\t\t<div class=\"elementor-widget-container\">\n\t\t\t\t\tKleideretiketten, Jacquard-Etiketten, Etiketten mit Firmennamen \u2013 egal wie man sie nennt, ihre Hauptaufgabe ist es, die Marke zu repr\u00e4sentieren. Sie sind die Visitenkarte der Marke, die mit der visuellen Identit\u00e4t der Marke \u00fcbereinstimmen und die von der Marke vertretenen Werte widerspiegeln sollte. \t\t\t\t<\/div>\n\t\t\t\t<\/div>\n\t\t\t\t<\/div>\n\t\t\t\t<\/a>\n\t\t\t\t<\/div>\n\t\t\t\t<div data-elementor-type=\"loop-item\" data-elementor-id=\"6386\" class=\"elementor elementor-6386 elementor-2380 e-loop-item e-loop-item-21043 post-21043 post type-post status-publish format-standard hentry\" data-elementor-post-type=\"elementor_library\" data-custom-edit-handle=\"1\">\n\t\t\t<a class=\"elementor-element elementor-element-82d82f2 e-con-full e-flex e-con e-parent\" data-id=\"82d82f2\" data-element_type=\"container\" data-settings=\"{&quot;enable_glow_container&quot;:&quot;no&quot;}\" href=\"https:\/\/scala.rzeszow.pl\/de\/welche-marken-werden-2026-in-mode-sein-2\/\">\n\t\t<div class=\"elementor-element elementor-element-be1c957 e-con-full e-flex e-con e-child\" data-id=\"be1c957\" data-element_type=\"container\" data-settings=\"{&quot;enable_glow_container&quot;:&quot;no&quot;}\">\n\t\t\t\t<div class=\"elementor-element elementor-element-27a03c3 elementor-widget elementor-widget-heading\" data-id=\"27a03c3\" data-element_type=\"widget\" data-widget_type=\"heading.default\">\n\t\t\t\t<div class=\"elementor-widget-container\">\n\t\t\t\t\t<h2 class=\"elementor-heading-title elementor-size-default\">Wie gestaltet man Kleidungsetiketten, die eine Marke aufbauen?<\/h2>\t\t\t\t<\/div>\n\t\t\t\t<\/div>\n\t\t\t\t<div class=\"elementor-element elementor-element-869a483 elementor-widget elementor-widget-theme-post-excerpt\" data-id=\"869a483\" data-element_type=\"widget\" data-widget_type=\"theme-post-excerpt.default\">\n\t\t\t\t<div class=\"elementor-widget-container\">\n\t\t\t\t\tKleideretiketten, Jacquard-Etiketten, Etiketten mit Firmennamen \u2013 egal wie man sie nennt, ihre Hauptaufgabe ist es, die Marke zu repr\u00e4sentieren. Sie sind die Visitenkarte der Marke, die mit der visuellen Identit\u00e4t der Marke \u00fcbereinstimmen und die von der Marke vertretenen Werte widerspiegeln sollte. \t\t\t\t<\/div>\n\t\t\t\t<\/div>\n\t\t\t\t<\/div>\n\t\t\t\t<\/a>\n\t\t\t\t<\/div>\n\t\t\t\t<div data-elementor-type=\"loop-item\" data-elementor-id=\"6386\" class=\"elementor elementor-6386 elementor-2380 e-loop-item e-loop-item-21033 post-21033 post type-post status-publish format-standard hentry\" data-elementor-post-type=\"elementor_library\" data-custom-edit-handle=\"1\">\n\t\t\t<a class=\"elementor-element elementor-element-82d82f2 e-con-full e-flex e-con e-parent\" data-id=\"82d82f2\" data-element_type=\"container\" data-settings=\"{&quot;enable_glow_container&quot;:&quot;no&quot;}\" href=\"https:\/\/scala.rzeszow.pl\/de\/welche-marken-werden-2026-in-mode-sein\/\">\n\t\t<div class=\"elementor-element elementor-element-be1c957 e-con-full e-flex e-con e-child\" data-id=\"be1c957\" data-element_type=\"container\" data-settings=\"{&quot;enable_glow_container&quot;:&quot;no&quot;}\">\n\t\t\t\t<div class=\"elementor-element elementor-element-27a03c3 elementor-widget elementor-widget-heading\" data-id=\"27a03c3\" data-element_type=\"widget\" data-widget_type=\"heading.default\">\n\t\t\t\t<div class=\"elementor-widget-container\">\n\t\t\t\t\t<h2 class=\"elementor-heading-title elementor-size-default\">Welche Marken werden 2026 in Mode sein?<\/h2>\t\t\t\t<\/div>\n\t\t\t\t<\/div>\n\t\t\t\t<div class=\"elementor-element elementor-element-869a483 elementor-widget elementor-widget-theme-post-excerpt\" data-id=\"869a483\" data-element_type=\"widget\" data-widget_type=\"theme-post-excerpt.default\">\n\t\t\t\t<div class=\"elementor-widget-container\">\n\t\t\t\t\tKleideretiketten, Jacquard-Etiketten, Etiketten mit Firmennamen \u2013 egal wie man sie nennt, ihre Hauptaufgabe ist es, die Marke zu repr\u00e4sentieren. Sie sind die Visitenkarte der Marke, die mit der visuellen Identit\u00e4t der Marke \u00fcbereinstimmen und die von der Marke vertretenen Werte widerspiegeln sollte. \t\t\t\t<\/div>\n\t\t\t\t<\/div>\n\t\t\t\t<\/div>\n\t\t\t\t<\/a>\n\t\t\t\t<\/div>\n\t\t\t\t<div data-elementor-type=\"loop-item\" data-elementor-id=\"6386\" class=\"elementor elementor-6386 elementor-2380 e-loop-item e-loop-item-21005 post-21005 post type-post status-publish format-standard hentry category-unkategorisiert\" data-elementor-post-type=\"elementor_library\" data-custom-edit-handle=\"1\">\n\t\t\t<a class=\"elementor-element elementor-element-82d82f2 e-con-full e-flex e-con e-parent\" data-id=\"82d82f2\" data-element_type=\"container\" data-settings=\"{&quot;enable_glow_container&quot;:&quot;no&quot;}\" href=\"https:\/\/scala.rzeszow.pl\/de\/wie-bringen-sie-ihre-kunden-dazu-die-etiketten-nicht-abzuschneiden-ein-kompletter-leitfaden-fur-modemarken\/\">\n\t\t<div class=\"elementor-element elementor-element-be1c957 e-con-full e-flex e-con e-child\" data-id=\"be1c957\" data-element_type=\"container\" data-settings=\"{&quot;enable_glow_container&quot;:&quot;no&quot;}\">\n\t\t\t\t<div class=\"elementor-element elementor-element-27a03c3 elementor-widget elementor-widget-heading\" data-id=\"27a03c3\" data-element_type=\"widget\" data-widget_type=\"heading.default\">\n\t\t\t\t<div class=\"elementor-widget-container\">\n\t\t\t\t\t<h2 class=\"elementor-heading-title elementor-size-default\">Welche Marken werden 2026 in Mode sein?<\/h2>\t\t\t\t<\/div>\n\t\t\t\t<\/div>\n\t\t\t\t<div class=\"elementor-element elementor-element-869a483 elementor-widget elementor-widget-theme-post-excerpt\" data-id=\"869a483\" data-element_type=\"widget\" data-widget_type=\"theme-post-excerpt.default\">\n\t\t\t\t<div class=\"elementor-widget-container\">\n\t\t\t\t\tKleideretiketten, Jacquard-Etiketten, Etiketten mit Firmennamen \u2013 egal wie man sie nennt, ihre Hauptaufgabe ist es, die Marke zu repr\u00e4sentieren. Sie sind die Visitenkarte der Marke, die mit der visuellen Identit\u00e4t der Marke \u00fcbereinstimmen und die von der Marke vertretenen Werte widerspiegeln sollte. \t\t\t\t<\/div>\n\t\t\t\t<\/div>\n\t\t\t\t<\/div>\n\t\t\t\t<\/a>\n\t\t\t\t<\/div>\n\t\t\t\t<div data-elementor-type=\"loop-item\" data-elementor-id=\"6386\" class=\"elementor elementor-6386 elementor-2380 e-loop-item e-loop-item-20620 post-20620 post type-post status-publish format-standard has-post-thumbnail hentry\" data-elementor-post-type=\"elementor_library\" data-custom-edit-handle=\"1\">\n\t\t\t<a class=\"elementor-element elementor-element-82d82f2 e-con-full e-flex e-con e-parent\" data-id=\"82d82f2\" data-element_type=\"container\" data-settings=\"{&quot;enable_glow_container&quot;:&quot;no&quot;}\" href=\"https:\/\/scala.rzeszow.pl\/de\/welche-etiketten-sind-2026-im-trend-trends-bei-jacquard-etiketten-und-gewebten-accessoires\/\">\n\t\t\t\t<div class=\"elementor-element elementor-element-85e6beb elementor-widget elementor-widget-image\" data-id=\"85e6beb\" data-element_type=\"widget\" data-widget_type=\"image.default\">\n\t\t\t\t<div class=\"elementor-widget-container\">\n\t\t\t\t\t\t\t\t\t\t\t\t\t\t\t<img fetchpriority=\"high\" decoding=\"async\" width=\"725\" height=\"1024\" src=\"https:\/\/scala.rzeszow.pl\/wp-content\/uploads\/2025\/12\/111-725x1024.png\" class=\"attachment-large size-large wp-image-20700\" alt=\"\" srcset=\"https:\/\/scala.rzeszow.pl\/wp-content\/uploads\/2025\/12\/111-725x1024.png 725w, https:\/\/scala.rzeszow.pl\/wp-content\/uploads\/2025\/12\/111-212x300.png 212w, https:\/\/scala.rzeszow.pl\/wp-content\/uploads\/2025\/12\/111-768x1085.png 768w, https:\/\/scala.rzeszow.pl\/wp-content\/uploads\/2025\/12\/111-1087x1536.png 1087w, https:\/\/scala.rzeszow.pl\/wp-content\/uploads\/2025\/12\/111-1449x2048.png 1449w, https:\/\/scala.rzeszow.pl\/wp-content\/uploads\/2025\/12\/111-600x848.png 600w, https:\/\/scala.rzeszow.pl\/wp-content\/uploads\/2025\/12\/111-scaled.png 1811w\" sizes=\"(max-width: 725px) 100vw, 725px\" \/>\t\t\t\t\t\t\t\t\t\t\t\t\t\t\t<\/div>\n\t\t\t\t<\/div>\n\t\t<div class=\"elementor-element elementor-element-be1c957 e-con-full e-flex e-con e-child\" data-id=\"be1c957\" data-element_type=\"container\" data-settings=\"{&quot;enable_glow_container&quot;:&quot;no&quot;}\">\n\t\t\t\t<div class=\"elementor-element elementor-element-27a03c3 elementor-widget elementor-widget-heading\" data-id=\"27a03c3\" data-element_type=\"widget\" data-widget_type=\"heading.default\">\n\t\t\t\t<div class=\"elementor-widget-container\">\n\t\t\t\t\t<h2 class=\"elementor-heading-title elementor-size-default\">Welche Etiketten sind 2026 im Trend? Trends bei Jacquard-Etiketten und gewebten Accessoires<\/h2>\t\t\t\t<\/div>\n\t\t\t\t<\/div>\n\t\t\t\t<div class=\"elementor-element elementor-element-869a483 elementor-widget elementor-widget-theme-post-excerpt\" data-id=\"869a483\" data-element_type=\"widget\" data-widget_type=\"theme-post-excerpt.default\">\n\t\t\t\t<div class=\"elementor-widget-container\">\n\t\t\t\t\tDas Jahr 2026 verspricht eine Zeit zu werden, in der Details eine noch gr\u00f6\u00dfere Rolle beim Aufbau des Markenimages spielen werden. Das Etikett ist nicht l\u00e4nger nur ein Informationstr\u00e4ger \u2013 es wird zu einem Element der visuellen Identit\u00e4t, der Qualit\u00e4t und der Werte, die die Marke ihren Kunden vermittelt.Welche Trends bei Jacquard-Etiketten und gewebten Accessoires werden in der kommenden Saison dominieren? Hier sind die wichtigsten Richtungen, die Sie bei der Gestaltung der Kollektion f\u00fcr das Jahr 2026 ber\u00fccksichtigen sollten.  \n\t\t\t\t<\/div>\n\t\t\t\t<\/div>\n\t\t\t\t<\/div>\n\t\t\t\t<\/a>\n\t\t\t\t<\/div>\n\t\t\t\t<\/div>\n\t\t\n\t\t\t\t\t\t<\/div>\n\t\t\t\t<\/div>\n\t\t\t\t<\/div>\n\t\t\t\t<\/div>\n\t\t\t\t<\/div>\n\t\t","protected":false},"excerpt":{"rendered":"<p>Inhaltsverzeichnis<\/p>\n","protected":false},"author":2,"featured_media":0,"parent":0,"menu_order":0,"comment_status":"closed","ping_status":"closed","template":"","meta":{"iawp_total_views":0,"footnotes":""},"class_list":["post-6269","page","type-page","status-publish","hentry"],"yoast_head":"<!-- This site is optimized with the Yoast SEO Premium plugin v24.6 (Yoast SEO v25.9) - https:\/\/yoast.com\/wordpress\/plugins\/seo\/ -->\n<title>Inhaltsverzeichnis - Scala<\/title>\n<meta name=\"description\" content=\"Inhaltsverzeichnis\" \/>\n<meta name=\"robots\" content=\"index, follow, max-snippet:-1, max-image-preview:large, max-video-preview:-1\" \/>\n<link rel=\"canonical\" href=\"https:\/\/scala.rzeszow.pl\/de\/inhaltsverzeichnis\/\" \/>\n<meta property=\"og:locale\" content=\"de_DE\" \/>\n<meta property=\"og:type\" content=\"article\" \/>\n<meta property=\"og:title\" content=\"Inhaltsverzeichnis\" \/>\n<meta property=\"og:description\" content=\"Inhaltsverzeichnis\" \/>\n<meta property=\"og:url\" content=\"https:\/\/scala.rzeszow.pl\/de\/inhaltsverzeichnis\/\" \/>\n<meta property=\"og:site_name\" content=\"Scala\" \/>\n<meta property=\"article:publisher\" content=\"https:\/\/www.facebook.com\/ScalaBranding\/?fref=ts\" \/>\n<meta property=\"article:modified_time\" content=\"2024-10-09T14:57:29+00:00\" \/>\n<meta name=\"twitter:card\" content=\"summary_large_image\" \/>\n<script type=\"application\/ld+json\" class=\"yoast-schema-graph\">{\"@context\":\"https:\/\/schema.org\",\"@graph\":[{\"@type\":\"WebPage\",\"@id\":\"https:\/\/scala.rzeszow.pl\/de\/inhaltsverzeichnis\/\",\"url\":\"https:\/\/scala.rzeszow.pl\/de\/inhaltsverzeichnis\/\",\"name\":\"Inhaltsverzeichnis - Scala\",\"isPartOf\":{\"@id\":\"https:\/\/scala.rzeszow.pl\/de\/#website\"},\"datePublished\":\"2024-02-04T10:48:32+00:00\",\"dateModified\":\"2024-10-09T14:57:29+00:00\",\"description\":\"Inhaltsverzeichnis\",\"breadcrumb\":{\"@id\":\"https:\/\/scala.rzeszow.pl\/de\/inhaltsverzeichnis\/#breadcrumb\"},\"inLanguage\":\"de\",\"potentialAction\":[{\"@type\":\"ReadAction\",\"target\":[\"https:\/\/scala.rzeszow.pl\/de\/inhaltsverzeichnis\/\"]}]},{\"@type\":\"BreadcrumbList\",\"@id\":\"https:\/\/scala.rzeszow.pl\/de\/inhaltsverzeichnis\/#breadcrumb\",\"itemListElement\":[{\"@type\":\"ListItem\",\"position\":1,\"name\":\"Strona g\u0142\u00f3wna\",\"item\":\"https:\/\/scala.rzeszow.pl\/de\/homepage\/\"},{\"@type\":\"ListItem\",\"position\":2,\"name\":\"Inhaltsverzeichnis\"}]},{\"@type\":\"WebSite\",\"@id\":\"https:\/\/scala.rzeszow.pl\/de\/#website\",\"url\":\"https:\/\/scala.rzeszow.pl\/de\/\",\"name\":\"Scala\",\"description\":\"\",\"publisher\":{\"@id\":\"https:\/\/scala.rzeszow.pl\/de\/#organization\"},\"potentialAction\":[{\"@type\":\"SearchAction\",\"target\":{\"@type\":\"EntryPoint\",\"urlTemplate\":\"https:\/\/scala.rzeszow.pl\/de\/?s={search_term_string}\"},\"query-input\":{\"@type\":\"PropertyValueSpecification\",\"valueRequired\":true,\"valueName\":\"search_term_string\"}}],\"inLanguage\":\"de\"},{\"@type\":\"Organization\",\"@id\":\"https:\/\/scala.rzeszow.pl\/de\/#organization\",\"name\":\"Scala\",\"url\":\"https:\/\/scala.rzeszow.pl\/de\/\",\"logo\":{\"@type\":\"ImageObject\",\"inLanguage\":\"de\",\"@id\":\"https:\/\/scala.rzeszow.pl\/de\/#\/schema\/logo\/image\/\",\"url\":\"https:\/\/scala.rzeszow.pl\/wp-content\/uploads\/2024\/09\/logo-scala.svg\",\"contentUrl\":\"https:\/\/scala.rzeszow.pl\/wp-content\/uploads\/2024\/09\/logo-scala.svg\",\"width\":271,\"height\":67,\"caption\":\"Scala\"},\"image\":{\"@id\":\"https:\/\/scala.rzeszow.pl\/de\/#\/schema\/logo\/image\/\"},\"sameAs\":[\"https:\/\/www.facebook.com\/ScalaBranding\/?fref=ts\",\"https:\/\/www.linkedin.com\/company\/scalabranding\/\",\"https:\/\/www.instagram.com\/scala_branding\/\",\"https:\/\/www.youtube.com\/@scala_branding\"]}]}<\/script>\n<!-- \/ Yoast SEO Premium plugin. -->","yoast_head_json":{"title":"Inhaltsverzeichnis - Scala","description":"Inhaltsverzeichnis","robots":{"index":"index","follow":"follow","max-snippet":"max-snippet:-1","max-image-preview":"max-image-preview:large","max-video-preview":"max-video-preview:-1"},"canonical":"https:\/\/scala.rzeszow.pl\/de\/inhaltsverzeichnis\/","og_locale":"de_DE","og_type":"article","og_title":"Inhaltsverzeichnis","og_description":"Inhaltsverzeichnis","og_url":"https:\/\/scala.rzeszow.pl\/de\/inhaltsverzeichnis\/","og_site_name":"Scala","article_publisher":"https:\/\/www.facebook.com\/ScalaBranding\/?fref=ts","article_modified_time":"2024-10-09T14:57:29+00:00","twitter_card":"summary_large_image","schema":{"@context":"https:\/\/schema.org","@graph":[{"@type":"WebPage","@id":"https:\/\/scala.rzeszow.pl\/de\/inhaltsverzeichnis\/","url":"https:\/\/scala.rzeszow.pl\/de\/inhaltsverzeichnis\/","name":"Inhaltsverzeichnis - Scala","isPartOf":{"@id":"https:\/\/scala.rzeszow.pl\/de\/#website"},"datePublished":"2024-02-04T10:48:32+00:00","dateModified":"2024-10-09T14:57:29+00:00","description":"Inhaltsverzeichnis","breadcrumb":{"@id":"https:\/\/scala.rzeszow.pl\/de\/inhaltsverzeichnis\/#breadcrumb"},"inLanguage":"de","potentialAction":[{"@type":"ReadAction","target":["https:\/\/scala.rzeszow.pl\/de\/inhaltsverzeichnis\/"]}]},{"@type":"BreadcrumbList","@id":"https:\/\/scala.rzeszow.pl\/de\/inhaltsverzeichnis\/#breadcrumb","itemListElement":[{"@type":"ListItem","position":1,"name":"Strona g\u0142\u00f3wna","item":"https:\/\/scala.rzeszow.pl\/de\/homepage\/"},{"@type":"ListItem","position":2,"name":"Inhaltsverzeichnis"}]},{"@type":"WebSite","@id":"https:\/\/scala.rzeszow.pl\/de\/#website","url":"https:\/\/scala.rzeszow.pl\/de\/","name":"Scala","description":"","publisher":{"@id":"https:\/\/scala.rzeszow.pl\/de\/#organization"},"potentialAction":[{"@type":"SearchAction","target":{"@type":"EntryPoint","urlTemplate":"https:\/\/scala.rzeszow.pl\/de\/?s={search_term_string}"},"query-input":{"@type":"PropertyValueSpecification","valueRequired":true,"valueName":"search_term_string"}}],"inLanguage":"de"},{"@type":"Organization","@id":"https:\/\/scala.rzeszow.pl\/de\/#organization","name":"Scala","url":"https:\/\/scala.rzeszow.pl\/de\/","logo":{"@type":"ImageObject","inLanguage":"de","@id":"https:\/\/scala.rzeszow.pl\/de\/#\/schema\/logo\/image\/","url":"https:\/\/scala.rzeszow.pl\/wp-content\/uploads\/2024\/09\/logo-scala.svg","contentUrl":"https:\/\/scala.rzeszow.pl\/wp-content\/uploads\/2024\/09\/logo-scala.svg","width":271,"height":67,"caption":"Scala"},"image":{"@id":"https:\/\/scala.rzeszow.pl\/de\/#\/schema\/logo\/image\/"},"sameAs":["https:\/\/www.facebook.com\/ScalaBranding\/?fref=ts","https:\/\/www.linkedin.com\/company\/scalabranding\/","https:\/\/www.instagram.com\/scala_branding\/","https:\/\/www.youtube.com\/@scala_branding"]}]}},"_links":{"self":[{"href":"https:\/\/scala.rzeszow.pl\/de\/wp-json\/wp\/v2\/pages\/6269","targetHints":{"allow":["GET"]}}],"collection":[{"href":"https:\/\/scala.rzeszow.pl\/de\/wp-json\/wp\/v2\/pages"}],"about":[{"href":"https:\/\/scala.rzeszow.pl\/de\/wp-json\/wp\/v2\/types\/page"}],"author":[{"embeddable":true,"href":"https:\/\/scala.rzeszow.pl\/de\/wp-json\/wp\/v2\/users\/2"}],"replies":[{"embeddable":true,"href":"https:\/\/scala.rzeszow.pl\/de\/wp-json\/wp\/v2\/comments?post=6269"}],"version-history":[{"count":0,"href":"https:\/\/scala.rzeszow.pl\/de\/wp-json\/wp\/v2\/pages\/6269\/revisions"}],"wp:attachment":[{"href":"https:\/\/scala.rzeszow.pl\/de\/wp-json\/wp\/v2\/media?parent=6269"}],"curies":[{"name":"wp","href":"https:\/\/api.w.org\/{rel}","templated":true}]}}