{"id":6267,"date":"2023-12-07T21:08:11","date_gmt":"2023-12-07T21:08:11","guid":{"rendered":"http:\/\/scala.rzeszow.pl\/dankeschoen-proben\/"},"modified":"2025-11-07T14:33:34","modified_gmt":"2025-11-07T14:33:34","slug":"dankeschoen-proben","status":"publish","type":"page","link":"https:\/\/scala.rzeszow.pl\/de\/dankeschoen-proben\/","title":{"rendered":"Dankesch\u00f6n-Proben"},"content":{"rendered":"\t\t<div data-elementor-type=\"wp-page\" data-elementor-id=\"6267\" class=\"elementor elementor-6267 elementor-1211\" data-elementor-post-type=\"page\">\n\t\t\t\t<div class=\"elementor-element elementor-element-69dd426 e-con-full e-flex e-con e-parent\" data-id=\"69dd426\" data-element_type=\"container\" data-settings=\"{&quot;enable_glow_container&quot;:&quot;no&quot;}\">\n\t\t\t\t<div class=\"elementor-element elementor-element-8d2c86d elementor-widget elementor-widget-html\" data-id=\"8d2c86d\" data-element_type=\"widget\" data-widget_type=\"html.default\">\n\t\t\t\t<div class=\"elementor-widget-container\">\n\t\t\t\t\t<script>document.addEventListener(\"DOMContentLoaded\", function() {\n    function getQueryParam(param) {\n        var urlParams = new URLSearchParams(window.location.search);\n        return urlParams.get(param);\n    }\n    var zapotrzebowanie = getQueryParam('zapotrzebowanie');\n    if (zapotrzebowanie && zapotrzebowanie >= 1000) {\n        var lowDemandContainer = document.getElementById('niskie-zapotrzebowanie');\n        if (lowDemandContainer) {\n            lowDemandContainer.style.display = 'none';\n        }\n    }\n});\n<\/script>\t\t\t\t<\/div>\n\t\t\t\t<\/div>\n\t\t\t\t<div class=\"elementor-element elementor-element-d91a846 elementor-widget elementor-widget-heading\" data-id=\"d91a846\" data-element_type=\"widget\" data-widget_type=\"heading.default\">\n\t\t\t\t<div class=\"elementor-widget-container\">\n\t\t\t\t\t<h1 class=\"elementor-heading-title elementor-size-default\">Wir haben es geschafft! Ihre Nachricht ist bereits in unserem Posteingang <\/h1>\t\t\t\t<\/div>\n\t\t\t\t<\/div>\n\t\t\t\t<div class=\"elementor-element elementor-element-b8f8c10 elementor-widget elementor-widget-heading\" data-id=\"b8f8c10\" data-element_type=\"widget\" data-widget_type=\"heading.default\">\n\t\t\t\t<div class=\"elementor-widget-container\">\n\t\t\t\t\t<p class=\"elementor-heading-title elementor-size-default\">Pr\u00fcfen Sie die m\u00f6glichen Kennzeichnungsvarianten und entscheiden Sie, was Sie ben\u00f6tigen. <br>F\u00fcllen Sie das Formular aus oder rufen Sie an \u2013 608 657 836<\/p>\t\t\t\t<\/div>\n\t\t\t\t<\/div>\n\t\t\t\t<\/div>\n\t\t\t\t<\/div>\n\t\t","protected":false},"excerpt":{"rendered":"<p>Wir haben es geschafft! Ihre Nachricht ist bereits in unserem Posteingang Pr\u00fcfen Sie die m\u00f6glichen Kennzeichnungsvarianten und entscheiden Sie, was Sie ben\u00f6tigen. F\u00fcllen Sie das Formular aus oder rufen Sie an \u2013 608 657 836<\/p>\n","protected":false},"author":2,"featured_media":0,"parent":0,"menu_order":0,"comment_status":"closed","ping_status":"closed","template":"","meta":{"iawp_total_views":0,"footnotes":""},"class_list":["post-6267","page","type-page","status-publish","hentry"],"yoast_head":"<!-- This site is optimized with the Yoast SEO Premium plugin v24.6 (Yoast SEO v25.9) - https:\/\/yoast.com\/wordpress\/plugins\/seo\/ -->\n<title>Dankesch\u00f6n-Proben - Scala<\/title>\n<meta name=\"description\" content=\"Wir haben es geschafft! Ihre Nachricht ist bereits in unserem Posteingang Pr\u00fcfen Sie die m\u00f6glichen Kennzeichnungsvarianten und entscheiden Sie, was Sie\" \/>\n<meta name=\"robots\" content=\"index, follow, max-snippet:-1, max-image-preview:large, max-video-preview:-1\" \/>\n<link rel=\"canonical\" href=\"https:\/\/scala.rzeszow.pl\/de\/dankeschoen-proben\/\" \/>\n<meta property=\"og:locale\" content=\"de_DE\" \/>\n<meta property=\"og:type\" content=\"article\" \/>\n<meta property=\"og:title\" content=\"Dankesch\u00f6n-Proben\" \/>\n<meta property=\"og:description\" content=\"Wir haben es geschafft! Ihre Nachricht ist bereits in unserem Posteingang Pr\u00fcfen Sie die m\u00f6glichen Kennzeichnungsvarianten und entscheiden Sie, was Sie\" \/>\n<meta property=\"og:url\" content=\"https:\/\/scala.rzeszow.pl\/de\/dankeschoen-proben\/\" \/>\n<meta property=\"og:site_name\" content=\"Scala\" \/>\n<meta property=\"article:publisher\" content=\"https:\/\/www.facebook.com\/ScalaBranding\/?fref=ts\" \/>\n<meta property=\"article:modified_time\" content=\"2025-11-07T14:33:34+00:00\" \/>\n<meta name=\"twitter:card\" content=\"summary_large_image\" \/>\n<script type=\"application\/ld+json\" class=\"yoast-schema-graph\">{\"@context\":\"https:\/\/schema.org\",\"@graph\":[{\"@type\":\"WebPage\",\"@id\":\"https:\/\/scala.rzeszow.pl\/de\/dankeschoen-proben\/\",\"url\":\"https:\/\/scala.rzeszow.pl\/de\/dankeschoen-proben\/\",\"name\":\"Dankesch\u00f6n-Proben - Scala\",\"isPartOf\":{\"@id\":\"https:\/\/scala.rzeszow.pl\/de\/#website\"},\"datePublished\":\"2023-12-07T21:08:11+00:00\",\"dateModified\":\"2025-11-07T14:33:34+00:00\",\"description\":\"Wir haben es geschafft! Ihre Nachricht ist bereits in unserem Posteingang Pr\u00fcfen Sie die m\u00f6glichen Kennzeichnungsvarianten und entscheiden Sie, was Sie\",\"breadcrumb\":{\"@id\":\"https:\/\/scala.rzeszow.pl\/de\/dankeschoen-proben\/#breadcrumb\"},\"inLanguage\":\"de\",\"potentialAction\":[{\"@type\":\"ReadAction\",\"target\":[\"https:\/\/scala.rzeszow.pl\/de\/dankeschoen-proben\/\"]}]},{\"@type\":\"BreadcrumbList\",\"@id\":\"https:\/\/scala.rzeszow.pl\/de\/dankeschoen-proben\/#breadcrumb\",\"itemListElement\":[{\"@type\":\"ListItem\",\"position\":1,\"name\":\"Strona g\u0142\u00f3wna\",\"item\":\"https:\/\/scala.rzeszow.pl\/de\/homepage\/\"},{\"@type\":\"ListItem\",\"position\":2,\"name\":\"Dankesch\u00f6n-Proben\"}]},{\"@type\":\"WebSite\",\"@id\":\"https:\/\/scala.rzeszow.pl\/de\/#website\",\"url\":\"https:\/\/scala.rzeszow.pl\/de\/\",\"name\":\"Scala\",\"description\":\"\",\"publisher\":{\"@id\":\"https:\/\/scala.rzeszow.pl\/de\/#organization\"},\"potentialAction\":[{\"@type\":\"SearchAction\",\"target\":{\"@type\":\"EntryPoint\",\"urlTemplate\":\"https:\/\/scala.rzeszow.pl\/de\/?s={search_term_string}\"},\"query-input\":{\"@type\":\"PropertyValueSpecification\",\"valueRequired\":true,\"valueName\":\"search_term_string\"}}],\"inLanguage\":\"de\"},{\"@type\":\"Organization\",\"@id\":\"https:\/\/scala.rzeszow.pl\/de\/#organization\",\"name\":\"Scala\",\"url\":\"https:\/\/scala.rzeszow.pl\/de\/\",\"logo\":{\"@type\":\"ImageObject\",\"inLanguage\":\"de\",\"@id\":\"https:\/\/scala.rzeszow.pl\/de\/#\/schema\/logo\/image\/\",\"url\":\"https:\/\/scala.rzeszow.pl\/wp-content\/uploads\/2024\/09\/logo-scala.svg\",\"contentUrl\":\"https:\/\/scala.rzeszow.pl\/wp-content\/uploads\/2024\/09\/logo-scala.svg\",\"width\":271,\"height\":67,\"caption\":\"Scala\"},\"image\":{\"@id\":\"https:\/\/scala.rzeszow.pl\/de\/#\/schema\/logo\/image\/\"},\"sameAs\":[\"https:\/\/www.facebook.com\/ScalaBranding\/?fref=ts\",\"https:\/\/www.linkedin.com\/company\/scalabranding\/\",\"https:\/\/www.instagram.com\/scala_branding\/\",\"https:\/\/www.youtube.com\/@scala_branding\"]}]}<\/script>\n<!-- \/ Yoast SEO Premium plugin. -->","yoast_head_json":{"title":"Dankesch\u00f6n-Proben - Scala","description":"Wir haben es geschafft! Ihre Nachricht ist bereits in unserem Posteingang Pr\u00fcfen Sie die m\u00f6glichen Kennzeichnungsvarianten und entscheiden Sie, was Sie","robots":{"index":"index","follow":"follow","max-snippet":"max-snippet:-1","max-image-preview":"max-image-preview:large","max-video-preview":"max-video-preview:-1"},"canonical":"https:\/\/scala.rzeszow.pl\/de\/dankeschoen-proben\/","og_locale":"de_DE","og_type":"article","og_title":"Dankesch\u00f6n-Proben","og_description":"Wir haben es geschafft! Ihre Nachricht ist bereits in unserem Posteingang Pr\u00fcfen Sie die m\u00f6glichen Kennzeichnungsvarianten und entscheiden Sie, was Sie","og_url":"https:\/\/scala.rzeszow.pl\/de\/dankeschoen-proben\/","og_site_name":"Scala","article_publisher":"https:\/\/www.facebook.com\/ScalaBranding\/?fref=ts","article_modified_time":"2025-11-07T14:33:34+00:00","twitter_card":"summary_large_image","schema":{"@context":"https:\/\/schema.org","@graph":[{"@type":"WebPage","@id":"https:\/\/scala.rzeszow.pl\/de\/dankeschoen-proben\/","url":"https:\/\/scala.rzeszow.pl\/de\/dankeschoen-proben\/","name":"Dankesch\u00f6n-Proben - Scala","isPartOf":{"@id":"https:\/\/scala.rzeszow.pl\/de\/#website"},"datePublished":"2023-12-07T21:08:11+00:00","dateModified":"2025-11-07T14:33:34+00:00","description":"Wir haben es geschafft! Ihre Nachricht ist bereits in unserem Posteingang Pr\u00fcfen Sie die m\u00f6glichen Kennzeichnungsvarianten und entscheiden Sie, was Sie","breadcrumb":{"@id":"https:\/\/scala.rzeszow.pl\/de\/dankeschoen-proben\/#breadcrumb"},"inLanguage":"de","potentialAction":[{"@type":"ReadAction","target":["https:\/\/scala.rzeszow.pl\/de\/dankeschoen-proben\/"]}]},{"@type":"BreadcrumbList","@id":"https:\/\/scala.rzeszow.pl\/de\/dankeschoen-proben\/#breadcrumb","itemListElement":[{"@type":"ListItem","position":1,"name":"Strona g\u0142\u00f3wna","item":"https:\/\/scala.rzeszow.pl\/de\/homepage\/"},{"@type":"ListItem","position":2,"name":"Dankesch\u00f6n-Proben"}]},{"@type":"WebSite","@id":"https:\/\/scala.rzeszow.pl\/de\/#website","url":"https:\/\/scala.rzeszow.pl\/de\/","name":"Scala","description":"","publisher":{"@id":"https:\/\/scala.rzeszow.pl\/de\/#organization"},"potentialAction":[{"@type":"SearchAction","target":{"@type":"EntryPoint","urlTemplate":"https:\/\/scala.rzeszow.pl\/de\/?s={search_term_string}"},"query-input":{"@type":"PropertyValueSpecification","valueRequired":true,"valueName":"search_term_string"}}],"inLanguage":"de"},{"@type":"Organization","@id":"https:\/\/scala.rzeszow.pl\/de\/#organization","name":"Scala","url":"https:\/\/scala.rzeszow.pl\/de\/","logo":{"@type":"ImageObject","inLanguage":"de","@id":"https:\/\/scala.rzeszow.pl\/de\/#\/schema\/logo\/image\/","url":"https:\/\/scala.rzeszow.pl\/wp-content\/uploads\/2024\/09\/logo-scala.svg","contentUrl":"https:\/\/scala.rzeszow.pl\/wp-content\/uploads\/2024\/09\/logo-scala.svg","width":271,"height":67,"caption":"Scala"},"image":{"@id":"https:\/\/scala.rzeszow.pl\/de\/#\/schema\/logo\/image\/"},"sameAs":["https:\/\/www.facebook.com\/ScalaBranding\/?fref=ts","https:\/\/www.linkedin.com\/company\/scalabranding\/","https:\/\/www.instagram.com\/scala_branding\/","https:\/\/www.youtube.com\/@scala_branding"]}]}},"_links":{"self":[{"href":"https:\/\/scala.rzeszow.pl\/de\/wp-json\/wp\/v2\/pages\/6267","targetHints":{"allow":["GET"]}}],"collection":[{"href":"https:\/\/scala.rzeszow.pl\/de\/wp-json\/wp\/v2\/pages"}],"about":[{"href":"https:\/\/scala.rzeszow.pl\/de\/wp-json\/wp\/v2\/types\/page"}],"author":[{"embeddable":true,"href":"https:\/\/scala.rzeszow.pl\/de\/wp-json\/wp\/v2\/users\/2"}],"replies":[{"embeddable":true,"href":"https:\/\/scala.rzeszow.pl\/de\/wp-json\/wp\/v2\/comments?post=6267"}],"version-history":[{"count":6,"href":"https:\/\/scala.rzeszow.pl\/de\/wp-json\/wp\/v2\/pages\/6267\/revisions"}],"predecessor-version":[{"id":20451,"href":"https:\/\/scala.rzeszow.pl\/de\/wp-json\/wp\/v2\/pages\/6267\/revisions\/20451"}],"wp:attachment":[{"href":"https:\/\/scala.rzeszow.pl\/de\/wp-json\/wp\/v2\/media?parent=6267"}],"curies":[{"name":"wp","href":"https:\/\/api.w.org\/{rel}","templated":true}]}}