{"id":17337,"date":"2025-10-01T10:39:57","date_gmt":"2025-10-01T10:39:57","guid":{"rendered":"https:\/\/scala.rzeszow.pl\/?page_id=17337"},"modified":"2025-10-01T10:40:02","modified_gmt":"2025-10-01T10:40:02","slug":"karolina-pruchnik-7","status":"publish","type":"page","link":"https:\/\/scala.rzeszow.pl\/de\/kontakt\/karolina-pruchnik-7\/","title":{"rendered":"Karolina Pruchnik"},"content":{"rendered":"\t\t<div data-elementor-type=\"wp-page\" data-elementor-id=\"17337\" class=\"elementor elementor-17337 elementor-17335\" data-elementor-post-type=\"page\">\n\t\t\t\t<div class=\"elementor-element elementor-element-378bbe9 e-con-full e-flex e-con e-parent\" data-id=\"378bbe9\" data-element_type=\"container\" data-settings=\"{&quot;enable_glow_container&quot;:&quot;no&quot;}\">\n\t\t\t\t<div class=\"elementor-element elementor-element-2af5ea5 elementor-widget elementor-widget-heading\" data-id=\"2af5ea5\" data-element_type=\"widget\" data-settings=\"{&quot;custom-text-animation&quot;:&quot;type3&quot;}\" data-widget_type=\"heading.default\">\n\t\t\t\t<div class=\"elementor-widget-container\">\n\t\t\t\t\t<div data-animation-type=\"type3\" ><h2 class=\"elementor-heading-title elementor-size-default\">Karolina Pruchnik<\/h2><\/div>\t\t\t\t<\/div>\n\t\t\t\t<\/div>\n\t\t\t\t<\/div>\n\t\t<div class=\"elementor-element elementor-element-44276cc e-con-full e-flex e-con e-parent\" data-id=\"44276cc\" data-element_type=\"container\" data-settings=\"{&quot;enable_glow_container&quot;:&quot;no&quot;}\">\n\t\t<div class=\"elementor-element elementor-element-4e3e104 e-con-full e-flex e-con e-child\" data-id=\"4e3e104\" data-element_type=\"container\" data-settings=\"{&quot;background_background&quot;:&quot;classic&quot;,&quot;enable_glow_container&quot;:&quot;no&quot;}\">\n\t\t\t\t<div class=\"elementor-element elementor-element-0c12e27 elementor-widget elementor-widget-image\" data-id=\"0c12e27\" data-element_type=\"widget\" data-widget_type=\"image.default\">\n\t\t\t\t<div class=\"elementor-widget-container\">\n\t\t\t\t\t\t\t\t\t\t\t\t\t\t\t<img fetchpriority=\"high\" decoding=\"async\" width=\"800\" height=\"800\" src=\"https:\/\/scala.rzeszow.pl\/wp-content\/uploads\/2025\/06\/Karolina-1-1024x1024.png\" class=\"attachment-large size-large wp-image-13775\" alt=\"\" srcset=\"https:\/\/scala.rzeszow.pl\/wp-content\/uploads\/2025\/06\/Karolina-1-1024x1024.png 1024w, https:\/\/scala.rzeszow.pl\/wp-content\/uploads\/2025\/06\/Karolina-1-300x300.png 300w, https:\/\/scala.rzeszow.pl\/wp-content\/uploads\/2025\/06\/Karolina-1-150x150.png 150w, https:\/\/scala.rzeszow.pl\/wp-content\/uploads\/2025\/06\/Karolina-1-768x768.png 768w, https:\/\/scala.rzeszow.pl\/wp-content\/uploads\/2025\/06\/Karolina-1-600x600.png 600w, https:\/\/scala.rzeszow.pl\/wp-content\/uploads\/2025\/06\/Karolina-1-100x100.png 100w, https:\/\/scala.rzeszow.pl\/wp-content\/uploads\/2025\/06\/Karolina-1.png 1080w\" sizes=\"(max-width: 800px) 100vw, 800px\" \/>\t\t\t\t\t\t\t\t\t\t\t\t\t\t\t<\/div>\n\t\t\t\t<\/div>\n\t\t\t\t<\/div>\n\t\t<div class=\"elementor-element elementor-element-288531b e-con-full e-flex e-con e-child\" data-id=\"288531b\" data-element_type=\"container\" data-settings=\"{&quot;background_background&quot;:&quot;classic&quot;,&quot;enable_glow_container&quot;:&quot;no&quot;}\">\n\t\t\t\t<div class=\"elementor-element elementor-element-e6395cd elementor-widget elementor-widget-heading\" data-id=\"e6395cd\" data-element_type=\"widget\" data-widget_type=\"heading.default\">\n\t\t\t\t<div class=\"elementor-widget-container\">\n\t\t\t\t\t<h2 class=\"elementor-heading-title elementor-size-default\">Karolina Pruchnik <br><br>Leiterin des Kundendienstes\n<\/h2>\t\t\t\t<\/div>\n\t\t\t\t<\/div>\n\t\t\t\t<div class=\"elementor-element elementor-element-f323941 elementor-widget elementor-widget-text-editor\" data-id=\"f323941\" data-element_type=\"widget\" data-widget_type=\"text-editor.default\">\n\t\t\t\t<div class=\"elementor-widget-container\">\n\t\t\t\t\t\t\t\t\t<p><a href=\"tel:608657836\">+48 608 657 836<\/a> <br><a href=\"mailto:znakowanie@scala.rzeszow.pl\">znakowanie@scala.rzeszow.pl<\/a><\/p>\t\t\t\t\t\t\t\t<\/div>\n\t\t\t\t<\/div>\n\t\t\t\t<\/div>\n\t\t\t\t<\/div>\n\t\t<div class=\"elementor-element elementor-element-8563cb1 e-con-full e-flex e-con e-parent\" data-id=\"8563cb1\" data-element_type=\"container\" data-settings=\"{&quot;enable_glow_container&quot;:&quot;no&quot;}\">\n\t\t<div class=\"elementor-element elementor-element-522201a e-con-full e-flex e-con e-child\" data-id=\"522201a\" data-element_type=\"container\" data-settings=\"{&quot;background_background&quot;:&quot;classic&quot;,&quot;enable_glow_container&quot;:&quot;no&quot;}\">\n\t\t<div class=\"elementor-element elementor-element-7c289b3 e-con-full e-flex e-con e-child\" data-id=\"7c289b3\" data-element_type=\"container\" data-settings=\"{&quot;enable_glow_container&quot;:&quot;no&quot;}\">\n\t\t\t\t<div class=\"elementor-element elementor-element-2e305d6 elementor-widget elementor-widget-text-editor\" data-id=\"2e305d6\" data-element_type=\"widget\" data-widget_type=\"text-editor.default\">\n\t\t\t\t<div class=\"elementor-widget-container\">\n\t\t\t\t\t\t\t\t\t<p>Scannen Sie den QR-Code und verbinden Sie sich sofort mit uns.<\/p>\t\t\t\t\t\t\t\t<\/div>\n\t\t\t\t<\/div>\n\t\t\t\t<\/div>\n\t\t\t\t<div class=\"elementor-element elementor-element-1220ccc elementor-widget elementor-widget-image\" data-id=\"1220ccc\" data-element_type=\"widget\" data-widget_type=\"image.default\">\n\t\t\t\t<div class=\"elementor-widget-container\">\n\t\t\t\t\t\t\t\t\t\t\t\t\t\t\t<img decoding=\"async\" src=\"https:\/\/scala.rzeszow.pl\/wp-content\/uploads\/2024\/09\/scala-vcard.png\" title=\"\" alt=\"\" loading=\"lazy\" \/>\t\t\t\t\t\t\t\t\t\t\t\t\t\t\t<\/div>\n\t\t\t\t<\/div>\n\t\t\t\t<\/div>\n\t\t\t\t<\/div>\n\t\t<div class=\"elementor-element elementor-element-9fe7f40 e-con-full elementor-hidden-desktop elementor-hidden-tablet elementor-hidden-mobile e-flex e-con e-parent\" data-id=\"9fe7f40\" data-element_type=\"container\" data-settings=\"{&quot;enable_glow_container&quot;:&quot;no&quot;}\">\n\t\t\t\t<div class=\"elementor-element elementor-element-27b9115 elementor-widget elementor-widget-heading\" data-id=\"27b9115\" data-element_type=\"widget\" data-settings=\"{&quot;custom-text-animation&quot;:&quot;type3&quot;}\" data-widget_type=\"heading.default\">\n\t\t\t\t<div class=\"elementor-widget-container\">\n\t\t\t\t\t<div data-animation-type=\"type3\" ><h2 class=\"elementor-heading-title elementor-size-default\">Nichts kann ein Gespr\u00e4ch ersetzen. Unser Kundenservice beantwortet gerne Ihre Fragen <\/h2><\/div>\t\t\t\t<\/div>\n\t\t\t\t<\/div>\n\t\t\t\t<\/div>\n\t\t<div class=\"elementor-element elementor-element-42d4807 e-con-full e-flex e-con e-parent\" data-id=\"42d4807\" data-element_type=\"container\" data-settings=\"{&quot;enable_glow_container&quot;:&quot;no&quot;}\">\n\t\t<div class=\"elementor-element elementor-element-65436cc e-con-full e-flex e-con e-child\" data-id=\"65436cc\" data-element_type=\"container\" data-settings=\"{&quot;background_background&quot;:&quot;classic&quot;,&quot;enable_glow_container&quot;:&quot;no&quot;}\">\n\t\t\t\t<div class=\"elementor-element elementor-element-d5fa13c elementor-widget elementor-widget-text-editor\" data-id=\"d5fa13c\" data-element_type=\"widget\" data-widget_type=\"text-editor.default\">\n\t\t\t\t<div class=\"elementor-widget-container\">\n\t\t\t\t\t\t\t\t\t<p><br>Sie k\u00f6nnen uns in der Woiwodschaft Podkarpackie finden.<\/p>\t\t\t\t\t\t\t\t<\/div>\n\t\t\t\t<\/div>\n\t\t\t\t<div class=\"elementor-element elementor-element-e9ff693 elementor-widget elementor-widget-text-editor\" data-id=\"e9ff693\" data-element_type=\"widget\" data-widget_type=\"text-editor.default\">\n\t\t\t\t<div class=\"elementor-widget-container\">\n\t\t\t\t\t\t\t\t\t<p>Wir werden Sie \u00fcberall auf der Welt finden.<\/p>\t\t\t\t\t\t\t\t<\/div>\n\t\t\t\t<\/div>\n\t\t\t\t<div class=\"elementor-element elementor-element-40cabda elementor-align-left elementor-widget elementor-widget-button\" data-id=\"40cabda\" data-element_type=\"widget\" data-widget_type=\"button.default\">\n\t\t\t\t<div class=\"elementor-widget-container\">\n\t\t\t\t\t\t\t\t\t<div class=\"elementor-button-wrapper\">\n\t\t\t\t\t<a class=\"elementor-button elementor-button-link elementor-size-sm\" href=\"tel:+48608657836\u2028\">\n\t\t\t\t\t\t<span class=\"elementor-button-content-wrapper\">\n\t\t\t\t\t\t<span class=\"elementor-button-icon\">\n\t\t\t\t<i aria-hidden=\"true\" class=\"fas fa-phone-alt\"><\/i>\t\t\t<\/span>\n\t\t\t\t\t\t\t\t\t<span class=\"elementor-button-text\">Jetzt anrufen<\/span>\n\t\t\t\t\t<\/span>\n\t\t\t\t\t<\/a>\n\t\t\t\t<\/div>\n\t\t\t\t\t\t\t\t<\/div>\n\t\t\t\t<\/div>\n\t\t\t\t<\/div>\n\t\t<div class=\"elementor-element elementor-element-1639b0a e-con-full e-flex e-con e-child\" data-id=\"1639b0a\" data-element_type=\"container\" data-settings=\"{&quot;background_background&quot;:&quot;classic&quot;,&quot;enable_glow_container&quot;:&quot;no&quot;}\">\n\t\t\t\t<div class=\"elementor-element elementor-element-bc7ca38 elementor-widget elementor-widget-google_maps\" data-id=\"bc7ca38\" data-element_type=\"widget\" data-widget_type=\"google_maps.default\">\n\t\t\t\t<div class=\"elementor-widget-container\">\n\t\t\t\t\t\t\t<div class=\"elementor-custom-embed\">\n\t\t\t<iframe loading=\"lazy\"\n\t\t\t\t\tsrc=\"https:\/\/maps.google.com\/maps?q=SCALA%20Producent%20znakowania&#038;t=m&#038;z=14&#038;output=embed&#038;iwloc=near\"\n\t\t\t\t\ttitle=\"SCALA Producent znakowania\"\n\t\t\t\t\taria-label=\"SCALA Producent znakowania\"\n\t\t\t><\/iframe>\n\t\t<\/div>\n\t\t\t\t\t\t<\/div>\n\t\t\t\t<\/div>\n\t\t\t\t<\/div>\n\t\t\t\t<\/div>\n\t\t<div class=\"elementor-element elementor-element-fb13028 e-con-full e-flex e-con e-parent\" data-id=\"fb13028\" data-element_type=\"container\" data-settings=\"{&quot;background_background&quot;:&quot;classic&quot;,&quot;enable_glow_container&quot;:&quot;no&quot;}\">\n\t\t<div class=\"elementor-element elementor-element-028ce65 e-flex e-con-boxed e-con e-child\" data-id=\"028ce65\" data-element_type=\"container\" data-settings=\"{&quot;enable_glow_container&quot;:&quot;no&quot;}\">\n\t\t\t\t\t<div class=\"e-con-inner\">\n\t\t\t\t<div class=\"elementor-element elementor-element-483b6c4 elementor-widget elementor-widget-text-editor\" data-id=\"483b6c4\" data-element_type=\"widget\" data-widget_type=\"text-editor.default\">\n\t\t\t\t<div class=\"elementor-widget-container\">\n\t\t\t\t\t\t\t\t\t<p>Firmensitz:<\/p><p>SCALA Sp. z o.o. sp. k.  <\/p><p>Rakszawa 334<br>37-111 Rakszawa<\/p>\t\t\t\t\t\t\t\t<\/div>\n\t\t\t\t<\/div>\n\t\t\t\t<div class=\"elementor-element elementor-element-2b214ec elementor-widget elementor-widget-text-editor\" data-id=\"2b214ec\" data-element_type=\"widget\" data-widget_type=\"text-editor.default\">\n\t\t\t\t<div class=\"elementor-widget-container\">\n\t\t\t\t\t\t\t\t\t<p>Registrierungs-\/Rechnungsdaten:<\/p><p>SCALA Sp. z o.o. Kommanditgesellschaft <\/p><p>ul. Syrokomli 1A<br>35-210 Rzesz\u00f3w <\/p><p>NIP: 873 28 46 120<br>Regon: 851812331<br>KRS: 0000432215<\/p>\t\t\t\t\t\t\t\t<\/div>\n\t\t\t\t<\/div>\n\t\t\t\t<div class=\"elementor-element elementor-element-8dd583d elementor-widget elementor-widget-text-editor\" data-id=\"8dd583d\" data-element_type=\"widget\" data-widget_type=\"text-editor.default\">\n\t\t\t\t<div class=\"elementor-widget-container\">\n\t\t\t\t\t\t\t\t\t<p>Eingetragen <br>im Landesgerichtsregister<br>am 11.09.2012.<br>Bezirksgericht Rzesz\u00f3w, <br>XII. Wirtschaftsabteilung<br>des Landesgerichtsregisters<br>Aktenzeichen <br>RZ.XII NS-REJ.KRS\/12768\/12\/997<br>Vorstandsvorsitzender Tomasz Stachowicz<\/p>\t\t\t\t\t\t\t\t<\/div>\n\t\t\t\t<\/div>\n\t\t\t\t\t<\/div>\n\t\t\t\t<\/div>\n\t\t\t\t<\/div>\n\t\t\t\t<\/div>\n\t\t","protected":false},"excerpt":{"rendered":"<p>Karolina Pruchnik Karolina Pruchnik Leiterin des Kundendienstes +48 608 657 836 znakowanie@scala.rzeszow.pl Scannen Sie den QR-Code und verbinden Sie sich sofort mit uns. Nichts kann ein Gespr\u00e4ch ersetzen. Unser Kundenservice beantwortet gerne Ihre Fragen Sie k\u00f6nnen uns in der Woiwodschaft Podkarpackie finden. Wir werden Sie \u00fcberall auf der Welt finden. Jetzt anrufen Firmensitz: SCALA Sp. [&hellip;]<\/p>\n","protected":false},"author":5,"featured_media":0,"parent":6280,"menu_order":0,"comment_status":"closed","ping_status":"closed","template":"","meta":{"iawp_total_views":0,"footnotes":""},"class_list":["post-17337","page","type-page","status-publish","hentry"],"yoast_head":"<!-- This site is optimized with the Yoast SEO Premium plugin v24.6 (Yoast SEO v25.9) - https:\/\/yoast.com\/wordpress\/plugins\/seo\/ -->\n<title>Karolina Pruchnik - Scala<\/title>\n<meta name=\"description\" content=\"Karolina Pruchnik Karolina Pruchnik Leiterin des Kundendienstes +48 608 657 836 znakowanie@scala.rzeszow.plScannen Sie den QR-Code und verbinden Sie sich\" \/>\n<meta name=\"robots\" content=\"index, follow, max-snippet:-1, max-image-preview:large, max-video-preview:-1\" \/>\n<link rel=\"canonical\" href=\"https:\/\/scala.rzeszow.pl\/de\/kontakt\/karolina-pruchnik-7\/\" \/>\n<meta property=\"og:locale\" content=\"de_DE\" \/>\n<meta property=\"og:type\" content=\"article\" \/>\n<meta property=\"og:title\" content=\"Karolina Pruchnik\" \/>\n<meta property=\"og:description\" content=\"Karolina Pruchnik Karolina Pruchnik Leiterin des Kundendienstes +48 608 657 836 znakowanie@scala.rzeszow.plScannen Sie den QR-Code und verbinden Sie sich\" \/>\n<meta property=\"og:url\" content=\"https:\/\/scala.rzeszow.pl\/de\/kontakt\/karolina-pruchnik-7\/\" \/>\n<meta property=\"og:site_name\" content=\"Scala\" \/>\n<meta property=\"article:publisher\" content=\"https:\/\/www.facebook.com\/ScalaBranding\/?fref=ts\" \/>\n<meta property=\"article:modified_time\" content=\"2025-10-01T10:40:02+00:00\" \/>\n<meta property=\"og:image\" content=\"https:\/\/scala.rzeszow.pl\/wp-content\/uploads\/2025\/06\/Karolina-1-1024x1024.png\" \/>\n<meta name=\"twitter:card\" content=\"summary_large_image\" \/>\n<script type=\"application\/ld+json\" class=\"yoast-schema-graph\">{\"@context\":\"https:\/\/schema.org\",\"@graph\":[{\"@type\":\"WebPage\",\"@id\":\"https:\/\/scala.rzeszow.pl\/de\/kontakt\/karolina-pruchnik-7\/\",\"url\":\"https:\/\/scala.rzeszow.pl\/de\/kontakt\/karolina-pruchnik-7\/\",\"name\":\"Karolina Pruchnik - Scala\",\"isPartOf\":{\"@id\":\"https:\/\/scala.rzeszow.pl\/de\/#website\"},\"primaryImageOfPage\":{\"@id\":\"https:\/\/scala.rzeszow.pl\/de\/kontakt\/karolina-pruchnik-7\/#primaryimage\"},\"image\":{\"@id\":\"https:\/\/scala.rzeszow.pl\/de\/kontakt\/karolina-pruchnik-7\/#primaryimage\"},\"thumbnailUrl\":\"https:\/\/scala.rzeszow.pl\/wp-content\/uploads\/2025\/06\/Karolina-1-1024x1024.png\",\"datePublished\":\"2025-10-01T10:39:57+00:00\",\"dateModified\":\"2025-10-01T10:40:02+00:00\",\"description\":\"Karolina Pruchnik Karolina Pruchnik Leiterin des Kundendienstes +48 608 657 836 znakowanie@scala.rzeszow.plScannen Sie den QR-Code und verbinden Sie sich\",\"breadcrumb\":{\"@id\":\"https:\/\/scala.rzeszow.pl\/de\/kontakt\/karolina-pruchnik-7\/#breadcrumb\"},\"inLanguage\":\"de\",\"potentialAction\":[{\"@type\":\"ReadAction\",\"target\":[\"https:\/\/scala.rzeszow.pl\/de\/kontakt\/karolina-pruchnik-7\/\"]}]},{\"@type\":\"ImageObject\",\"inLanguage\":\"de\",\"@id\":\"https:\/\/scala.rzeszow.pl\/de\/kontakt\/karolina-pruchnik-7\/#primaryimage\",\"url\":\"https:\/\/scala.rzeszow.pl\/wp-content\/uploads\/2025\/06\/Karolina-1-1024x1024.png\",\"contentUrl\":\"https:\/\/scala.rzeszow.pl\/wp-content\/uploads\/2025\/06\/Karolina-1-1024x1024.png\"},{\"@type\":\"BreadcrumbList\",\"@id\":\"https:\/\/scala.rzeszow.pl\/de\/kontakt\/karolina-pruchnik-7\/#breadcrumb\",\"itemListElement\":[{\"@type\":\"ListItem\",\"position\":1,\"name\":\"Strona g\u0142\u00f3wna\",\"item\":\"https:\/\/scala.rzeszow.pl\/de\/homepage\/\"},{\"@type\":\"ListItem\",\"position\":2,\"name\":\"Kontakt\",\"item\":\"https:\/\/scala.rzeszow.pl\/de\/kontakt\/\"},{\"@type\":\"ListItem\",\"position\":3,\"name\":\"Karolina Pruchnik\"}]},{\"@type\":\"WebSite\",\"@id\":\"https:\/\/scala.rzeszow.pl\/de\/#website\",\"url\":\"https:\/\/scala.rzeszow.pl\/de\/\",\"name\":\"Scala\",\"description\":\"\",\"publisher\":{\"@id\":\"https:\/\/scala.rzeszow.pl\/de\/#organization\"},\"potentialAction\":[{\"@type\":\"SearchAction\",\"target\":{\"@type\":\"EntryPoint\",\"urlTemplate\":\"https:\/\/scala.rzeszow.pl\/de\/?s={search_term_string}\"},\"query-input\":{\"@type\":\"PropertyValueSpecification\",\"valueRequired\":true,\"valueName\":\"search_term_string\"}}],\"inLanguage\":\"de\"},{\"@type\":\"Organization\",\"@id\":\"https:\/\/scala.rzeszow.pl\/de\/#organization\",\"name\":\"Scala\",\"url\":\"https:\/\/scala.rzeszow.pl\/de\/\",\"logo\":{\"@type\":\"ImageObject\",\"inLanguage\":\"de\",\"@id\":\"https:\/\/scala.rzeszow.pl\/de\/#\/schema\/logo\/image\/\",\"url\":\"https:\/\/scala.rzeszow.pl\/wp-content\/uploads\/2024\/09\/logo-scala.svg\",\"contentUrl\":\"https:\/\/scala.rzeszow.pl\/wp-content\/uploads\/2024\/09\/logo-scala.svg\",\"width\":271,\"height\":67,\"caption\":\"Scala\"},\"image\":{\"@id\":\"https:\/\/scala.rzeszow.pl\/de\/#\/schema\/logo\/image\/\"},\"sameAs\":[\"https:\/\/www.facebook.com\/ScalaBranding\/?fref=ts\",\"https:\/\/www.linkedin.com\/company\/scalabranding\/\",\"https:\/\/www.instagram.com\/scala_branding\/\",\"https:\/\/www.youtube.com\/@scala_branding\"]}]}<\/script>\n<!-- \/ Yoast SEO Premium plugin. -->","yoast_head_json":{"title":"Karolina Pruchnik - Scala","description":"Karolina Pruchnik Karolina Pruchnik Leiterin des Kundendienstes +48 608 657 836 znakowanie@scala.rzeszow.plScannen Sie den QR-Code und verbinden Sie sich","robots":{"index":"index","follow":"follow","max-snippet":"max-snippet:-1","max-image-preview":"max-image-preview:large","max-video-preview":"max-video-preview:-1"},"canonical":"https:\/\/scala.rzeszow.pl\/de\/kontakt\/karolina-pruchnik-7\/","og_locale":"de_DE","og_type":"article","og_title":"Karolina Pruchnik","og_description":"Karolina Pruchnik Karolina Pruchnik Leiterin des Kundendienstes +48 608 657 836 znakowanie@scala.rzeszow.plScannen Sie den QR-Code und verbinden Sie sich","og_url":"https:\/\/scala.rzeszow.pl\/de\/kontakt\/karolina-pruchnik-7\/","og_site_name":"Scala","article_publisher":"https:\/\/www.facebook.com\/ScalaBranding\/?fref=ts","article_modified_time":"2025-10-01T10:40:02+00:00","og_image":[{"url":"https:\/\/scala.rzeszow.pl\/wp-content\/uploads\/2025\/06\/Karolina-1-1024x1024.png","type":"","width":"","height":""}],"twitter_card":"summary_large_image","schema":{"@context":"https:\/\/schema.org","@graph":[{"@type":"WebPage","@id":"https:\/\/scala.rzeszow.pl\/de\/kontakt\/karolina-pruchnik-7\/","url":"https:\/\/scala.rzeszow.pl\/de\/kontakt\/karolina-pruchnik-7\/","name":"Karolina Pruchnik - Scala","isPartOf":{"@id":"https:\/\/scala.rzeszow.pl\/de\/#website"},"primaryImageOfPage":{"@id":"https:\/\/scala.rzeszow.pl\/de\/kontakt\/karolina-pruchnik-7\/#primaryimage"},"image":{"@id":"https:\/\/scala.rzeszow.pl\/de\/kontakt\/karolina-pruchnik-7\/#primaryimage"},"thumbnailUrl":"https:\/\/scala.rzeszow.pl\/wp-content\/uploads\/2025\/06\/Karolina-1-1024x1024.png","datePublished":"2025-10-01T10:39:57+00:00","dateModified":"2025-10-01T10:40:02+00:00","description":"Karolina Pruchnik Karolina Pruchnik Leiterin des Kundendienstes +48 608 657 836 znakowanie@scala.rzeszow.plScannen Sie den QR-Code und verbinden Sie sich","breadcrumb":{"@id":"https:\/\/scala.rzeszow.pl\/de\/kontakt\/karolina-pruchnik-7\/#breadcrumb"},"inLanguage":"de","potentialAction":[{"@type":"ReadAction","target":["https:\/\/scala.rzeszow.pl\/de\/kontakt\/karolina-pruchnik-7\/"]}]},{"@type":"ImageObject","inLanguage":"de","@id":"https:\/\/scala.rzeszow.pl\/de\/kontakt\/karolina-pruchnik-7\/#primaryimage","url":"https:\/\/scala.rzeszow.pl\/wp-content\/uploads\/2025\/06\/Karolina-1-1024x1024.png","contentUrl":"https:\/\/scala.rzeszow.pl\/wp-content\/uploads\/2025\/06\/Karolina-1-1024x1024.png"},{"@type":"BreadcrumbList","@id":"https:\/\/scala.rzeszow.pl\/de\/kontakt\/karolina-pruchnik-7\/#breadcrumb","itemListElement":[{"@type":"ListItem","position":1,"name":"Strona g\u0142\u00f3wna","item":"https:\/\/scala.rzeszow.pl\/de\/homepage\/"},{"@type":"ListItem","position":2,"name":"Kontakt","item":"https:\/\/scala.rzeszow.pl\/de\/kontakt\/"},{"@type":"ListItem","position":3,"name":"Karolina Pruchnik"}]},{"@type":"WebSite","@id":"https:\/\/scala.rzeszow.pl\/de\/#website","url":"https:\/\/scala.rzeszow.pl\/de\/","name":"Scala","description":"","publisher":{"@id":"https:\/\/scala.rzeszow.pl\/de\/#organization"},"potentialAction":[{"@type":"SearchAction","target":{"@type":"EntryPoint","urlTemplate":"https:\/\/scala.rzeszow.pl\/de\/?s={search_term_string}"},"query-input":{"@type":"PropertyValueSpecification","valueRequired":true,"valueName":"search_term_string"}}],"inLanguage":"de"},{"@type":"Organization","@id":"https:\/\/scala.rzeszow.pl\/de\/#organization","name":"Scala","url":"https:\/\/scala.rzeszow.pl\/de\/","logo":{"@type":"ImageObject","inLanguage":"de","@id":"https:\/\/scala.rzeszow.pl\/de\/#\/schema\/logo\/image\/","url":"https:\/\/scala.rzeszow.pl\/wp-content\/uploads\/2024\/09\/logo-scala.svg","contentUrl":"https:\/\/scala.rzeszow.pl\/wp-content\/uploads\/2024\/09\/logo-scala.svg","width":271,"height":67,"caption":"Scala"},"image":{"@id":"https:\/\/scala.rzeszow.pl\/de\/#\/schema\/logo\/image\/"},"sameAs":["https:\/\/www.facebook.com\/ScalaBranding\/?fref=ts","https:\/\/www.linkedin.com\/company\/scalabranding\/","https:\/\/www.instagram.com\/scala_branding\/","https:\/\/www.youtube.com\/@scala_branding"]}]}},"_links":{"self":[{"href":"https:\/\/scala.rzeszow.pl\/de\/wp-json\/wp\/v2\/pages\/17337","targetHints":{"allow":["GET"]}}],"collection":[{"href":"https:\/\/scala.rzeszow.pl\/de\/wp-json\/wp\/v2\/pages"}],"about":[{"href":"https:\/\/scala.rzeszow.pl\/de\/wp-json\/wp\/v2\/types\/page"}],"author":[{"embeddable":true,"href":"https:\/\/scala.rzeszow.pl\/de\/wp-json\/wp\/v2\/users\/5"}],"replies":[{"embeddable":true,"href":"https:\/\/scala.rzeszow.pl\/de\/wp-json\/wp\/v2\/comments?post=17337"}],"version-history":[{"count":1,"href":"https:\/\/scala.rzeszow.pl\/de\/wp-json\/wp\/v2\/pages\/17337\/revisions"}],"predecessor-version":[{"id":17339,"href":"https:\/\/scala.rzeszow.pl\/de\/wp-json\/wp\/v2\/pages\/17337\/revisions\/17339"}],"up":[{"embeddable":true,"href":"https:\/\/scala.rzeszow.pl\/de\/wp-json\/wp\/v2\/pages\/6280"}],"wp:attachment":[{"href":"https:\/\/scala.rzeszow.pl\/de\/wp-json\/wp\/v2\/media?parent=17337"}],"curies":[{"name":"wp","href":"https:\/\/api.w.org\/{rel}","templated":true}]}}